{"id":98,"date":"2025-04-02T19:18:15","date_gmt":"2025-04-02T17:18:15","guid":{"rendered":"https:\/\/kitefoilwing.com\/?post_type=product&#038;p=98"},"modified":"2025-06-02T14:44:36","modified_gmt":"2025-06-02T14:44:36","slug":"foil-sabfoil-1200","status":"publish","type":"product","link":"https:\/\/kitefoilwing.com\/?product=foil-sabfoil-1200","title":{"rendered":"Foil Carbonglas"},"content":{"rendered":"<div><span class=\"block text-base font-bold\">Rango<\/span><span class=\"block font-medium text-gray-700\">Carbonglass<\/span><\/div>\n<div>\n<p>Una amplio abanico de posibilidades.<\/p>\n<p>Alas delanteras: 1250, 1100, 940, 799, 699<\/p>\n<p>Estabilizadores: 430, 483.<\/p>\n<p>Fuselajes: 703, 903.<\/p>\n<p>Altura mastiles: 70, 80.<\/p>\n<\/div>\n<div><span class=\"block text-base font-bold\">Recomendado para<\/span><span class=\"block font-medium text-gray-700\">Freeride &#8211; Estilo libre &#8211; Ola<\/span><\/div>\n<div><span class=\"block text-base font-bold\">Velocidad de despegue <\/span><span class=\"block font-medium text-gray-700\">13 &#8211; 15 nudos &#8211; segun medida<\/span><\/div>\n<div><span class=\"block text-base font-bold\">Velocidad m\u00e1xima (usuario promedio de 80 kg)<\/span><span class=\"block font-medium text-gray-700\">25 &#8211; 27 nudos &#8211; segun medida.<\/span><\/div>\n","protected":false},"excerpt":{"rendered":"<p>El foil Carbonglass fue creada para ofrecerle equipos dignos del rendimiento de SABFOIL a un precio asequible, sin recurrir a m\u00e1stiles de aluminio.<\/p>\n<p>Para reducir costos, hemos redise\u00f1ado las capas de algunos de nuestros modelos hist\u00f3ricos, combinando fibra de carbono y fibra de vidrio para crear una mezcla dedicada para cada pieza, garantizando la calidad y el rendimiento manteniendo el precio lo m\u00e1s bajo posible.<\/p>\n<p>Una amplio abanico de posibilidades.<\/p>\n<p>Alas delanteras: 1250, 1100, 940, 799, 699<\/p>\n<p>Estabilizadores: 430, 483.<\/p>\n<p>Fuselajes: 703, 903.<\/p>\n<p>Altura mastiles: 70, 80.<\/p>\n<p>Aplicamos el mismo principio a los m\u00e1stiles, optando por un perfil m\u00e1s grueso y r\u00edgido y pegando la placa de carbono, eliminando toda la torniller\u00eda y convirti\u00e9ndolo en un monobloque superr\u00edgido.<\/p>\n<p>Tanto si eres un usuario experto como un principiante, \u00a1la serie Carbonglass elimina cualquier barrera para entrar al agua y disfrutar de este maravilloso deporte!<\/p>\n","protected":false},"featured_media":832,"comment_status":"open","ping_status":"closed","template":"","meta":[],"product_brand":[],"product_cat":[22],"product_tag":[],"class_list":{"0":"post-98","1":"product","2":"type-product","3":"status-publish","4":"has-post-thumbnail","6":"product_cat-sabfoil","8":"first","9":"outofstock","10":"shipping-taxable","11":"purchasable","12":"product-type-variable"},"yoast_head":"<!-- This site is optimized with the Yoast SEO plugin v26.7 - https:\/\/yoast.com\/wordpress\/plugins\/seo\/ -->\n<title>Foil Carbonglas - KiteFoilWing<\/title>\n<meta name=\"robots\" content=\"index, follow, max-snippet:-1, max-image-preview:large, max-video-preview:-1\" \/>\n<link rel=\"canonical\" href=\"https:\/\/kitefoilwing.com\/?product=foil-sabfoil-1200\" \/>\n<meta property=\"og:locale\" content=\"es_ES\" \/>\n<meta property=\"og:type\" content=\"article\" \/>\n<meta property=\"og:title\" content=\"Foil Carbonglas - KiteFoilWing\" \/>\n<meta property=\"og:description\" content=\"El foil Carbonglass fue creada para ofrecerle equipos dignos del rendimiento de SABFOIL a un precio asequible, sin recurrir a m\u00e1stiles de aluminio.  Para reducir costos, hemos redise\u00f1ado las capas de algunos de nuestros modelos hist\u00f3ricos, combinando fibra de carbono y fibra de vidrio para crear una mezcla dedicada para cada pieza, garantizando la calidad y el rendimiento manteniendo el precio lo m\u00e1s bajo posible.  Una amplio abanico de posibilidades.  Alas delanteras: 1250, 1100, 940, 799, 699  Estabilizadores: 430, 483.  Fuselajes: 703, 903.  Altura mastiles: 70, 80.  Aplicamos el mismo principio a los m\u00e1stiles, optando por un perfil m\u00e1s grueso y r\u00edgido y pegando la placa de carbono, eliminando toda la torniller\u00eda y convirti\u00e9ndolo en un monobloque superr\u00edgido.  Tanto si eres un usuario experto como un principiante, \u00a1la serie Carbonglass elimina cualquier barrera para entrar al agua y disfrutar de este maravilloso deporte!\" \/>\n<meta property=\"og:url\" content=\"https:\/\/kitefoilwing.com\/?product=foil-sabfoil-1200\" \/>\n<meta property=\"og:site_name\" content=\"KiteFoilWing\" \/>\n<meta property=\"article:modified_time\" content=\"2025-06-02T14:44:36+00:00\" \/>\n<meta property=\"og:image\" content=\"https:\/\/kitefoilwing.com\/wp-content\/uploads\/2025\/04\/Carbonglas669-80.jpg\" \/>\n\t<meta property=\"og:image:width\" content=\"1440\" \/>\n\t<meta property=\"og:image:height\" content=\"1080\" \/>\n\t<meta property=\"og:image:type\" content=\"image\/jpeg\" \/>\n<meta name=\"twitter:card\" content=\"summary_large_image\" \/>\n<meta name=\"twitter:label1\" content=\"Tiempo de lectura\" \/>\n\t<meta name=\"twitter:data1\" content=\"1 minuto\" \/>\n<script type=\"application\/ld+json\" class=\"yoast-schema-graph\">{\"@context\":\"https:\/\/schema.org\",\"@graph\":[{\"@type\":\"WebPage\",\"@id\":\"https:\/\/kitefoilwing.com\/?product=foil-sabfoil-1200\",\"url\":\"https:\/\/kitefoilwing.com\/?product=foil-sabfoil-1200\",\"name\":\"Foil Carbonglas - KiteFoilWing\",\"isPartOf\":{\"@id\":\"https:\/\/kitefoilwing.com\/#website\"},\"primaryImageOfPage\":{\"@id\":\"https:\/\/kitefoilwing.com\/?product=foil-sabfoil-1200#primaryimage\"},\"image\":{\"@id\":\"https:\/\/kitefoilwing.com\/?product=foil-sabfoil-1200#primaryimage\"},\"thumbnailUrl\":\"https:\/\/kitefoilwing.com\/wp-content\/uploads\/2025\/04\/Carbonglas669-80.jpg\",\"datePublished\":\"2025-04-02T17:18:15+00:00\",\"dateModified\":\"2025-06-02T14:44:36+00:00\",\"breadcrumb\":{\"@id\":\"https:\/\/kitefoilwing.com\/?product=foil-sabfoil-1200#breadcrumb\"},\"inLanguage\":\"es\",\"potentialAction\":[{\"@type\":\"ReadAction\",\"target\":[\"https:\/\/kitefoilwing.com\/?product=foil-sabfoil-1200\"]}]},{\"@type\":\"ImageObject\",\"inLanguage\":\"es\",\"@id\":\"https:\/\/kitefoilwing.com\/?product=foil-sabfoil-1200#primaryimage\",\"url\":\"https:\/\/kitefoilwing.com\/wp-content\/uploads\/2025\/04\/Carbonglas669-80.jpg\",\"contentUrl\":\"https:\/\/kitefoilwing.com\/wp-content\/uploads\/2025\/04\/Carbonglas669-80.jpg\",\"width\":1440,\"height\":1080},{\"@type\":\"BreadcrumbList\",\"@id\":\"https:\/\/kitefoilwing.com\/?product=foil-sabfoil-1200#breadcrumb\",\"itemListElement\":[{\"@type\":\"ListItem\",\"position\":1,\"name\":\"Portada\",\"item\":\"https:\/\/kitefoilwing.com\/\"},{\"@type\":\"ListItem\",\"position\":2,\"name\":\"Tienda\",\"item\":\"https:\/\/kitefoilwing.com\/?page_id=6\"},{\"@type\":\"ListItem\",\"position\":3,\"name\":\"Foil Carbonglas\"}]},{\"@type\":\"WebSite\",\"@id\":\"https:\/\/kitefoilwing.com\/#website\",\"url\":\"https:\/\/kitefoilwing.com\/\",\"name\":\"KiteFoilWing\",\"description\":\"venta de kite foil wing\",\"publisher\":{\"@id\":\"https:\/\/kitefoilwing.com\/#organization\"},\"potentialAction\":[{\"@type\":\"SearchAction\",\"target\":{\"@type\":\"EntryPoint\",\"urlTemplate\":\"https:\/\/kitefoilwing.com\/?s={search_term_string}\"},\"query-input\":{\"@type\":\"PropertyValueSpecification\",\"valueRequired\":true,\"valueName\":\"search_term_string\"}}],\"inLanguage\":\"es\"},{\"@type\":\"Organization\",\"@id\":\"https:\/\/kitefoilwing.com\/#organization\",\"name\":\"KiteFoilWing\",\"url\":\"https:\/\/kitefoilwing.com\/\",\"logo\":{\"@type\":\"ImageObject\",\"inLanguage\":\"es\",\"@id\":\"https:\/\/kitefoilwing.com\/#\/schema\/logo\/image\/\",\"url\":\"https:\/\/kitefoilwing.com\/wp-content\/uploads\/2025\/05\/LogoWeb.jpg\",\"contentUrl\":\"https:\/\/kitefoilwing.com\/wp-content\/uploads\/2025\/05\/LogoWeb.jpg\",\"width\":725,\"height\":81,\"caption\":\"KiteFoilWing\"},\"image\":{\"@id\":\"https:\/\/kitefoilwing.com\/#\/schema\/logo\/image\/\"}}]}<\/script>\n<!-- \/ Yoast SEO plugin. -->","yoast_head_json":{"title":"Foil Carbonglas - KiteFoilWing","robots":{"index":"index","follow":"follow","max-snippet":"max-snippet:-1","max-image-preview":"max-image-preview:large","max-video-preview":"max-video-preview:-1"},"canonical":"https:\/\/kitefoilwing.com\/?product=foil-sabfoil-1200","og_locale":"es_ES","og_type":"article","og_title":"Foil Carbonglas - KiteFoilWing","og_description":"El foil Carbonglass fue creada para ofrecerle equipos dignos del rendimiento de SABFOIL a un precio asequible, sin recurrir a m\u00e1stiles de aluminio.  Para reducir costos, hemos redise\u00f1ado las capas de algunos de nuestros modelos hist\u00f3ricos, combinando fibra de carbono y fibra de vidrio para crear una mezcla dedicada para cada pieza, garantizando la calidad y el rendimiento manteniendo el precio lo m\u00e1s bajo posible.  Una amplio abanico de posibilidades.  Alas delanteras: 1250, 1100, 940, 799, 699  Estabilizadores: 430, 483.  Fuselajes: 703, 903.  Altura mastiles: 70, 80.  Aplicamos el mismo principio a los m\u00e1stiles, optando por un perfil m\u00e1s grueso y r\u00edgido y pegando la placa de carbono, eliminando toda la torniller\u00eda y convirti\u00e9ndolo en un monobloque superr\u00edgido.  Tanto si eres un usuario experto como un principiante, \u00a1la serie Carbonglass elimina cualquier barrera para entrar al agua y disfrutar de este maravilloso deporte!","og_url":"https:\/\/kitefoilwing.com\/?product=foil-sabfoil-1200","og_site_name":"KiteFoilWing","article_modified_time":"2025-06-02T14:44:36+00:00","og_image":[{"width":1440,"height":1080,"url":"https:\/\/kitefoilwing.com\/wp-content\/uploads\/2025\/04\/Carbonglas669-80.jpg","type":"image\/jpeg"}],"twitter_card":"summary_large_image","twitter_misc":{"Tiempo de lectura":"1 minuto"},"schema":{"@context":"https:\/\/schema.org","@graph":[{"@type":"WebPage","@id":"https:\/\/kitefoilwing.com\/?product=foil-sabfoil-1200","url":"https:\/\/kitefoilwing.com\/?product=foil-sabfoil-1200","name":"Foil Carbonglas - KiteFoilWing","isPartOf":{"@id":"https:\/\/kitefoilwing.com\/#website"},"primaryImageOfPage":{"@id":"https:\/\/kitefoilwing.com\/?product=foil-sabfoil-1200#primaryimage"},"image":{"@id":"https:\/\/kitefoilwing.com\/?product=foil-sabfoil-1200#primaryimage"},"thumbnailUrl":"https:\/\/kitefoilwing.com\/wp-content\/uploads\/2025\/04\/Carbonglas669-80.jpg","datePublished":"2025-04-02T17:18:15+00:00","dateModified":"2025-06-02T14:44:36+00:00","breadcrumb":{"@id":"https:\/\/kitefoilwing.com\/?product=foil-sabfoil-1200#breadcrumb"},"inLanguage":"es","potentialAction":[{"@type":"ReadAction","target":["https:\/\/kitefoilwing.com\/?product=foil-sabfoil-1200"]}]},{"@type":"ImageObject","inLanguage":"es","@id":"https:\/\/kitefoilwing.com\/?product=foil-sabfoil-1200#primaryimage","url":"https:\/\/kitefoilwing.com\/wp-content\/uploads\/2025\/04\/Carbonglas669-80.jpg","contentUrl":"https:\/\/kitefoilwing.com\/wp-content\/uploads\/2025\/04\/Carbonglas669-80.jpg","width":1440,"height":1080},{"@type":"BreadcrumbList","@id":"https:\/\/kitefoilwing.com\/?product=foil-sabfoil-1200#breadcrumb","itemListElement":[{"@type":"ListItem","position":1,"name":"Portada","item":"https:\/\/kitefoilwing.com\/"},{"@type":"ListItem","position":2,"name":"Tienda","item":"https:\/\/kitefoilwing.com\/?page_id=6"},{"@type":"ListItem","position":3,"name":"Foil Carbonglas"}]},{"@type":"WebSite","@id":"https:\/\/kitefoilwing.com\/#website","url":"https:\/\/kitefoilwing.com\/","name":"KiteFoilWing","description":"venta de kite foil wing","publisher":{"@id":"https:\/\/kitefoilwing.com\/#organization"},"potentialAction":[{"@type":"SearchAction","target":{"@type":"EntryPoint","urlTemplate":"https:\/\/kitefoilwing.com\/?s={search_term_string}"},"query-input":{"@type":"PropertyValueSpecification","valueRequired":true,"valueName":"search_term_string"}}],"inLanguage":"es"},{"@type":"Organization","@id":"https:\/\/kitefoilwing.com\/#organization","name":"KiteFoilWing","url":"https:\/\/kitefoilwing.com\/","logo":{"@type":"ImageObject","inLanguage":"es","@id":"https:\/\/kitefoilwing.com\/#\/schema\/logo\/image\/","url":"https:\/\/kitefoilwing.com\/wp-content\/uploads\/2025\/05\/LogoWeb.jpg","contentUrl":"https:\/\/kitefoilwing.com\/wp-content\/uploads\/2025\/05\/LogoWeb.jpg","width":725,"height":81,"caption":"KiteFoilWing"},"image":{"@id":"https:\/\/kitefoilwing.com\/#\/schema\/logo\/image\/"}}]}},"jetpack_sharing_enabled":true,"_links":{"self":[{"href":"https:\/\/kitefoilwing.com\/index.php?rest_route=\/wp\/v2\/product\/98","targetHints":{"allow":["GET"]}}],"collection":[{"href":"https:\/\/kitefoilwing.com\/index.php?rest_route=\/wp\/v2\/product"}],"about":[{"href":"https:\/\/kitefoilwing.com\/index.php?rest_route=\/wp\/v2\/types\/product"}],"replies":[{"embeddable":true,"href":"https:\/\/kitefoilwing.com\/index.php?rest_route=%2Fwp%2Fv2%2Fcomments&post=98"}],"wp:featuredmedia":[{"embeddable":true,"href":"https:\/\/kitefoilwing.com\/index.php?rest_route=\/wp\/v2\/media\/832"}],"wp:attachment":[{"href":"https:\/\/kitefoilwing.com\/index.php?rest_route=%2Fwp%2Fv2%2Fmedia&parent=98"}],"wp:term":[{"taxonomy":"product_brand","embeddable":true,"href":"https:\/\/kitefoilwing.com\/index.php?rest_route=%2Fwp%2Fv2%2Fproduct_brand&post=98"},{"taxonomy":"product_cat","embeddable":true,"href":"https:\/\/kitefoilwing.com\/index.php?rest_route=%2Fwp%2Fv2%2Fproduct_cat&post=98"},{"taxonomy":"product_tag","embeddable":true,"href":"https:\/\/kitefoilwing.com\/index.php?rest_route=%2Fwp%2Fv2%2Fproduct_tag&post=98"}],"curies":[{"name":"wp","href":"https:\/\/api.w.org\/{rel}","templated":true}]}}