{"id":94,"date":"2025-03-12T20:00:21","date_gmt":"2025-03-12T19:00:21","guid":{"rendered":"https:\/\/kitefoilwing.com\/?post_type=product&#038;p=94"},"modified":"2025-06-09T21:01:40","modified_gmt":"2025-06-09T21:01:40","slug":"kite-modelo-1","status":"publish","type":"product","link":"https:\/\/kitefoilwing.com\/?product=kite-modelo-1","title":{"rendered":"Flux V2"},"content":{"rendered":"<h2 class=\"p1\">Flujo V2<\/h2>\n<p><strong>PUNTOS DESTACADOS DEL RENDIMIENTO\u00a0<\/strong><\/p>\n<ul class=\"ul1\">\n<li class=\"li1\">M\u00e1s r\u00edgido y deportivo que el Flux V1, con un manejo m\u00e1s sensible.<\/li>\n<li class=\"li1\">Capacidad de alta velocidad con comodidad mejorada y repertorio de control de maniobras s\u00faper fluidas<\/li>\n<li class=\"li1\">Rendimiento eficiente y agresivo en ce\u00f1ida<\/li>\n<li>Aerodin\u00e1mica refinada para una progresi\u00f3n de viraje intuitiva<\/li>\n<li class=\"li1\">Aumentar el potencial para saltos y estilo libre.<\/li>\n<li class=\"li1\">Lo suficientemente vers\u00e1til para surfear olas.<\/li>\n<\/ul>\n<p><strong>CARACTER\u00cdSTICAS T\u00c9CNICAS<\/strong><\/p>\n<ul>\n<li><strong>Estructura duradera de Dacron Triple Ripstop de Teijin<\/strong>\u00a0: para mayor resistencia y estabilidad<\/li>\n<li><strong>Mangos de carbono recubiertos de EVA<\/strong>\u00a0, incluido un mango frontal extendido para control con una sola mano<\/li>\n<li><strong>Mango de borde de ataque m\u00e1s r\u00edgido<\/strong>\u00a0: mejor control de deriva y conexi\u00f3n cuando se est\u00e1 fuera de servicio<\/li>\n<li><strong>Tensi\u00f3n optimizada del dosel<\/strong>\u00a0: ofrece un rendimiento duradero con listones anti-flap y borde de fuga tenso<\/li>\n<\/ul>\n","protected":false},"excerpt":{"rendered":"<p>Dise\u00f1ado para ciclistas que quieren divertirse en freeride a alta velocidad, con mayor comodidad y control.<\/p>\n<p>La Ozone Flux V2 es una vela freeride de alto rendimiento dise\u00f1ada para ofrecer velocidad, control y un manejo suave. Superando a la Flux V1 original, ofrece una navegaci\u00f3n m\u00e1s r\u00e1pida, mejores \u00e1ngulos de ce\u00f1ida y una fluidez m\u00e1s fluida, lo que la convierte en la herramienta perfecta para llevar tus habilidades al siguiente nivel.<\/p>\n","protected":false},"featured_media":1193,"comment_status":"open","ping_status":"closed","template":"","meta":[],"product_brand":[],"product_cat":[21],"product_tag":[18],"class_list":{"0":"post-94","1":"product","2":"type-product","3":"status-publish","4":"has-post-thumbnail","6":"product_cat-ozone","7":"product_tag-k0110","9":"first","10":"instock","11":"shipping-taxable","12":"purchasable","13":"product-type-variable"},"yoast_head":"<!-- This site is optimized with the Yoast SEO plugin v26.7 - https:\/\/yoast.com\/wordpress\/plugins\/seo\/ -->\n<title>Flux V2 - KiteFoilWing<\/title>\n<meta name=\"robots\" content=\"index, follow, max-snippet:-1, max-image-preview:large, max-video-preview:-1\" \/>\n<link rel=\"canonical\" href=\"https:\/\/kitefoilwing.com\/?product=kite-modelo-1\" \/>\n<meta property=\"og:locale\" content=\"es_ES\" \/>\n<meta property=\"og:type\" content=\"article\" \/>\n<meta property=\"og:title\" content=\"Flux V2 - KiteFoilWing\" \/>\n<meta property=\"og:description\" content=\"Dise\u00f1ado para ciclistas que quieren divertirse en freeride a alta velocidad, con mayor comodidad y control.  La Ozone Flux V2 es una vela freeride de alto rendimiento dise\u00f1ada para ofrecer velocidad, control y un manejo suave. Superando a la Flux V1 original, ofrece una navegaci\u00f3n m\u00e1s r\u00e1pida, mejores \u00e1ngulos de ce\u00f1ida y una fluidez m\u00e1s fluida, lo que la convierte en la herramienta perfecta para llevar tus habilidades al siguiente nivel.\" \/>\n<meta property=\"og:url\" content=\"https:\/\/kitefoilwing.com\/?product=kite-modelo-1\" \/>\n<meta property=\"og:site_name\" content=\"KiteFoilWing\" \/>\n<meta property=\"article:modified_time\" content=\"2025-06-09T21:01:40+00:00\" \/>\n<meta property=\"og:image\" content=\"https:\/\/kitefoilwing.com\/wp-content\/uploads\/2025\/03\/Flux-V2-4.webp\" \/>\n\t<meta property=\"og:image:width\" content=\"600\" \/>\n\t<meta property=\"og:image:height\" content=\"400\" \/>\n\t<meta property=\"og:image:type\" content=\"image\/webp\" \/>\n<meta name=\"twitter:card\" content=\"summary_large_image\" \/>\n<meta name=\"twitter:label1\" content=\"Tiempo de lectura\" \/>\n\t<meta name=\"twitter:data1\" content=\"1 minuto\" \/>\n<script type=\"application\/ld+json\" class=\"yoast-schema-graph\">{\"@context\":\"https:\/\/schema.org\",\"@graph\":[{\"@type\":\"WebPage\",\"@id\":\"https:\/\/kitefoilwing.com\/?product=kite-modelo-1\",\"url\":\"https:\/\/kitefoilwing.com\/?product=kite-modelo-1\",\"name\":\"Flux V2 - KiteFoilWing\",\"isPartOf\":{\"@id\":\"https:\/\/kitefoilwing.com\/#website\"},\"primaryImageOfPage\":{\"@id\":\"https:\/\/kitefoilwing.com\/?product=kite-modelo-1#primaryimage\"},\"image\":{\"@id\":\"https:\/\/kitefoilwing.com\/?product=kite-modelo-1#primaryimage\"},\"thumbnailUrl\":\"https:\/\/kitefoilwing.com\/wp-content\/uploads\/2025\/03\/Flux-V2-4.webp\",\"datePublished\":\"2025-03-12T19:00:21+00:00\",\"dateModified\":\"2025-06-09T21:01:40+00:00\",\"breadcrumb\":{\"@id\":\"https:\/\/kitefoilwing.com\/?product=kite-modelo-1#breadcrumb\"},\"inLanguage\":\"es\",\"potentialAction\":[{\"@type\":\"ReadAction\",\"target\":[\"https:\/\/kitefoilwing.com\/?product=kite-modelo-1\"]}]},{\"@type\":\"ImageObject\",\"inLanguage\":\"es\",\"@id\":\"https:\/\/kitefoilwing.com\/?product=kite-modelo-1#primaryimage\",\"url\":\"https:\/\/kitefoilwing.com\/wp-content\/uploads\/2025\/03\/Flux-V2-4.webp\",\"contentUrl\":\"https:\/\/kitefoilwing.com\/wp-content\/uploads\/2025\/03\/Flux-V2-4.webp\",\"width\":600,\"height\":400},{\"@type\":\"BreadcrumbList\",\"@id\":\"https:\/\/kitefoilwing.com\/?product=kite-modelo-1#breadcrumb\",\"itemListElement\":[{\"@type\":\"ListItem\",\"position\":1,\"name\":\"Portada\",\"item\":\"https:\/\/kitefoilwing.com\/\"},{\"@type\":\"ListItem\",\"position\":2,\"name\":\"Tienda\",\"item\":\"https:\/\/kitefoilwing.com\/?page_id=6\"},{\"@type\":\"ListItem\",\"position\":3,\"name\":\"Flux V2\"}]},{\"@type\":\"WebSite\",\"@id\":\"https:\/\/kitefoilwing.com\/#website\",\"url\":\"https:\/\/kitefoilwing.com\/\",\"name\":\"KiteFoilWing\",\"description\":\"venta de kite foil wing\",\"publisher\":{\"@id\":\"https:\/\/kitefoilwing.com\/#organization\"},\"potentialAction\":[{\"@type\":\"SearchAction\",\"target\":{\"@type\":\"EntryPoint\",\"urlTemplate\":\"https:\/\/kitefoilwing.com\/?s={search_term_string}\"},\"query-input\":{\"@type\":\"PropertyValueSpecification\",\"valueRequired\":true,\"valueName\":\"search_term_string\"}}],\"inLanguage\":\"es\"},{\"@type\":\"Organization\",\"@id\":\"https:\/\/kitefoilwing.com\/#organization\",\"name\":\"KiteFoilWing\",\"url\":\"https:\/\/kitefoilwing.com\/\",\"logo\":{\"@type\":\"ImageObject\",\"inLanguage\":\"es\",\"@id\":\"https:\/\/kitefoilwing.com\/#\/schema\/logo\/image\/\",\"url\":\"https:\/\/kitefoilwing.com\/wp-content\/uploads\/2025\/05\/LogoWeb.jpg\",\"contentUrl\":\"https:\/\/kitefoilwing.com\/wp-content\/uploads\/2025\/05\/LogoWeb.jpg\",\"width\":725,\"height\":81,\"caption\":\"KiteFoilWing\"},\"image\":{\"@id\":\"https:\/\/kitefoilwing.com\/#\/schema\/logo\/image\/\"}}]}<\/script>\n<!-- \/ Yoast SEO plugin. -->","yoast_head_json":{"title":"Flux V2 - KiteFoilWing","robots":{"index":"index","follow":"follow","max-snippet":"max-snippet:-1","max-image-preview":"max-image-preview:large","max-video-preview":"max-video-preview:-1"},"canonical":"https:\/\/kitefoilwing.com\/?product=kite-modelo-1","og_locale":"es_ES","og_type":"article","og_title":"Flux V2 - KiteFoilWing","og_description":"Dise\u00f1ado para ciclistas que quieren divertirse en freeride a alta velocidad, con mayor comodidad y control.  La Ozone Flux V2 es una vela freeride de alto rendimiento dise\u00f1ada para ofrecer velocidad, control y un manejo suave. Superando a la Flux V1 original, ofrece una navegaci\u00f3n m\u00e1s r\u00e1pida, mejores \u00e1ngulos de ce\u00f1ida y una fluidez m\u00e1s fluida, lo que la convierte en la herramienta perfecta para llevar tus habilidades al siguiente nivel.","og_url":"https:\/\/kitefoilwing.com\/?product=kite-modelo-1","og_site_name":"KiteFoilWing","article_modified_time":"2025-06-09T21:01:40+00:00","og_image":[{"width":600,"height":400,"url":"https:\/\/kitefoilwing.com\/wp-content\/uploads\/2025\/03\/Flux-V2-4.webp","type":"image\/webp"}],"twitter_card":"summary_large_image","twitter_misc":{"Tiempo de lectura":"1 minuto"},"schema":{"@context":"https:\/\/schema.org","@graph":[{"@type":"WebPage","@id":"https:\/\/kitefoilwing.com\/?product=kite-modelo-1","url":"https:\/\/kitefoilwing.com\/?product=kite-modelo-1","name":"Flux V2 - KiteFoilWing","isPartOf":{"@id":"https:\/\/kitefoilwing.com\/#website"},"primaryImageOfPage":{"@id":"https:\/\/kitefoilwing.com\/?product=kite-modelo-1#primaryimage"},"image":{"@id":"https:\/\/kitefoilwing.com\/?product=kite-modelo-1#primaryimage"},"thumbnailUrl":"https:\/\/kitefoilwing.com\/wp-content\/uploads\/2025\/03\/Flux-V2-4.webp","datePublished":"2025-03-12T19:00:21+00:00","dateModified":"2025-06-09T21:01:40+00:00","breadcrumb":{"@id":"https:\/\/kitefoilwing.com\/?product=kite-modelo-1#breadcrumb"},"inLanguage":"es","potentialAction":[{"@type":"ReadAction","target":["https:\/\/kitefoilwing.com\/?product=kite-modelo-1"]}]},{"@type":"ImageObject","inLanguage":"es","@id":"https:\/\/kitefoilwing.com\/?product=kite-modelo-1#primaryimage","url":"https:\/\/kitefoilwing.com\/wp-content\/uploads\/2025\/03\/Flux-V2-4.webp","contentUrl":"https:\/\/kitefoilwing.com\/wp-content\/uploads\/2025\/03\/Flux-V2-4.webp","width":600,"height":400},{"@type":"BreadcrumbList","@id":"https:\/\/kitefoilwing.com\/?product=kite-modelo-1#breadcrumb","itemListElement":[{"@type":"ListItem","position":1,"name":"Portada","item":"https:\/\/kitefoilwing.com\/"},{"@type":"ListItem","position":2,"name":"Tienda","item":"https:\/\/kitefoilwing.com\/?page_id=6"},{"@type":"ListItem","position":3,"name":"Flux V2"}]},{"@type":"WebSite","@id":"https:\/\/kitefoilwing.com\/#website","url":"https:\/\/kitefoilwing.com\/","name":"KiteFoilWing","description":"venta de kite foil wing","publisher":{"@id":"https:\/\/kitefoilwing.com\/#organization"},"potentialAction":[{"@type":"SearchAction","target":{"@type":"EntryPoint","urlTemplate":"https:\/\/kitefoilwing.com\/?s={search_term_string}"},"query-input":{"@type":"PropertyValueSpecification","valueRequired":true,"valueName":"search_term_string"}}],"inLanguage":"es"},{"@type":"Organization","@id":"https:\/\/kitefoilwing.com\/#organization","name":"KiteFoilWing","url":"https:\/\/kitefoilwing.com\/","logo":{"@type":"ImageObject","inLanguage":"es","@id":"https:\/\/kitefoilwing.com\/#\/schema\/logo\/image\/","url":"https:\/\/kitefoilwing.com\/wp-content\/uploads\/2025\/05\/LogoWeb.jpg","contentUrl":"https:\/\/kitefoilwing.com\/wp-content\/uploads\/2025\/05\/LogoWeb.jpg","width":725,"height":81,"caption":"KiteFoilWing"},"image":{"@id":"https:\/\/kitefoilwing.com\/#\/schema\/logo\/image\/"}}]}},"jetpack_sharing_enabled":true,"_links":{"self":[{"href":"https:\/\/kitefoilwing.com\/index.php?rest_route=\/wp\/v2\/product\/94","targetHints":{"allow":["GET"]}}],"collection":[{"href":"https:\/\/kitefoilwing.com\/index.php?rest_route=\/wp\/v2\/product"}],"about":[{"href":"https:\/\/kitefoilwing.com\/index.php?rest_route=\/wp\/v2\/types\/product"}],"replies":[{"embeddable":true,"href":"https:\/\/kitefoilwing.com\/index.php?rest_route=%2Fwp%2Fv2%2Fcomments&post=94"}],"wp:featuredmedia":[{"embeddable":true,"href":"https:\/\/kitefoilwing.com\/index.php?rest_route=\/wp\/v2\/media\/1193"}],"wp:attachment":[{"href":"https:\/\/kitefoilwing.com\/index.php?rest_route=%2Fwp%2Fv2%2Fmedia&parent=94"}],"wp:term":[{"taxonomy":"product_brand","embeddable":true,"href":"https:\/\/kitefoilwing.com\/index.php?rest_route=%2Fwp%2Fv2%2Fproduct_brand&post=94"},{"taxonomy":"product_cat","embeddable":true,"href":"https:\/\/kitefoilwing.com\/index.php?rest_route=%2Fwp%2Fv2%2Fproduct_cat&post=94"},{"taxonomy":"product_tag","embeddable":true,"href":"https:\/\/kitefoilwing.com\/index.php?rest_route=%2Fwp%2Fv2%2Fproduct_tag&post=94"}],"curies":[{"name":"wp","href":"https:\/\/api.w.org\/{rel}","templated":true}]}}