{"id":777,"date":"2025-05-23T15:40:35","date_gmt":"2025-05-23T13:40:35","guid":{"rendered":"https:\/\/kitefoilwing.com\/?post_type=product&#038;p=777"},"modified":"2025-06-26T15:08:34","modified_gmt":"2025-06-26T15:08:34","slug":"fusion-v2-ultrax","status":"publish","type":"product","link":"https:\/\/kitefoilwing.com\/?product=fusion-v2-ultrax","title":{"rendered":"FUSION v2 ULTRAX"},"content":{"rendered":"<h4><em><strong>Consulte al tel\u00e9fono 618 07 99 57, el precio, color y disponibilidad del modelo requerido.<\/strong><\/em><\/h4>\n<h2 class=\"p1\">FUSI\u00d3N V2 ULTRA-X<\/h2>\n<p class=\"p1\">Con nuestro dise\u00f1o patentado de doble superficie, tecnolog\u00eda Ram Air y un nuevo fuselaje completo de Aluula, es el arma definitiva para aquellos que necesitan un rendimiento ganador en carreras.<\/p>\n<p class=\"p1\"><strong><i>NOVEDADES EN LA FUSION V2 ULTRA-X<\/i><\/strong><\/p>\n<ul class=\"ul1\">\n<li class=\"li1\"><i>Estructura de aire Aluula completa<\/i><\/li>\n<li class=\"li1\"><i>Optimizado en su totalidad para ser mucho m\u00e1s ligero.<\/i><\/li>\n<li class=\"li1\"><i>Nuevas ventanas con dosel<\/i><\/li>\n<li class=\"li1\"><i>Perfil actualizado para un mejor rendimiento en vientos suaves.\u00a0<\/i><\/li>\n<li class=\"li1\"><i>Nuevas minicostillas en el borde de salida, para obtener una salida del viento m\u00e1s limpio<\/i><\/li>\n<li class=\"li1\"><i>Presi\u00f3n de aire interna mejorada entre las superficies dobles para un mayor control y eficiencia.<\/i><\/li>\n<li class=\"li1\"><i>Mango de carbono delantero m\u00e1s largo<\/i><\/li>\n<li class=\"li1\"><i>Ajuste de tensi\u00f3n de la l\u00ednea de baluma\u00a0<\/i><\/li>\n<li class=\"li1\"><i>Registrado oficialmente para la Copa del Mundo IWSA y carreras de F\u00f3rmula<\/i><\/li>\n<\/ul>\n<p class=\"p1\"><i><strong>FUSI\u00d3N AUT\u00c9NTICA<\/strong><\/i><\/p>\n<ul class=\"ul1\">\n<li class=\"li3\"><i>Dise\u00f1o patentado de doble superficie completa con tecnolog\u00eda Ram Air<\/i><\/li>\n<li class=\"li3\"><i>Tecnolog\u00eda de dise\u00f1o de fusi\u00f3n innovadora y \u00fanica, que\u00a0<\/i><i>combina el conocimiento aerodin\u00e1mico multifac\u00e9tico de Ozone\u00a0<\/i><\/li>\n<li class=\"li3\"><i>Extremadamente r\u00e1pido y din\u00e1mico con un alcance incre\u00edble.\u00a0<\/i><\/li>\n<li class=\"li3\"><i>\u00a1Desarrollado para los que buscan pasar al siguiente nivel!<\/i><\/li>\n<li>\n<h2 class=\"p1\">\u00bfES F\u00c1CIL DE USAR?<\/h2>\n<p class=\"p1\">S\u00ed, aunque es importante reconocer que el Fusion V2 Ultra-X es un producto de alto rendimiento con caracter\u00edsticas t\u00e9cnicas de dise\u00f1o. Requiere un ligero ajuste en la t\u00e9cnica de bombeo en comparaci\u00f3n con un ala tradicional.<\/p>\n<p class=\"p1\">En comparaci\u00f3n con el Fusion V1, el modelo V2 Ultra-X es m\u00e1s ligero y su borde de ataque, m\u00e1s r\u00edgido y de di\u00e1metro reducido, facilita la maniobra y la adaptaci\u00f3n a las r\u00e1fagas.<\/p>\n<p class=\"p1\"><i>Si ya eres fan\u00e1tico del Fusion V1, \u00a1seguro que te encantar\u00e1 el Fusion V2!<\/i><\/p>\n<\/li>\n<\/ul>\n","protected":false},"excerpt":{"rendered":"<p>Supera tu imaginaci\u00f3n. El Fusion V2 Ultra-X es el arma definitiva para quienes buscan un rendimiento excepcional.<\/p>\n<h4><em><strong>Consulte al tel\u00e9fono 618 07 99 57, el precio, color y disponibilidad del modelo requerido.<\/strong><\/em><\/h4>\n<p>&nbsp;<\/p>\n","protected":false},"featured_media":940,"comment_status":"open","ping_status":"closed","template":"","meta":[],"product_brand":[],"product_cat":[21],"product_tag":[],"class_list":{"0":"post-777","1":"product","2":"type-product","3":"status-publish","4":"has-post-thumbnail","6":"product_cat-ozone","8":"first","9":"instock","10":"shipping-taxable","11":"purchasable","12":"product-type-variable"},"yoast_head":"<!-- This site is optimized with the Yoast SEO plugin v26.7 - https:\/\/yoast.com\/wordpress\/plugins\/seo\/ -->\n<title>FUSION v2 ULTRAX - KiteFoilWing<\/title>\n<meta name=\"robots\" content=\"index, follow, max-snippet:-1, max-image-preview:large, max-video-preview:-1\" \/>\n<link rel=\"canonical\" href=\"https:\/\/kitefoilwing.com\/?product=fusion-v2-ultrax\" \/>\n<meta property=\"og:locale\" content=\"es_ES\" \/>\n<meta property=\"og:type\" content=\"article\" \/>\n<meta property=\"og:title\" content=\"FUSION v2 ULTRAX - KiteFoilWing\" \/>\n<meta property=\"og:description\" content=\"Supera tu imaginaci\u00f3n. El Fusion V2 Ultra-X es el arma definitiva para quienes buscan un rendimiento excepcional. Consulte al tel\u00e9fono 618 07 99 57, el precio, color y disponibilidad del modelo requerido. &nbsp;\" \/>\n<meta property=\"og:url\" content=\"https:\/\/kitefoilwing.com\/?product=fusion-v2-ultrax\" \/>\n<meta property=\"og:site_name\" content=\"KiteFoilWing\" \/>\n<meta property=\"article:modified_time\" content=\"2025-06-26T15:08:34+00:00\" \/>\n<meta property=\"og:image\" content=\"https:\/\/kitefoilwing.com\/wp-content\/uploads\/2025\/05\/Fusion-v2-1.webp\" \/>\n\t<meta property=\"og:image:width\" content=\"900\" \/>\n\t<meta property=\"og:image:height\" content=\"587\" \/>\n\t<meta property=\"og:image:type\" content=\"image\/webp\" \/>\n<meta name=\"twitter:card\" content=\"summary_large_image\" \/>\n<meta name=\"twitter:label1\" content=\"Tiempo de lectura\" \/>\n\t<meta name=\"twitter:data1\" content=\"2 minutos\" \/>\n<script type=\"application\/ld+json\" class=\"yoast-schema-graph\">{\"@context\":\"https:\/\/schema.org\",\"@graph\":[{\"@type\":\"WebPage\",\"@id\":\"https:\/\/kitefoilwing.com\/?product=fusion-v2-ultrax\",\"url\":\"https:\/\/kitefoilwing.com\/?product=fusion-v2-ultrax\",\"name\":\"FUSION v2 ULTRAX - KiteFoilWing\",\"isPartOf\":{\"@id\":\"https:\/\/kitefoilwing.com\/#website\"},\"primaryImageOfPage\":{\"@id\":\"https:\/\/kitefoilwing.com\/?product=fusion-v2-ultrax#primaryimage\"},\"image\":{\"@id\":\"https:\/\/kitefoilwing.com\/?product=fusion-v2-ultrax#primaryimage\"},\"thumbnailUrl\":\"https:\/\/kitefoilwing.com\/wp-content\/uploads\/2025\/05\/Fusion-v2-1.webp\",\"datePublished\":\"2025-05-23T13:40:35+00:00\",\"dateModified\":\"2025-06-26T15:08:34+00:00\",\"breadcrumb\":{\"@id\":\"https:\/\/kitefoilwing.com\/?product=fusion-v2-ultrax#breadcrumb\"},\"inLanguage\":\"es\",\"potentialAction\":[{\"@type\":\"ReadAction\",\"target\":[\"https:\/\/kitefoilwing.com\/?product=fusion-v2-ultrax\"]}]},{\"@type\":\"ImageObject\",\"inLanguage\":\"es\",\"@id\":\"https:\/\/kitefoilwing.com\/?product=fusion-v2-ultrax#primaryimage\",\"url\":\"https:\/\/kitefoilwing.com\/wp-content\/uploads\/2025\/05\/Fusion-v2-1.webp\",\"contentUrl\":\"https:\/\/kitefoilwing.com\/wp-content\/uploads\/2025\/05\/Fusion-v2-1.webp\",\"width\":900,\"height\":587},{\"@type\":\"BreadcrumbList\",\"@id\":\"https:\/\/kitefoilwing.com\/?product=fusion-v2-ultrax#breadcrumb\",\"itemListElement\":[{\"@type\":\"ListItem\",\"position\":1,\"name\":\"Portada\",\"item\":\"https:\/\/kitefoilwing.com\/\"},{\"@type\":\"ListItem\",\"position\":2,\"name\":\"Tienda\",\"item\":\"https:\/\/kitefoilwing.com\/?page_id=6\"},{\"@type\":\"ListItem\",\"position\":3,\"name\":\"FUSION v2 ULTRAX\"}]},{\"@type\":\"WebSite\",\"@id\":\"https:\/\/kitefoilwing.com\/#website\",\"url\":\"https:\/\/kitefoilwing.com\/\",\"name\":\"KiteFoilWing\",\"description\":\"venta de kite foil wing\",\"publisher\":{\"@id\":\"https:\/\/kitefoilwing.com\/#organization\"},\"potentialAction\":[{\"@type\":\"SearchAction\",\"target\":{\"@type\":\"EntryPoint\",\"urlTemplate\":\"https:\/\/kitefoilwing.com\/?s={search_term_string}\"},\"query-input\":{\"@type\":\"PropertyValueSpecification\",\"valueRequired\":true,\"valueName\":\"search_term_string\"}}],\"inLanguage\":\"es\"},{\"@type\":\"Organization\",\"@id\":\"https:\/\/kitefoilwing.com\/#organization\",\"name\":\"KiteFoilWing\",\"url\":\"https:\/\/kitefoilwing.com\/\",\"logo\":{\"@type\":\"ImageObject\",\"inLanguage\":\"es\",\"@id\":\"https:\/\/kitefoilwing.com\/#\/schema\/logo\/image\/\",\"url\":\"https:\/\/kitefoilwing.com\/wp-content\/uploads\/2025\/05\/LogoWeb.jpg\",\"contentUrl\":\"https:\/\/kitefoilwing.com\/wp-content\/uploads\/2025\/05\/LogoWeb.jpg\",\"width\":725,\"height\":81,\"caption\":\"KiteFoilWing\"},\"image\":{\"@id\":\"https:\/\/kitefoilwing.com\/#\/schema\/logo\/image\/\"}}]}<\/script>\n<!-- \/ Yoast SEO plugin. -->","yoast_head_json":{"title":"FUSION v2 ULTRAX - KiteFoilWing","robots":{"index":"index","follow":"follow","max-snippet":"max-snippet:-1","max-image-preview":"max-image-preview:large","max-video-preview":"max-video-preview:-1"},"canonical":"https:\/\/kitefoilwing.com\/?product=fusion-v2-ultrax","og_locale":"es_ES","og_type":"article","og_title":"FUSION v2 ULTRAX - KiteFoilWing","og_description":"Supera tu imaginaci\u00f3n. El Fusion V2 Ultra-X es el arma definitiva para quienes buscan un rendimiento excepcional. Consulte al tel\u00e9fono 618 07 99 57, el precio, color y disponibilidad del modelo requerido. &nbsp;","og_url":"https:\/\/kitefoilwing.com\/?product=fusion-v2-ultrax","og_site_name":"KiteFoilWing","article_modified_time":"2025-06-26T15:08:34+00:00","og_image":[{"width":900,"height":587,"url":"https:\/\/kitefoilwing.com\/wp-content\/uploads\/2025\/05\/Fusion-v2-1.webp","type":"image\/webp"}],"twitter_card":"summary_large_image","twitter_misc":{"Tiempo de lectura":"2 minutos"},"schema":{"@context":"https:\/\/schema.org","@graph":[{"@type":"WebPage","@id":"https:\/\/kitefoilwing.com\/?product=fusion-v2-ultrax","url":"https:\/\/kitefoilwing.com\/?product=fusion-v2-ultrax","name":"FUSION v2 ULTRAX - KiteFoilWing","isPartOf":{"@id":"https:\/\/kitefoilwing.com\/#website"},"primaryImageOfPage":{"@id":"https:\/\/kitefoilwing.com\/?product=fusion-v2-ultrax#primaryimage"},"image":{"@id":"https:\/\/kitefoilwing.com\/?product=fusion-v2-ultrax#primaryimage"},"thumbnailUrl":"https:\/\/kitefoilwing.com\/wp-content\/uploads\/2025\/05\/Fusion-v2-1.webp","datePublished":"2025-05-23T13:40:35+00:00","dateModified":"2025-06-26T15:08:34+00:00","breadcrumb":{"@id":"https:\/\/kitefoilwing.com\/?product=fusion-v2-ultrax#breadcrumb"},"inLanguage":"es","potentialAction":[{"@type":"ReadAction","target":["https:\/\/kitefoilwing.com\/?product=fusion-v2-ultrax"]}]},{"@type":"ImageObject","inLanguage":"es","@id":"https:\/\/kitefoilwing.com\/?product=fusion-v2-ultrax#primaryimage","url":"https:\/\/kitefoilwing.com\/wp-content\/uploads\/2025\/05\/Fusion-v2-1.webp","contentUrl":"https:\/\/kitefoilwing.com\/wp-content\/uploads\/2025\/05\/Fusion-v2-1.webp","width":900,"height":587},{"@type":"BreadcrumbList","@id":"https:\/\/kitefoilwing.com\/?product=fusion-v2-ultrax#breadcrumb","itemListElement":[{"@type":"ListItem","position":1,"name":"Portada","item":"https:\/\/kitefoilwing.com\/"},{"@type":"ListItem","position":2,"name":"Tienda","item":"https:\/\/kitefoilwing.com\/?page_id=6"},{"@type":"ListItem","position":3,"name":"FUSION v2 ULTRAX"}]},{"@type":"WebSite","@id":"https:\/\/kitefoilwing.com\/#website","url":"https:\/\/kitefoilwing.com\/","name":"KiteFoilWing","description":"venta de kite foil wing","publisher":{"@id":"https:\/\/kitefoilwing.com\/#organization"},"potentialAction":[{"@type":"SearchAction","target":{"@type":"EntryPoint","urlTemplate":"https:\/\/kitefoilwing.com\/?s={search_term_string}"},"query-input":{"@type":"PropertyValueSpecification","valueRequired":true,"valueName":"search_term_string"}}],"inLanguage":"es"},{"@type":"Organization","@id":"https:\/\/kitefoilwing.com\/#organization","name":"KiteFoilWing","url":"https:\/\/kitefoilwing.com\/","logo":{"@type":"ImageObject","inLanguage":"es","@id":"https:\/\/kitefoilwing.com\/#\/schema\/logo\/image\/","url":"https:\/\/kitefoilwing.com\/wp-content\/uploads\/2025\/05\/LogoWeb.jpg","contentUrl":"https:\/\/kitefoilwing.com\/wp-content\/uploads\/2025\/05\/LogoWeb.jpg","width":725,"height":81,"caption":"KiteFoilWing"},"image":{"@id":"https:\/\/kitefoilwing.com\/#\/schema\/logo\/image\/"}}]}},"jetpack_sharing_enabled":true,"_links":{"self":[{"href":"https:\/\/kitefoilwing.com\/index.php?rest_route=\/wp\/v2\/product\/777","targetHints":{"allow":["GET"]}}],"collection":[{"href":"https:\/\/kitefoilwing.com\/index.php?rest_route=\/wp\/v2\/product"}],"about":[{"href":"https:\/\/kitefoilwing.com\/index.php?rest_route=\/wp\/v2\/types\/product"}],"replies":[{"embeddable":true,"href":"https:\/\/kitefoilwing.com\/index.php?rest_route=%2Fwp%2Fv2%2Fcomments&post=777"}],"wp:featuredmedia":[{"embeddable":true,"href":"https:\/\/kitefoilwing.com\/index.php?rest_route=\/wp\/v2\/media\/940"}],"wp:attachment":[{"href":"https:\/\/kitefoilwing.com\/index.php?rest_route=%2Fwp%2Fv2%2Fmedia&parent=777"}],"wp:term":[{"taxonomy":"product_brand","embeddable":true,"href":"https:\/\/kitefoilwing.com\/index.php?rest_route=%2Fwp%2Fv2%2Fproduct_brand&post=777"},{"taxonomy":"product_cat","embeddable":true,"href":"https:\/\/kitefoilwing.com\/index.php?rest_route=%2Fwp%2Fv2%2Fproduct_cat&post=777"},{"taxonomy":"product_tag","embeddable":true,"href":"https:\/\/kitefoilwing.com\/index.php?rest_route=%2Fwp%2Fv2%2Fproduct_tag&post=777"}],"curies":[{"name":"wp","href":"https:\/\/api.w.org\/{rel}","templated":true}]}}