{"id":762,"date":"2025-05-23T15:21:32","date_gmt":"2025-05-23T13:21:32","guid":{"rendered":"https:\/\/kitefoilwing.com\/?post_type=product&#038;p=762"},"modified":"2025-06-02T12:15:40","modified_gmt":"2025-06-02T12:15:40","slug":"pocket-rocket-ozone","status":"publish","type":"product","link":"https:\/\/kitefoilwing.com\/?product=pocket-rocket-ozone","title":{"rendered":"POCKET ROCKET OZONE"},"content":{"rendered":"<h4><em><strong>Consulte al tel\u00e9fono 618 07 99 57, el precio, color y disponibilidad del modelo requerido.<\/strong><\/em><\/h4>\n<h2 class=\"p1\"><strong>VENTAJAS DE RENDIMIENTO\u00a0<\/strong><\/h2>\n<ul class=\"ul1\">\n<li class=\"li1\">El parawing Pocket Rocket te permite volar contra el viento sin esfuerzo y luego se guarda f\u00e1cilmente para navegar a favor del viento.<\/li>\n<li class=\"li1\">La barra de control codificada por colores, las l\u00edneas de brida y el borde de ataque sobresaliente facilitan la identificaci\u00f3n y el r\u00e1pido redespliegue del ala cuando sea necesario.<\/li>\n<li class=\"li1\">Su tama\u00f1o compacto y su f\u00e1cil despliegue tambi\u00e9n lo hacen ideal para lugares que requieren remar.<span class=\"s1\"><br \/>\n<\/span><\/li>\n<li class=\"li1\">La reconocida tecnolog\u00eda de dise\u00f1o de cometas de parapente y foil de Ozone mejora<br \/>\nla estabilidad y el rendimiento en todos los \u00e1ngulos de navegaci\u00f3n, especialmente sin potencia.<\/li>\n<li class=\"li2\">Rendimiento accesible para todos los niveles de habilidad.<\/li>\n<\/ul>\n<h2 class=\"p1\"><strong>FUNCIONES F\u00c1CILES DE USAR\u00a0<\/strong><\/h2>\n<p class=\"p1\">Dise\u00f1ado con un sistema de brida refinado para un perfil de dosel limpio, el Pocket Rocket ofrece una potencia suave y eficiente para un f\u00e1cil control del foil.<\/p>\n<ul class=\"ul1\">\n<li class=\"li1\">\n<p class=\"p1\">Control de barra con la punta de los dedos para virar contra el viento y navegar a favor del viento sin esfuerzo<\/p>\n<\/li>\n<li class=\"li1\">\n<p class=\"p1\">Sin colapso de la punta, incluso cuando se presiona con fuerza<\/p>\n<\/li>\n<li class=\"li1\">\n<p class=\"p1\">R\u00e1pido y f\u00e1cil de guardar para disfrutar de puras olas\/oleaje.<\/p>\n<\/li>\n<li class=\"li1\">\n<p class=\"p1\">Barra de control de fibra de carbono ligera y personalizada con agarre de EVA contorneado para un mejor control<\/p>\n<\/li>\n<li class=\"li1\">\n<p class=\"p1\">Barra de control y l\u00edneas de brida codificadas por colores para una redistribuci\u00f3n r\u00e1pida y sin errores<\/p>\n<\/li>\n<li class=\"li1\">\n<p class=\"p1\">Las l\u00edneas de brida de alta calidad con un grosor optimizado garantizan un manejo sin enredos.<\/p>\n<\/li>\n<li class=\"li1\">\n<p class=\"p1\">Las conexiones de brida empalmadas se deslizan suavemente por tus manos y eliminan los enganches.<\/p>\n<\/li>\n<li class=\"li1\">\n<p class=\"p1\">Tama\u00f1o de paquete peque\u00f1o, ligero y de secado r\u00e1pido.<\/p>\n<\/li>\n<\/ul>\n","protected":false},"excerpt":{"rendered":"<p>Experimenta un nuevo nivel de libertad con el hidroala. El Ozone Pocket Rocket es un parapente dise\u00f1ado para un rendimiento accesible, que te permite disfrutar de aventuras ilimitadas en hidroala.<\/p>\n<p><em><strong>Consulte al tel\u00e9fono 618 07 99 57, el precio, color y disponibilidad del modelo requerido.<\/strong><\/em><\/p>\n<p>&nbsp;<\/p>\n","protected":false},"featured_media":933,"comment_status":"open","ping_status":"closed","template":"","meta":[],"product_brand":[],"product_cat":[21],"product_tag":[],"class_list":{"0":"post-762","1":"product","2":"type-product","3":"status-publish","4":"has-post-thumbnail","6":"product_cat-ozone","8":"first","9":"instock","10":"shipping-taxable","11":"purchasable","12":"product-type-variable"},"yoast_head":"<!-- This site is optimized with the Yoast SEO plugin v26.7 - https:\/\/yoast.com\/wordpress\/plugins\/seo\/ -->\n<title>POCKET ROCKET OZONE - KiteFoilWing<\/title>\n<meta name=\"robots\" content=\"index, follow, max-snippet:-1, max-image-preview:large, max-video-preview:-1\" \/>\n<link rel=\"canonical\" href=\"https:\/\/kitefoilwing.com\/?product=pocket-rocket-ozone\" \/>\n<meta property=\"og:locale\" content=\"es_ES\" \/>\n<meta property=\"og:type\" content=\"article\" \/>\n<meta property=\"og:title\" content=\"POCKET ROCKET OZONE - KiteFoilWing\" \/>\n<meta property=\"og:description\" content=\"Experimenta un nuevo nivel de libertad con el hidroala. El Ozone Pocket Rocket es un parapente dise\u00f1ado para un rendimiento accesible, que te permite disfrutar de aventuras ilimitadas en hidroala.  Consulte al tel\u00e9fono 618 07 99 57, el precio, color y disponibilidad del modelo requerido.  &nbsp;\" \/>\n<meta property=\"og:url\" content=\"https:\/\/kitefoilwing.com\/?product=pocket-rocket-ozone\" \/>\n<meta property=\"og:site_name\" content=\"KiteFoilWing\" \/>\n<meta property=\"article:modified_time\" content=\"2025-06-02T12:15:40+00:00\" \/>\n<meta property=\"og:image\" content=\"https:\/\/kitefoilwing.com\/wp-content\/uploads\/2025\/05\/cover-pocket-rocket-1536x864-2.jpg\" \/>\n\t<meta property=\"og:image:width\" content=\"1536\" \/>\n\t<meta property=\"og:image:height\" content=\"864\" \/>\n\t<meta property=\"og:image:type\" content=\"image\/jpeg\" \/>\n<meta name=\"twitter:card\" content=\"summary_large_image\" \/>\n<meta name=\"twitter:label1\" content=\"Tiempo de lectura\" \/>\n\t<meta name=\"twitter:data1\" content=\"2 minutos\" \/>\n<script type=\"application\/ld+json\" class=\"yoast-schema-graph\">{\"@context\":\"https:\/\/schema.org\",\"@graph\":[{\"@type\":\"WebPage\",\"@id\":\"https:\/\/kitefoilwing.com\/?product=pocket-rocket-ozone\",\"url\":\"https:\/\/kitefoilwing.com\/?product=pocket-rocket-ozone\",\"name\":\"POCKET ROCKET OZONE - KiteFoilWing\",\"isPartOf\":{\"@id\":\"https:\/\/kitefoilwing.com\/#website\"},\"primaryImageOfPage\":{\"@id\":\"https:\/\/kitefoilwing.com\/?product=pocket-rocket-ozone#primaryimage\"},\"image\":{\"@id\":\"https:\/\/kitefoilwing.com\/?product=pocket-rocket-ozone#primaryimage\"},\"thumbnailUrl\":\"https:\/\/kitefoilwing.com\/wp-content\/uploads\/2025\/05\/cover-pocket-rocket-1536x864-2.jpg\",\"datePublished\":\"2025-05-23T13:21:32+00:00\",\"dateModified\":\"2025-06-02T12:15:40+00:00\",\"breadcrumb\":{\"@id\":\"https:\/\/kitefoilwing.com\/?product=pocket-rocket-ozone#breadcrumb\"},\"inLanguage\":\"es\",\"potentialAction\":[{\"@type\":\"ReadAction\",\"target\":[\"https:\/\/kitefoilwing.com\/?product=pocket-rocket-ozone\"]}]},{\"@type\":\"ImageObject\",\"inLanguage\":\"es\",\"@id\":\"https:\/\/kitefoilwing.com\/?product=pocket-rocket-ozone#primaryimage\",\"url\":\"https:\/\/kitefoilwing.com\/wp-content\/uploads\/2025\/05\/cover-pocket-rocket-1536x864-2.jpg\",\"contentUrl\":\"https:\/\/kitefoilwing.com\/wp-content\/uploads\/2025\/05\/cover-pocket-rocket-1536x864-2.jpg\",\"width\":1536,\"height\":864},{\"@type\":\"BreadcrumbList\",\"@id\":\"https:\/\/kitefoilwing.com\/?product=pocket-rocket-ozone#breadcrumb\",\"itemListElement\":[{\"@type\":\"ListItem\",\"position\":1,\"name\":\"Portada\",\"item\":\"https:\/\/kitefoilwing.com\/\"},{\"@type\":\"ListItem\",\"position\":2,\"name\":\"Tienda\",\"item\":\"https:\/\/kitefoilwing.com\/?page_id=6\"},{\"@type\":\"ListItem\",\"position\":3,\"name\":\"POCKET ROCKET OZONE\"}]},{\"@type\":\"WebSite\",\"@id\":\"https:\/\/kitefoilwing.com\/#website\",\"url\":\"https:\/\/kitefoilwing.com\/\",\"name\":\"KiteFoilWing\",\"description\":\"venta de kite foil wing\",\"publisher\":{\"@id\":\"https:\/\/kitefoilwing.com\/#organization\"},\"potentialAction\":[{\"@type\":\"SearchAction\",\"target\":{\"@type\":\"EntryPoint\",\"urlTemplate\":\"https:\/\/kitefoilwing.com\/?s={search_term_string}\"},\"query-input\":{\"@type\":\"PropertyValueSpecification\",\"valueRequired\":true,\"valueName\":\"search_term_string\"}}],\"inLanguage\":\"es\"},{\"@type\":\"Organization\",\"@id\":\"https:\/\/kitefoilwing.com\/#organization\",\"name\":\"KiteFoilWing\",\"url\":\"https:\/\/kitefoilwing.com\/\",\"logo\":{\"@type\":\"ImageObject\",\"inLanguage\":\"es\",\"@id\":\"https:\/\/kitefoilwing.com\/#\/schema\/logo\/image\/\",\"url\":\"https:\/\/kitefoilwing.com\/wp-content\/uploads\/2025\/05\/LogoWeb.jpg\",\"contentUrl\":\"https:\/\/kitefoilwing.com\/wp-content\/uploads\/2025\/05\/LogoWeb.jpg\",\"width\":725,\"height\":81,\"caption\":\"KiteFoilWing\"},\"image\":{\"@id\":\"https:\/\/kitefoilwing.com\/#\/schema\/logo\/image\/\"}}]}<\/script>\n<!-- \/ Yoast SEO plugin. -->","yoast_head_json":{"title":"POCKET ROCKET OZONE - KiteFoilWing","robots":{"index":"index","follow":"follow","max-snippet":"max-snippet:-1","max-image-preview":"max-image-preview:large","max-video-preview":"max-video-preview:-1"},"canonical":"https:\/\/kitefoilwing.com\/?product=pocket-rocket-ozone","og_locale":"es_ES","og_type":"article","og_title":"POCKET ROCKET OZONE - KiteFoilWing","og_description":"Experimenta un nuevo nivel de libertad con el hidroala. El Ozone Pocket Rocket es un parapente dise\u00f1ado para un rendimiento accesible, que te permite disfrutar de aventuras ilimitadas en hidroala.  Consulte al tel\u00e9fono 618 07 99 57, el precio, color y disponibilidad del modelo requerido.  &nbsp;","og_url":"https:\/\/kitefoilwing.com\/?product=pocket-rocket-ozone","og_site_name":"KiteFoilWing","article_modified_time":"2025-06-02T12:15:40+00:00","og_image":[{"width":1536,"height":864,"url":"https:\/\/kitefoilwing.com\/wp-content\/uploads\/2025\/05\/cover-pocket-rocket-1536x864-2.jpg","type":"image\/jpeg"}],"twitter_card":"summary_large_image","twitter_misc":{"Tiempo de lectura":"2 minutos"},"schema":{"@context":"https:\/\/schema.org","@graph":[{"@type":"WebPage","@id":"https:\/\/kitefoilwing.com\/?product=pocket-rocket-ozone","url":"https:\/\/kitefoilwing.com\/?product=pocket-rocket-ozone","name":"POCKET ROCKET OZONE - KiteFoilWing","isPartOf":{"@id":"https:\/\/kitefoilwing.com\/#website"},"primaryImageOfPage":{"@id":"https:\/\/kitefoilwing.com\/?product=pocket-rocket-ozone#primaryimage"},"image":{"@id":"https:\/\/kitefoilwing.com\/?product=pocket-rocket-ozone#primaryimage"},"thumbnailUrl":"https:\/\/kitefoilwing.com\/wp-content\/uploads\/2025\/05\/cover-pocket-rocket-1536x864-2.jpg","datePublished":"2025-05-23T13:21:32+00:00","dateModified":"2025-06-02T12:15:40+00:00","breadcrumb":{"@id":"https:\/\/kitefoilwing.com\/?product=pocket-rocket-ozone#breadcrumb"},"inLanguage":"es","potentialAction":[{"@type":"ReadAction","target":["https:\/\/kitefoilwing.com\/?product=pocket-rocket-ozone"]}]},{"@type":"ImageObject","inLanguage":"es","@id":"https:\/\/kitefoilwing.com\/?product=pocket-rocket-ozone#primaryimage","url":"https:\/\/kitefoilwing.com\/wp-content\/uploads\/2025\/05\/cover-pocket-rocket-1536x864-2.jpg","contentUrl":"https:\/\/kitefoilwing.com\/wp-content\/uploads\/2025\/05\/cover-pocket-rocket-1536x864-2.jpg","width":1536,"height":864},{"@type":"BreadcrumbList","@id":"https:\/\/kitefoilwing.com\/?product=pocket-rocket-ozone#breadcrumb","itemListElement":[{"@type":"ListItem","position":1,"name":"Portada","item":"https:\/\/kitefoilwing.com\/"},{"@type":"ListItem","position":2,"name":"Tienda","item":"https:\/\/kitefoilwing.com\/?page_id=6"},{"@type":"ListItem","position":3,"name":"POCKET ROCKET OZONE"}]},{"@type":"WebSite","@id":"https:\/\/kitefoilwing.com\/#website","url":"https:\/\/kitefoilwing.com\/","name":"KiteFoilWing","description":"venta de kite foil wing","publisher":{"@id":"https:\/\/kitefoilwing.com\/#organization"},"potentialAction":[{"@type":"SearchAction","target":{"@type":"EntryPoint","urlTemplate":"https:\/\/kitefoilwing.com\/?s={search_term_string}"},"query-input":{"@type":"PropertyValueSpecification","valueRequired":true,"valueName":"search_term_string"}}],"inLanguage":"es"},{"@type":"Organization","@id":"https:\/\/kitefoilwing.com\/#organization","name":"KiteFoilWing","url":"https:\/\/kitefoilwing.com\/","logo":{"@type":"ImageObject","inLanguage":"es","@id":"https:\/\/kitefoilwing.com\/#\/schema\/logo\/image\/","url":"https:\/\/kitefoilwing.com\/wp-content\/uploads\/2025\/05\/LogoWeb.jpg","contentUrl":"https:\/\/kitefoilwing.com\/wp-content\/uploads\/2025\/05\/LogoWeb.jpg","width":725,"height":81,"caption":"KiteFoilWing"},"image":{"@id":"https:\/\/kitefoilwing.com\/#\/schema\/logo\/image\/"}}]}},"jetpack_sharing_enabled":true,"_links":{"self":[{"href":"https:\/\/kitefoilwing.com\/index.php?rest_route=\/wp\/v2\/product\/762","targetHints":{"allow":["GET"]}}],"collection":[{"href":"https:\/\/kitefoilwing.com\/index.php?rest_route=\/wp\/v2\/product"}],"about":[{"href":"https:\/\/kitefoilwing.com\/index.php?rest_route=\/wp\/v2\/types\/product"}],"replies":[{"embeddable":true,"href":"https:\/\/kitefoilwing.com\/index.php?rest_route=%2Fwp%2Fv2%2Fcomments&post=762"}],"wp:featuredmedia":[{"embeddable":true,"href":"https:\/\/kitefoilwing.com\/index.php?rest_route=\/wp\/v2\/media\/933"}],"wp:attachment":[{"href":"https:\/\/kitefoilwing.com\/index.php?rest_route=%2Fwp%2Fv2%2Fmedia&parent=762"}],"wp:term":[{"taxonomy":"product_brand","embeddable":true,"href":"https:\/\/kitefoilwing.com\/index.php?rest_route=%2Fwp%2Fv2%2Fproduct_brand&post=762"},{"taxonomy":"product_cat","embeddable":true,"href":"https:\/\/kitefoilwing.com\/index.php?rest_route=%2Fwp%2Fv2%2Fproduct_cat&post=762"},{"taxonomy":"product_tag","embeddable":true,"href":"https:\/\/kitefoilwing.com\/index.php?rest_route=%2Fwp%2Fv2%2Fproduct_tag&post=762"}],"curies":[{"name":"wp","href":"https:\/\/api.w.org\/{rel}","templated":true}]}}