{"id":224,"date":"2025-05-08T20:23:04","date_gmt":"2025-05-08T18:23:04","guid":{"rendered":"https:\/\/kitefoilwing.com\/?post_type=product&#038;p=224"},"modified":"2025-06-02T14:16:39","modified_gmt":"2025-06-02T14:16:39","slug":"waydoo-flyer-evo-efoil-evo-pro-preorder","status":"publish","type":"product","link":"https:\/\/kitefoilwing.com\/?product=waydoo-flyer-evo-efoil-evo-pro-preorder","title":{"rendered":"Waydoo Flyer Evo Efoil &#8211; EVO Pro -Preorder"},"content":{"rendered":"<p>El Waydoo Flyer EVO cuenta con un dise\u00f1o modular mejorado con siete m\u00f3dulos distintos que ofrecen amplias opciones de personalizaci\u00f3n. Esta amplia modularidad permite a los usuarios adaptar su experiencia eFoil a sus preferencias, incluyendo ajustes seg\u00fan su nivel y estilo de conducci\u00f3n. Con opciones disponibles para cada m\u00f3dulo, el mantenimiento y las actualizaciones se simplifican, garantizando una experiencia eFoil fluida y adaptable.<\/p>\n<p>La unidad de propulsi\u00f3n del Flyer EVO ofrece una potencia potente y un funcionamiento silencioso, lo que te permite disfrutar plenamente de los sonidos de la naturaleza mientras vuelas sobre el agua sin que te moleste el ruido del motor. Est\u00e1 disponible en tres versiones: Standard, Performance y Elite. La versi\u00f3n Standard tiene una potencia de 4000 W, compatible con el Glider G1500\/C1500, y un peso m\u00e1ximo de despegue de 90 kg. Tanto la versi\u00f3n Performance como la Elite tienen una potencia de 6000 W, compatible con el Glider G1500\/C1500, y un peso m\u00e1ximo de despegue de 130 kg. La versi\u00f3n Elite est\u00e1 especialmente dise\u00f1ada para la tabla Master Plus, ofreciendo un dise\u00f1o m\u00e1s aerodin\u00e1mico, mayor resistencia y una potencia de salida m\u00e1s estable, proporcionando una experiencia de vuelo excepcional.<\/p>\n<p>El Flyer EVO ofrece dos opciones de bater\u00eda: una de 1800 Wh y otra de mayor capacidad, de 2300 Wh, fabricadas con celdas de iones de litio de alta calidad revestidas de una robusta aleaci\u00f3n de aluminio. La bater\u00eda de 1800 Wh, m\u00e1s ligera, proporciona agilidad en el agua, mientras que la de 2300 Wh ofrece una mayor autonom\u00eda. Ambas bater\u00edas cuentan con una pantalla LCD que muestra el estado en tiempo real, son resistentes al agua con certificaci\u00f3n IP68 e incluyen alertas de detecci\u00f3n de fugas para mayor fiabilidad. Gracias a su capacidad de carga inversa, pueden utilizarse como fuentes de alimentaci\u00f3n al combinarse con el cargador inversor. La transmisi\u00f3n de se\u00f1al \u00f3ptica garantiza una comunicaci\u00f3n estable.<\/p>\n<p>Y dependiendo de su nivel y las condiciones de uso, Tambi\u00e9n tenemos diferentes alas delanteras para el foil; la Voyager G1500, Glide G1500 y la Voyager G1100. As\u00ed como dos estabilizadores traseros ; El Gliding Tail 320 y el Surfing Tail m322.<\/p>\n<p><em><strong>Cons\u00faltenos para que le podamos asesorar<\/strong><\/em>.<\/p>\n","protected":false},"excerpt":{"rendered":"<p>El precio incluye IVA y excluye el env\u00edo.\u00a0Dise\u00f1o modular y personalizable, f\u00e1ciles actualizaciones y mantenimiento. La bater\u00eda m\u00e1s ligera de 1800Wh proporciona agilidad en el agua. Bater\u00edas livianas y de larga duraci\u00f3n con capacidad de carga inversa pueden ser fuentes de energ\u00eda cuando se combinan con el cargador del inversor. Transmisi\u00f3n por\u00a0 se\u00f1al \u00f3ptica. La versi\u00f3n est\u00e1ndar tiene una potencia de salida de 4000W, emparejada con el planeador G1500 y un peso m\u00e1ximo de despegue de 90 kg.\u00a0El motor hace que el transporte de su volante evo sea sin esfuerzo.<\/p>\n<p><em><strong>\u00a0 Cons\u00faltenos para que le podamos asesorar<\/strong><\/em>.<\/p>\n","protected":false},"featured_media":879,"comment_status":"open","ping_status":"closed","template":"","meta":[],"product_brand":[],"product_cat":[24],"product_tag":[],"class_list":{"0":"post-224","1":"product","2":"type-product","3":"status-publish","4":"has-post-thumbnail","6":"product_cat-waydoo","8":"first","9":"outofstock","10":"shipping-taxable","11":"purchasable","12":"product-type-variable"},"yoast_head":"<!-- This site is optimized with the Yoast SEO plugin v26.7 - https:\/\/yoast.com\/wordpress\/plugins\/seo\/ -->\n<title>Waydoo Flyer Evo Efoil - EVO Pro -Preorder - KiteFoilWing<\/title>\n<meta name=\"robots\" content=\"index, follow, max-snippet:-1, max-image-preview:large, max-video-preview:-1\" \/>\n<link rel=\"canonical\" href=\"https:\/\/kitefoilwing.com\/?product=waydoo-flyer-evo-efoil-evo-pro-preorder\" \/>\n<meta property=\"og:locale\" content=\"es_ES\" \/>\n<meta property=\"og:type\" content=\"article\" \/>\n<meta property=\"og:title\" content=\"Waydoo Flyer Evo Efoil - EVO Pro -Preorder - KiteFoilWing\" \/>\n<meta property=\"og:description\" content=\"El precio incluye IVA y excluye el env\u00edo.\u00a0Dise\u00f1o modular y personalizable, f\u00e1ciles actualizaciones y mantenimiento. La bater\u00eda m\u00e1s ligera de 1800Wh proporciona agilidad en el agua. Bater\u00edas livianas y de larga duraci\u00f3n con capacidad de carga inversa pueden ser fuentes de energ\u00eda cuando se combinan con el cargador del inversor. Transmisi\u00f3n por\u00a0 se\u00f1al \u00f3ptica. La versi\u00f3n est\u00e1ndar tiene una potencia de salida de 4000W, emparejada con el planeador G1500 y un peso m\u00e1ximo de despegue de 90 kg.\u00a0El motor hace que el transporte de su volante evo sea sin esfuerzo.  \u00a0 Cons\u00faltenos para que le podamos asesorar.\" \/>\n<meta property=\"og:url\" content=\"https:\/\/kitefoilwing.com\/?product=waydoo-flyer-evo-efoil-evo-pro-preorder\" \/>\n<meta property=\"og:site_name\" content=\"KiteFoilWing\" \/>\n<meta property=\"article:modified_time\" content=\"2025-06-02T14:16:39+00:00\" \/>\n<meta property=\"og:image\" content=\"https:\/\/kitefoilwing.com\/wp-content\/uploads\/2025\/05\/Waydoo_EVO_-1.webp\" \/>\n\t<meta property=\"og:image:width\" content=\"1600\" \/>\n\t<meta property=\"og:image:height\" content=\"1600\" \/>\n\t<meta property=\"og:image:type\" content=\"image\/webp\" \/>\n<meta name=\"twitter:card\" content=\"summary_large_image\" \/>\n<meta name=\"twitter:label1\" content=\"Tiempo de lectura\" \/>\n\t<meta name=\"twitter:data1\" content=\"2 minutos\" \/>\n<script type=\"application\/ld+json\" class=\"yoast-schema-graph\">{\"@context\":\"https:\/\/schema.org\",\"@graph\":[{\"@type\":\"WebPage\",\"@id\":\"https:\/\/kitefoilwing.com\/?product=waydoo-flyer-evo-efoil-evo-pro-preorder\",\"url\":\"https:\/\/kitefoilwing.com\/?product=waydoo-flyer-evo-efoil-evo-pro-preorder\",\"name\":\"Waydoo Flyer Evo Efoil - EVO Pro -Preorder - KiteFoilWing\",\"isPartOf\":{\"@id\":\"https:\/\/kitefoilwing.com\/#website\"},\"primaryImageOfPage\":{\"@id\":\"https:\/\/kitefoilwing.com\/?product=waydoo-flyer-evo-efoil-evo-pro-preorder#primaryimage\"},\"image\":{\"@id\":\"https:\/\/kitefoilwing.com\/?product=waydoo-flyer-evo-efoil-evo-pro-preorder#primaryimage\"},\"thumbnailUrl\":\"https:\/\/kitefoilwing.com\/wp-content\/uploads\/2025\/05\/Waydoo_EVO_-1.webp\",\"datePublished\":\"2025-05-08T18:23:04+00:00\",\"dateModified\":\"2025-06-02T14:16:39+00:00\",\"breadcrumb\":{\"@id\":\"https:\/\/kitefoilwing.com\/?product=waydoo-flyer-evo-efoil-evo-pro-preorder#breadcrumb\"},\"inLanguage\":\"es\",\"potentialAction\":[{\"@type\":\"ReadAction\",\"target\":[\"https:\/\/kitefoilwing.com\/?product=waydoo-flyer-evo-efoil-evo-pro-preorder\"]}]},{\"@type\":\"ImageObject\",\"inLanguage\":\"es\",\"@id\":\"https:\/\/kitefoilwing.com\/?product=waydoo-flyer-evo-efoil-evo-pro-preorder#primaryimage\",\"url\":\"https:\/\/kitefoilwing.com\/wp-content\/uploads\/2025\/05\/Waydoo_EVO_-1.webp\",\"contentUrl\":\"https:\/\/kitefoilwing.com\/wp-content\/uploads\/2025\/05\/Waydoo_EVO_-1.webp\",\"width\":1600,\"height\":1600},{\"@type\":\"BreadcrumbList\",\"@id\":\"https:\/\/kitefoilwing.com\/?product=waydoo-flyer-evo-efoil-evo-pro-preorder#breadcrumb\",\"itemListElement\":[{\"@type\":\"ListItem\",\"position\":1,\"name\":\"Portada\",\"item\":\"https:\/\/kitefoilwing.com\/\"},{\"@type\":\"ListItem\",\"position\":2,\"name\":\"Tienda\",\"item\":\"https:\/\/kitefoilwing.com\/?page_id=6\"},{\"@type\":\"ListItem\",\"position\":3,\"name\":\"Waydoo Flyer Evo Efoil &#8211; EVO Pro -Preorder\"}]},{\"@type\":\"WebSite\",\"@id\":\"https:\/\/kitefoilwing.com\/#website\",\"url\":\"https:\/\/kitefoilwing.com\/\",\"name\":\"KiteFoilWing\",\"description\":\"venta de kite foil wing\",\"publisher\":{\"@id\":\"https:\/\/kitefoilwing.com\/#organization\"},\"potentialAction\":[{\"@type\":\"SearchAction\",\"target\":{\"@type\":\"EntryPoint\",\"urlTemplate\":\"https:\/\/kitefoilwing.com\/?s={search_term_string}\"},\"query-input\":{\"@type\":\"PropertyValueSpecification\",\"valueRequired\":true,\"valueName\":\"search_term_string\"}}],\"inLanguage\":\"es\"},{\"@type\":\"Organization\",\"@id\":\"https:\/\/kitefoilwing.com\/#organization\",\"name\":\"KiteFoilWing\",\"url\":\"https:\/\/kitefoilwing.com\/\",\"logo\":{\"@type\":\"ImageObject\",\"inLanguage\":\"es\",\"@id\":\"https:\/\/kitefoilwing.com\/#\/schema\/logo\/image\/\",\"url\":\"https:\/\/kitefoilwing.com\/wp-content\/uploads\/2025\/05\/LogoWeb.jpg\",\"contentUrl\":\"https:\/\/kitefoilwing.com\/wp-content\/uploads\/2025\/05\/LogoWeb.jpg\",\"width\":725,\"height\":81,\"caption\":\"KiteFoilWing\"},\"image\":{\"@id\":\"https:\/\/kitefoilwing.com\/#\/schema\/logo\/image\/\"}}]}<\/script>\n<!-- \/ Yoast SEO plugin. -->","yoast_head_json":{"title":"Waydoo Flyer Evo Efoil - EVO Pro -Preorder - KiteFoilWing","robots":{"index":"index","follow":"follow","max-snippet":"max-snippet:-1","max-image-preview":"max-image-preview:large","max-video-preview":"max-video-preview:-1"},"canonical":"https:\/\/kitefoilwing.com\/?product=waydoo-flyer-evo-efoil-evo-pro-preorder","og_locale":"es_ES","og_type":"article","og_title":"Waydoo Flyer Evo Efoil - EVO Pro -Preorder - KiteFoilWing","og_description":"El precio incluye IVA y excluye el env\u00edo.\u00a0Dise\u00f1o modular y personalizable, f\u00e1ciles actualizaciones y mantenimiento. La bater\u00eda m\u00e1s ligera de 1800Wh proporciona agilidad en el agua. Bater\u00edas livianas y de larga duraci\u00f3n con capacidad de carga inversa pueden ser fuentes de energ\u00eda cuando se combinan con el cargador del inversor. Transmisi\u00f3n por\u00a0 se\u00f1al \u00f3ptica. La versi\u00f3n est\u00e1ndar tiene una potencia de salida de 4000W, emparejada con el planeador G1500 y un peso m\u00e1ximo de despegue de 90 kg.\u00a0El motor hace que el transporte de su volante evo sea sin esfuerzo.  \u00a0 Cons\u00faltenos para que le podamos asesorar.","og_url":"https:\/\/kitefoilwing.com\/?product=waydoo-flyer-evo-efoil-evo-pro-preorder","og_site_name":"KiteFoilWing","article_modified_time":"2025-06-02T14:16:39+00:00","og_image":[{"width":1600,"height":1600,"url":"https:\/\/kitefoilwing.com\/wp-content\/uploads\/2025\/05\/Waydoo_EVO_-1.webp","type":"image\/webp"}],"twitter_card":"summary_large_image","twitter_misc":{"Tiempo de lectura":"2 minutos"},"schema":{"@context":"https:\/\/schema.org","@graph":[{"@type":"WebPage","@id":"https:\/\/kitefoilwing.com\/?product=waydoo-flyer-evo-efoil-evo-pro-preorder","url":"https:\/\/kitefoilwing.com\/?product=waydoo-flyer-evo-efoil-evo-pro-preorder","name":"Waydoo Flyer Evo Efoil - EVO Pro -Preorder - KiteFoilWing","isPartOf":{"@id":"https:\/\/kitefoilwing.com\/#website"},"primaryImageOfPage":{"@id":"https:\/\/kitefoilwing.com\/?product=waydoo-flyer-evo-efoil-evo-pro-preorder#primaryimage"},"image":{"@id":"https:\/\/kitefoilwing.com\/?product=waydoo-flyer-evo-efoil-evo-pro-preorder#primaryimage"},"thumbnailUrl":"https:\/\/kitefoilwing.com\/wp-content\/uploads\/2025\/05\/Waydoo_EVO_-1.webp","datePublished":"2025-05-08T18:23:04+00:00","dateModified":"2025-06-02T14:16:39+00:00","breadcrumb":{"@id":"https:\/\/kitefoilwing.com\/?product=waydoo-flyer-evo-efoil-evo-pro-preorder#breadcrumb"},"inLanguage":"es","potentialAction":[{"@type":"ReadAction","target":["https:\/\/kitefoilwing.com\/?product=waydoo-flyer-evo-efoil-evo-pro-preorder"]}]},{"@type":"ImageObject","inLanguage":"es","@id":"https:\/\/kitefoilwing.com\/?product=waydoo-flyer-evo-efoil-evo-pro-preorder#primaryimage","url":"https:\/\/kitefoilwing.com\/wp-content\/uploads\/2025\/05\/Waydoo_EVO_-1.webp","contentUrl":"https:\/\/kitefoilwing.com\/wp-content\/uploads\/2025\/05\/Waydoo_EVO_-1.webp","width":1600,"height":1600},{"@type":"BreadcrumbList","@id":"https:\/\/kitefoilwing.com\/?product=waydoo-flyer-evo-efoil-evo-pro-preorder#breadcrumb","itemListElement":[{"@type":"ListItem","position":1,"name":"Portada","item":"https:\/\/kitefoilwing.com\/"},{"@type":"ListItem","position":2,"name":"Tienda","item":"https:\/\/kitefoilwing.com\/?page_id=6"},{"@type":"ListItem","position":3,"name":"Waydoo Flyer Evo Efoil &#8211; EVO Pro -Preorder"}]},{"@type":"WebSite","@id":"https:\/\/kitefoilwing.com\/#website","url":"https:\/\/kitefoilwing.com\/","name":"KiteFoilWing","description":"venta de kite foil wing","publisher":{"@id":"https:\/\/kitefoilwing.com\/#organization"},"potentialAction":[{"@type":"SearchAction","target":{"@type":"EntryPoint","urlTemplate":"https:\/\/kitefoilwing.com\/?s={search_term_string}"},"query-input":{"@type":"PropertyValueSpecification","valueRequired":true,"valueName":"search_term_string"}}],"inLanguage":"es"},{"@type":"Organization","@id":"https:\/\/kitefoilwing.com\/#organization","name":"KiteFoilWing","url":"https:\/\/kitefoilwing.com\/","logo":{"@type":"ImageObject","inLanguage":"es","@id":"https:\/\/kitefoilwing.com\/#\/schema\/logo\/image\/","url":"https:\/\/kitefoilwing.com\/wp-content\/uploads\/2025\/05\/LogoWeb.jpg","contentUrl":"https:\/\/kitefoilwing.com\/wp-content\/uploads\/2025\/05\/LogoWeb.jpg","width":725,"height":81,"caption":"KiteFoilWing"},"image":{"@id":"https:\/\/kitefoilwing.com\/#\/schema\/logo\/image\/"}}]}},"jetpack_sharing_enabled":true,"_links":{"self":[{"href":"https:\/\/kitefoilwing.com\/index.php?rest_route=\/wp\/v2\/product\/224","targetHints":{"allow":["GET"]}}],"collection":[{"href":"https:\/\/kitefoilwing.com\/index.php?rest_route=\/wp\/v2\/product"}],"about":[{"href":"https:\/\/kitefoilwing.com\/index.php?rest_route=\/wp\/v2\/types\/product"}],"replies":[{"embeddable":true,"href":"https:\/\/kitefoilwing.com\/index.php?rest_route=%2Fwp%2Fv2%2Fcomments&post=224"}],"wp:featuredmedia":[{"embeddable":true,"href":"https:\/\/kitefoilwing.com\/index.php?rest_route=\/wp\/v2\/media\/879"}],"wp:attachment":[{"href":"https:\/\/kitefoilwing.com\/index.php?rest_route=%2Fwp%2Fv2%2Fmedia&parent=224"}],"wp:term":[{"taxonomy":"product_brand","embeddable":true,"href":"https:\/\/kitefoilwing.com\/index.php?rest_route=%2Fwp%2Fv2%2Fproduct_brand&post=224"},{"taxonomy":"product_cat","embeddable":true,"href":"https:\/\/kitefoilwing.com\/index.php?rest_route=%2Fwp%2Fv2%2Fproduct_cat&post=224"},{"taxonomy":"product_tag","embeddable":true,"href":"https:\/\/kitefoilwing.com\/index.php?rest_route=%2Fwp%2Fv2%2Fproduct_tag&post=224"}],"curies":[{"name":"wp","href":"https:\/\/api.w.org\/{rel}","templated":true}]}}