{"id":215,"date":"2025-05-08T19:59:09","date_gmt":"2025-05-08T17:59:09","guid":{"rendered":"https:\/\/kitefoilwing.com\/?post_type=product&#038;p=215"},"modified":"2025-06-02T15:17:28","modified_gmt":"2025-06-02T15:17:28","slug":"footstraps-v-groove","status":"publish","type":"product","link":"https:\/\/kitefoilwing.com\/?product=footstraps-v-groove","title":{"rendered":"Footstraps V-Groove"},"content":{"rendered":"<p>El paquete incluye:<\/p>\n<p>\u2022 1 correa trasera simple<br \/>\n\u2022 1 correa V-Strap frontal doble<br \/>\n\u2022 5 tornillos de 6,0 x 25 mm<br \/>\n\u2022 4 soportes individuales<br \/>\n\u2022 1 soporte V<\/p>\n","protected":false},"excerpt":{"rendered":"<p>Footstraps para tablas de wing y kite foil, (con inserto central \u00fanico). Reducci\u00f3n de peso, pegado y premoldeado con espuma de doble densidad para m\u00e1xima comodidad, forrado con neopreno suave con costuras m\u00ednimas para reducir los puntos de presi\u00f3n. Se recomienda apretar firmemente los tornillos para lograr la m\u00e1xima sensaci\u00f3n de estabilidad.<\/p>\n","protected":false},"featured_media":904,"comment_status":"open","ping_status":"closed","template":"","meta":[],"product_brand":[],"product_cat":[17,23],"product_tag":[],"class_list":{"0":"post-215","1":"product","2":"type-product","3":"status-publish","4":"has-post-thumbnail","6":"product_cat-accesorios","7":"product_cat-tablasflygroove","9":"first","10":"instock","11":"shipping-taxable","12":"purchasable","13":"product-type-simple"},"yoast_head":"<!-- This site is optimized with the Yoast SEO plugin v26.7 - https:\/\/yoast.com\/wordpress\/plugins\/seo\/ -->\n<title>Footstraps V-Groove - KiteFoilWing<\/title>\n<meta name=\"robots\" content=\"index, follow, max-snippet:-1, max-image-preview:large, max-video-preview:-1\" \/>\n<link rel=\"canonical\" href=\"https:\/\/kitefoilwing.com\/?product=footstraps-v-groove\" \/>\n<meta property=\"og:locale\" content=\"es_ES\" \/>\n<meta property=\"og:type\" content=\"article\" \/>\n<meta property=\"og:title\" content=\"Footstraps V-Groove - KiteFoilWing\" \/>\n<meta property=\"og:description\" content=\"Footstraps para tablas de wing y kite foil, (con inserto central \u00fanico). Reducci\u00f3n de peso, pegado y premoldeado con espuma de doble densidad para m\u00e1xima comodidad, forrado con neopreno suave con costuras m\u00ednimas para reducir los puntos de presi\u00f3n. Se recomienda apretar firmemente los tornillos para lograr la m\u00e1xima sensaci\u00f3n de estabilidad.\" \/>\n<meta property=\"og:url\" content=\"https:\/\/kitefoilwing.com\/?product=footstraps-v-groove\" \/>\n<meta property=\"og:site_name\" content=\"KiteFoilWing\" \/>\n<meta property=\"article:modified_time\" content=\"2025-06-02T15:17:28+00:00\" \/>\n<meta property=\"og:image\" content=\"https:\/\/kitefoilwing.com\/wp-content\/uploads\/2025\/05\/groove-v-strap-set.jpg\" \/>\n\t<meta property=\"og:image:width\" content=\"900\" \/>\n\t<meta property=\"og:image:height\" content=\"900\" \/>\n\t<meta property=\"og:image:type\" content=\"image\/jpeg\" \/>\n<meta name=\"twitter:card\" content=\"summary_large_image\" \/>\n<meta name=\"twitter:label1\" content=\"Tiempo de lectura\" \/>\n\t<meta name=\"twitter:data1\" content=\"1 minuto\" \/>\n<script type=\"application\/ld+json\" class=\"yoast-schema-graph\">{\"@context\":\"https:\/\/schema.org\",\"@graph\":[{\"@type\":\"WebPage\",\"@id\":\"https:\/\/kitefoilwing.com\/?product=footstraps-v-groove\",\"url\":\"https:\/\/kitefoilwing.com\/?product=footstraps-v-groove\",\"name\":\"Footstraps V-Groove - KiteFoilWing\",\"isPartOf\":{\"@id\":\"https:\/\/kitefoilwing.com\/#website\"},\"primaryImageOfPage\":{\"@id\":\"https:\/\/kitefoilwing.com\/?product=footstraps-v-groove#primaryimage\"},\"image\":{\"@id\":\"https:\/\/kitefoilwing.com\/?product=footstraps-v-groove#primaryimage\"},\"thumbnailUrl\":\"https:\/\/kitefoilwing.com\/wp-content\/uploads\/2025\/05\/groove-v-strap-set.jpg\",\"datePublished\":\"2025-05-08T17:59:09+00:00\",\"dateModified\":\"2025-06-02T15:17:28+00:00\",\"breadcrumb\":{\"@id\":\"https:\/\/kitefoilwing.com\/?product=footstraps-v-groove#breadcrumb\"},\"inLanguage\":\"es\",\"potentialAction\":[{\"@type\":\"ReadAction\",\"target\":[\"https:\/\/kitefoilwing.com\/?product=footstraps-v-groove\"]}]},{\"@type\":\"ImageObject\",\"inLanguage\":\"es\",\"@id\":\"https:\/\/kitefoilwing.com\/?product=footstraps-v-groove#primaryimage\",\"url\":\"https:\/\/kitefoilwing.com\/wp-content\/uploads\/2025\/05\/groove-v-strap-set.jpg\",\"contentUrl\":\"https:\/\/kitefoilwing.com\/wp-content\/uploads\/2025\/05\/groove-v-strap-set.jpg\",\"width\":900,\"height\":900},{\"@type\":\"BreadcrumbList\",\"@id\":\"https:\/\/kitefoilwing.com\/?product=footstraps-v-groove#breadcrumb\",\"itemListElement\":[{\"@type\":\"ListItem\",\"position\":1,\"name\":\"Portada\",\"item\":\"https:\/\/kitefoilwing.com\/\"},{\"@type\":\"ListItem\",\"position\":2,\"name\":\"Tienda\",\"item\":\"https:\/\/kitefoilwing.com\/?page_id=6\"},{\"@type\":\"ListItem\",\"position\":3,\"name\":\"Footstraps V-Groove\"}]},{\"@type\":\"WebSite\",\"@id\":\"https:\/\/kitefoilwing.com\/#website\",\"url\":\"https:\/\/kitefoilwing.com\/\",\"name\":\"KiteFoilWing\",\"description\":\"venta de kite foil wing\",\"publisher\":{\"@id\":\"https:\/\/kitefoilwing.com\/#organization\"},\"potentialAction\":[{\"@type\":\"SearchAction\",\"target\":{\"@type\":\"EntryPoint\",\"urlTemplate\":\"https:\/\/kitefoilwing.com\/?s={search_term_string}\"},\"query-input\":{\"@type\":\"PropertyValueSpecification\",\"valueRequired\":true,\"valueName\":\"search_term_string\"}}],\"inLanguage\":\"es\"},{\"@type\":\"Organization\",\"@id\":\"https:\/\/kitefoilwing.com\/#organization\",\"name\":\"KiteFoilWing\",\"url\":\"https:\/\/kitefoilwing.com\/\",\"logo\":{\"@type\":\"ImageObject\",\"inLanguage\":\"es\",\"@id\":\"https:\/\/kitefoilwing.com\/#\/schema\/logo\/image\/\",\"url\":\"https:\/\/kitefoilwing.com\/wp-content\/uploads\/2025\/05\/LogoWeb.jpg\",\"contentUrl\":\"https:\/\/kitefoilwing.com\/wp-content\/uploads\/2025\/05\/LogoWeb.jpg\",\"width\":725,\"height\":81,\"caption\":\"KiteFoilWing\"},\"image\":{\"@id\":\"https:\/\/kitefoilwing.com\/#\/schema\/logo\/image\/\"}}]}<\/script>\n<!-- \/ Yoast SEO plugin. -->","yoast_head_json":{"title":"Footstraps V-Groove - KiteFoilWing","robots":{"index":"index","follow":"follow","max-snippet":"max-snippet:-1","max-image-preview":"max-image-preview:large","max-video-preview":"max-video-preview:-1"},"canonical":"https:\/\/kitefoilwing.com\/?product=footstraps-v-groove","og_locale":"es_ES","og_type":"article","og_title":"Footstraps V-Groove - KiteFoilWing","og_description":"Footstraps para tablas de wing y kite foil, (con inserto central \u00fanico). Reducci\u00f3n de peso, pegado y premoldeado con espuma de doble densidad para m\u00e1xima comodidad, forrado con neopreno suave con costuras m\u00ednimas para reducir los puntos de presi\u00f3n. Se recomienda apretar firmemente los tornillos para lograr la m\u00e1xima sensaci\u00f3n de estabilidad.","og_url":"https:\/\/kitefoilwing.com\/?product=footstraps-v-groove","og_site_name":"KiteFoilWing","article_modified_time":"2025-06-02T15:17:28+00:00","og_image":[{"width":900,"height":900,"url":"https:\/\/kitefoilwing.com\/wp-content\/uploads\/2025\/05\/groove-v-strap-set.jpg","type":"image\/jpeg"}],"twitter_card":"summary_large_image","twitter_misc":{"Tiempo de lectura":"1 minuto"},"schema":{"@context":"https:\/\/schema.org","@graph":[{"@type":"WebPage","@id":"https:\/\/kitefoilwing.com\/?product=footstraps-v-groove","url":"https:\/\/kitefoilwing.com\/?product=footstraps-v-groove","name":"Footstraps V-Groove - KiteFoilWing","isPartOf":{"@id":"https:\/\/kitefoilwing.com\/#website"},"primaryImageOfPage":{"@id":"https:\/\/kitefoilwing.com\/?product=footstraps-v-groove#primaryimage"},"image":{"@id":"https:\/\/kitefoilwing.com\/?product=footstraps-v-groove#primaryimage"},"thumbnailUrl":"https:\/\/kitefoilwing.com\/wp-content\/uploads\/2025\/05\/groove-v-strap-set.jpg","datePublished":"2025-05-08T17:59:09+00:00","dateModified":"2025-06-02T15:17:28+00:00","breadcrumb":{"@id":"https:\/\/kitefoilwing.com\/?product=footstraps-v-groove#breadcrumb"},"inLanguage":"es","potentialAction":[{"@type":"ReadAction","target":["https:\/\/kitefoilwing.com\/?product=footstraps-v-groove"]}]},{"@type":"ImageObject","inLanguage":"es","@id":"https:\/\/kitefoilwing.com\/?product=footstraps-v-groove#primaryimage","url":"https:\/\/kitefoilwing.com\/wp-content\/uploads\/2025\/05\/groove-v-strap-set.jpg","contentUrl":"https:\/\/kitefoilwing.com\/wp-content\/uploads\/2025\/05\/groove-v-strap-set.jpg","width":900,"height":900},{"@type":"BreadcrumbList","@id":"https:\/\/kitefoilwing.com\/?product=footstraps-v-groove#breadcrumb","itemListElement":[{"@type":"ListItem","position":1,"name":"Portada","item":"https:\/\/kitefoilwing.com\/"},{"@type":"ListItem","position":2,"name":"Tienda","item":"https:\/\/kitefoilwing.com\/?page_id=6"},{"@type":"ListItem","position":3,"name":"Footstraps V-Groove"}]},{"@type":"WebSite","@id":"https:\/\/kitefoilwing.com\/#website","url":"https:\/\/kitefoilwing.com\/","name":"KiteFoilWing","description":"venta de kite foil wing","publisher":{"@id":"https:\/\/kitefoilwing.com\/#organization"},"potentialAction":[{"@type":"SearchAction","target":{"@type":"EntryPoint","urlTemplate":"https:\/\/kitefoilwing.com\/?s={search_term_string}"},"query-input":{"@type":"PropertyValueSpecification","valueRequired":true,"valueName":"search_term_string"}}],"inLanguage":"es"},{"@type":"Organization","@id":"https:\/\/kitefoilwing.com\/#organization","name":"KiteFoilWing","url":"https:\/\/kitefoilwing.com\/","logo":{"@type":"ImageObject","inLanguage":"es","@id":"https:\/\/kitefoilwing.com\/#\/schema\/logo\/image\/","url":"https:\/\/kitefoilwing.com\/wp-content\/uploads\/2025\/05\/LogoWeb.jpg","contentUrl":"https:\/\/kitefoilwing.com\/wp-content\/uploads\/2025\/05\/LogoWeb.jpg","width":725,"height":81,"caption":"KiteFoilWing"},"image":{"@id":"https:\/\/kitefoilwing.com\/#\/schema\/logo\/image\/"}}]}},"jetpack_sharing_enabled":true,"_links":{"self":[{"href":"https:\/\/kitefoilwing.com\/index.php?rest_route=\/wp\/v2\/product\/215","targetHints":{"allow":["GET"]}}],"collection":[{"href":"https:\/\/kitefoilwing.com\/index.php?rest_route=\/wp\/v2\/product"}],"about":[{"href":"https:\/\/kitefoilwing.com\/index.php?rest_route=\/wp\/v2\/types\/product"}],"replies":[{"embeddable":true,"href":"https:\/\/kitefoilwing.com\/index.php?rest_route=%2Fwp%2Fv2%2Fcomments&post=215"}],"wp:featuredmedia":[{"embeddable":true,"href":"https:\/\/kitefoilwing.com\/index.php?rest_route=\/wp\/v2\/media\/904"}],"wp:attachment":[{"href":"https:\/\/kitefoilwing.com\/index.php?rest_route=%2Fwp%2Fv2%2Fmedia&parent=215"}],"wp:term":[{"taxonomy":"product_brand","embeddable":true,"href":"https:\/\/kitefoilwing.com\/index.php?rest_route=%2Fwp%2Fv2%2Fproduct_brand&post=215"},{"taxonomy":"product_cat","embeddable":true,"href":"https:\/\/kitefoilwing.com\/index.php?rest_route=%2Fwp%2Fv2%2Fproduct_cat&post=215"},{"taxonomy":"product_tag","embeddable":true,"href":"https:\/\/kitefoilwing.com\/index.php?rest_route=%2Fwp%2Fv2%2Fproduct_tag&post=215"}],"curies":[{"name":"wp","href":"https:\/\/api.w.org\/{rel}","templated":true}]}}