{"id":195,"date":"2025-05-08T19:18:40","date_gmt":"2025-05-08T17:18:40","guid":{"rendered":"https:\/\/kitefoilwing.com\/?post_type=product&#038;p=195"},"modified":"2025-06-02T15:36:09","modified_gmt":"2025-06-02T15:36:09","slug":"g-style-tabla-de-wingfoil","status":"publish","type":"product","link":"https:\/\/kitefoilwing.com\/?product=g-style-tabla-de-wingfoil","title":{"rendered":"G-Style tabla de WingFoil"},"content":{"rendered":"<p><strong>Perfecta para estilo libre, carreras y condiciones de viento<\/strong><br \/>\nEsto no es solo una tabla, es\u00a0<strong>una extensi\u00f3n de tu estilo de conducci\u00f3n<\/strong>\u00a0.<br \/>\nDescubre el G-STYLE y lleva tu foil al siguiente nivel.<\/p>\n<p>Footstraps incluidas<\/p>\n<p>Enganches disponibles: US Box \/ Tuttle Box \/ Us + Tuttle Box<\/p>\n<p>TALLAS DISPONIBLES:<\/p>\n<ul>\n<li>45 litros (135 x 51 x 9,5)<\/li>\n<li>55 Lt. (140 x 55 x 9,5)<\/li>\n<li>65 Lt. (148 x 60 x 11)<\/li>\n<li>75 litros (150 x 65 x 11)<\/li>\n<li>85 litros (154 x 67 x 12)<\/li>\n<li>95 litros (164 x 68 x 12,5)<\/li>\n<\/ul>\n<p>Para colores personalizados<br \/>\nseleccione la opci\u00f3n \u201cOtro\u201d y nos pondremos en contacto con usted para acordar el color.<\/p>\n","protected":false},"excerpt":{"rendered":"<p><strong>G-STYLE \u2013 El ADN de la velocidad en una tabla compacta<\/strong>\u00a0\u26a1<br \/>\nAgilidad, precisi\u00f3n y control absoluto: la G-Style es la tabla ideal para aquellos que quieren llevar su nivel al siguiente nivel en wingfoil.<\/p>\n<p>Con su forma minimalista, esta tabla fue creada para riders expertos que buscan reactividad inmediata, arranques ultrarr\u00e1pidos y una conexi\u00f3n directa con el foil.<br \/>\nCada detalle est\u00e1 dise\u00f1ado para ofrecer el m\u00e1ximo rendimiento, sin concesiones.<\/p>\n","protected":false},"featured_media":900,"comment_status":"open","ping_status":"closed","template":"","meta":[],"product_brand":[],"product_cat":[23],"product_tag":[],"class_list":{"0":"post-195","1":"product","2":"type-product","3":"status-publish","4":"has-post-thumbnail","6":"product_cat-tablasflygroove","8":"first","9":"outofstock","10":"shipping-taxable","11":"purchasable","12":"product-type-variable"},"yoast_head":"<!-- This site is optimized with the Yoast SEO plugin v26.7 - https:\/\/yoast.com\/wordpress\/plugins\/seo\/ -->\n<title>G-Style tabla de WingFoil - KiteFoilWing<\/title>\n<meta name=\"robots\" content=\"index, follow, max-snippet:-1, max-image-preview:large, max-video-preview:-1\" \/>\n<link rel=\"canonical\" href=\"https:\/\/kitefoilwing.com\/?product=g-style-tabla-de-wingfoil\" \/>\n<meta property=\"og:locale\" content=\"es_ES\" \/>\n<meta property=\"og:type\" content=\"article\" \/>\n<meta property=\"og:title\" content=\"G-Style tabla de WingFoil - KiteFoilWing\" \/>\n<meta property=\"og:description\" content=\"G-STYLE \u2013 El ADN de la velocidad en una tabla compacta\u00a0\u26a1 Agilidad, precisi\u00f3n y control absoluto: la G-Style es la tabla ideal para aquellos que quieren llevar su nivel al siguiente nivel en wingfoil.  Con su forma minimalista, esta tabla fue creada para riders expertos que buscan reactividad inmediata, arranques ultrarr\u00e1pidos y una conexi\u00f3n directa con el foil. Cada detalle est\u00e1 dise\u00f1ado para ofrecer el m\u00e1ximo rendimiento, sin concesiones.\" \/>\n<meta property=\"og:url\" content=\"https:\/\/kitefoilwing.com\/?product=g-style-tabla-de-wingfoil\" \/>\n<meta property=\"og:site_name\" content=\"KiteFoilWing\" \/>\n<meta property=\"article:modified_time\" content=\"2025-06-02T15:36:09+00:00\" \/>\n<meta property=\"og:image\" content=\"https:\/\/kitefoilwing.com\/wp-content\/uploads\/2025\/05\/g-style1.jpg\" \/>\n\t<meta property=\"og:image:width\" content=\"800\" \/>\n\t<meta property=\"og:image:height\" content=\"1000\" \/>\n\t<meta property=\"og:image:type\" content=\"image\/jpeg\" \/>\n<meta name=\"twitter:card\" content=\"summary_large_image\" \/>\n<meta name=\"twitter:label1\" content=\"Tiempo de lectura\" \/>\n\t<meta name=\"twitter:data1\" content=\"1 minuto\" \/>\n<script type=\"application\/ld+json\" class=\"yoast-schema-graph\">{\"@context\":\"https:\/\/schema.org\",\"@graph\":[{\"@type\":\"WebPage\",\"@id\":\"https:\/\/kitefoilwing.com\/?product=g-style-tabla-de-wingfoil\",\"url\":\"https:\/\/kitefoilwing.com\/?product=g-style-tabla-de-wingfoil\",\"name\":\"G-Style tabla de WingFoil - KiteFoilWing\",\"isPartOf\":{\"@id\":\"https:\/\/kitefoilwing.com\/#website\"},\"primaryImageOfPage\":{\"@id\":\"https:\/\/kitefoilwing.com\/?product=g-style-tabla-de-wingfoil#primaryimage\"},\"image\":{\"@id\":\"https:\/\/kitefoilwing.com\/?product=g-style-tabla-de-wingfoil#primaryimage\"},\"thumbnailUrl\":\"https:\/\/kitefoilwing.com\/wp-content\/uploads\/2025\/05\/g-style1.jpg\",\"datePublished\":\"2025-05-08T17:18:40+00:00\",\"dateModified\":\"2025-06-02T15:36:09+00:00\",\"breadcrumb\":{\"@id\":\"https:\/\/kitefoilwing.com\/?product=g-style-tabla-de-wingfoil#breadcrumb\"},\"inLanguage\":\"es\",\"potentialAction\":[{\"@type\":\"ReadAction\",\"target\":[\"https:\/\/kitefoilwing.com\/?product=g-style-tabla-de-wingfoil\"]}]},{\"@type\":\"ImageObject\",\"inLanguage\":\"es\",\"@id\":\"https:\/\/kitefoilwing.com\/?product=g-style-tabla-de-wingfoil#primaryimage\",\"url\":\"https:\/\/kitefoilwing.com\/wp-content\/uploads\/2025\/05\/g-style1.jpg\",\"contentUrl\":\"https:\/\/kitefoilwing.com\/wp-content\/uploads\/2025\/05\/g-style1.jpg\",\"width\":800,\"height\":1000},{\"@type\":\"BreadcrumbList\",\"@id\":\"https:\/\/kitefoilwing.com\/?product=g-style-tabla-de-wingfoil#breadcrumb\",\"itemListElement\":[{\"@type\":\"ListItem\",\"position\":1,\"name\":\"Portada\",\"item\":\"https:\/\/kitefoilwing.com\/\"},{\"@type\":\"ListItem\",\"position\":2,\"name\":\"Tienda\",\"item\":\"https:\/\/kitefoilwing.com\/?page_id=6\"},{\"@type\":\"ListItem\",\"position\":3,\"name\":\"G-Style tabla de WingFoil\"}]},{\"@type\":\"WebSite\",\"@id\":\"https:\/\/kitefoilwing.com\/#website\",\"url\":\"https:\/\/kitefoilwing.com\/\",\"name\":\"KiteFoilWing\",\"description\":\"venta de kite foil wing\",\"publisher\":{\"@id\":\"https:\/\/kitefoilwing.com\/#organization\"},\"potentialAction\":[{\"@type\":\"SearchAction\",\"target\":{\"@type\":\"EntryPoint\",\"urlTemplate\":\"https:\/\/kitefoilwing.com\/?s={search_term_string}\"},\"query-input\":{\"@type\":\"PropertyValueSpecification\",\"valueRequired\":true,\"valueName\":\"search_term_string\"}}],\"inLanguage\":\"es\"},{\"@type\":\"Organization\",\"@id\":\"https:\/\/kitefoilwing.com\/#organization\",\"name\":\"KiteFoilWing\",\"url\":\"https:\/\/kitefoilwing.com\/\",\"logo\":{\"@type\":\"ImageObject\",\"inLanguage\":\"es\",\"@id\":\"https:\/\/kitefoilwing.com\/#\/schema\/logo\/image\/\",\"url\":\"https:\/\/kitefoilwing.com\/wp-content\/uploads\/2025\/05\/LogoWeb.jpg\",\"contentUrl\":\"https:\/\/kitefoilwing.com\/wp-content\/uploads\/2025\/05\/LogoWeb.jpg\",\"width\":725,\"height\":81,\"caption\":\"KiteFoilWing\"},\"image\":{\"@id\":\"https:\/\/kitefoilwing.com\/#\/schema\/logo\/image\/\"}}]}<\/script>\n<!-- \/ Yoast SEO plugin. -->","yoast_head_json":{"title":"G-Style tabla de WingFoil - KiteFoilWing","robots":{"index":"index","follow":"follow","max-snippet":"max-snippet:-1","max-image-preview":"max-image-preview:large","max-video-preview":"max-video-preview:-1"},"canonical":"https:\/\/kitefoilwing.com\/?product=g-style-tabla-de-wingfoil","og_locale":"es_ES","og_type":"article","og_title":"G-Style tabla de WingFoil - KiteFoilWing","og_description":"G-STYLE \u2013 El ADN de la velocidad en una tabla compacta\u00a0\u26a1 Agilidad, precisi\u00f3n y control absoluto: la G-Style es la tabla ideal para aquellos que quieren llevar su nivel al siguiente nivel en wingfoil.  Con su forma minimalista, esta tabla fue creada para riders expertos que buscan reactividad inmediata, arranques ultrarr\u00e1pidos y una conexi\u00f3n directa con el foil. Cada detalle est\u00e1 dise\u00f1ado para ofrecer el m\u00e1ximo rendimiento, sin concesiones.","og_url":"https:\/\/kitefoilwing.com\/?product=g-style-tabla-de-wingfoil","og_site_name":"KiteFoilWing","article_modified_time":"2025-06-02T15:36:09+00:00","og_image":[{"width":800,"height":1000,"url":"https:\/\/kitefoilwing.com\/wp-content\/uploads\/2025\/05\/g-style1.jpg","type":"image\/jpeg"}],"twitter_card":"summary_large_image","twitter_misc":{"Tiempo de lectura":"1 minuto"},"schema":{"@context":"https:\/\/schema.org","@graph":[{"@type":"WebPage","@id":"https:\/\/kitefoilwing.com\/?product=g-style-tabla-de-wingfoil","url":"https:\/\/kitefoilwing.com\/?product=g-style-tabla-de-wingfoil","name":"G-Style tabla de WingFoil - KiteFoilWing","isPartOf":{"@id":"https:\/\/kitefoilwing.com\/#website"},"primaryImageOfPage":{"@id":"https:\/\/kitefoilwing.com\/?product=g-style-tabla-de-wingfoil#primaryimage"},"image":{"@id":"https:\/\/kitefoilwing.com\/?product=g-style-tabla-de-wingfoil#primaryimage"},"thumbnailUrl":"https:\/\/kitefoilwing.com\/wp-content\/uploads\/2025\/05\/g-style1.jpg","datePublished":"2025-05-08T17:18:40+00:00","dateModified":"2025-06-02T15:36:09+00:00","breadcrumb":{"@id":"https:\/\/kitefoilwing.com\/?product=g-style-tabla-de-wingfoil#breadcrumb"},"inLanguage":"es","potentialAction":[{"@type":"ReadAction","target":["https:\/\/kitefoilwing.com\/?product=g-style-tabla-de-wingfoil"]}]},{"@type":"ImageObject","inLanguage":"es","@id":"https:\/\/kitefoilwing.com\/?product=g-style-tabla-de-wingfoil#primaryimage","url":"https:\/\/kitefoilwing.com\/wp-content\/uploads\/2025\/05\/g-style1.jpg","contentUrl":"https:\/\/kitefoilwing.com\/wp-content\/uploads\/2025\/05\/g-style1.jpg","width":800,"height":1000},{"@type":"BreadcrumbList","@id":"https:\/\/kitefoilwing.com\/?product=g-style-tabla-de-wingfoil#breadcrumb","itemListElement":[{"@type":"ListItem","position":1,"name":"Portada","item":"https:\/\/kitefoilwing.com\/"},{"@type":"ListItem","position":2,"name":"Tienda","item":"https:\/\/kitefoilwing.com\/?page_id=6"},{"@type":"ListItem","position":3,"name":"G-Style tabla de WingFoil"}]},{"@type":"WebSite","@id":"https:\/\/kitefoilwing.com\/#website","url":"https:\/\/kitefoilwing.com\/","name":"KiteFoilWing","description":"venta de kite foil wing","publisher":{"@id":"https:\/\/kitefoilwing.com\/#organization"},"potentialAction":[{"@type":"SearchAction","target":{"@type":"EntryPoint","urlTemplate":"https:\/\/kitefoilwing.com\/?s={search_term_string}"},"query-input":{"@type":"PropertyValueSpecification","valueRequired":true,"valueName":"search_term_string"}}],"inLanguage":"es"},{"@type":"Organization","@id":"https:\/\/kitefoilwing.com\/#organization","name":"KiteFoilWing","url":"https:\/\/kitefoilwing.com\/","logo":{"@type":"ImageObject","inLanguage":"es","@id":"https:\/\/kitefoilwing.com\/#\/schema\/logo\/image\/","url":"https:\/\/kitefoilwing.com\/wp-content\/uploads\/2025\/05\/LogoWeb.jpg","contentUrl":"https:\/\/kitefoilwing.com\/wp-content\/uploads\/2025\/05\/LogoWeb.jpg","width":725,"height":81,"caption":"KiteFoilWing"},"image":{"@id":"https:\/\/kitefoilwing.com\/#\/schema\/logo\/image\/"}}]}},"jetpack_sharing_enabled":true,"_links":{"self":[{"href":"https:\/\/kitefoilwing.com\/index.php?rest_route=\/wp\/v2\/product\/195","targetHints":{"allow":["GET"]}}],"collection":[{"href":"https:\/\/kitefoilwing.com\/index.php?rest_route=\/wp\/v2\/product"}],"about":[{"href":"https:\/\/kitefoilwing.com\/index.php?rest_route=\/wp\/v2\/types\/product"}],"replies":[{"embeddable":true,"href":"https:\/\/kitefoilwing.com\/index.php?rest_route=%2Fwp%2Fv2%2Fcomments&post=195"}],"wp:featuredmedia":[{"embeddable":true,"href":"https:\/\/kitefoilwing.com\/index.php?rest_route=\/wp\/v2\/media\/900"}],"wp:attachment":[{"href":"https:\/\/kitefoilwing.com\/index.php?rest_route=%2Fwp%2Fv2%2Fmedia&parent=195"}],"wp:term":[{"taxonomy":"product_brand","embeddable":true,"href":"https:\/\/kitefoilwing.com\/index.php?rest_route=%2Fwp%2Fv2%2Fproduct_brand&post=195"},{"taxonomy":"product_cat","embeddable":true,"href":"https:\/\/kitefoilwing.com\/index.php?rest_route=%2Fwp%2Fv2%2Fproduct_cat&post=195"},{"taxonomy":"product_tag","embeddable":true,"href":"https:\/\/kitefoilwing.com\/index.php?rest_route=%2Fwp%2Fv2%2Fproduct_tag&post=195"}],"curies":[{"name":"wp","href":"https:\/\/api.w.org\/{rel}","templated":true}]}}