{"id":191,"date":"2025-05-08T19:05:42","date_gmt":"2025-05-08T17:05:42","guid":{"rendered":"https:\/\/kitefoilwing.com\/?post_type=product&#038;p=191"},"modified":"2025-06-02T15:31:43","modified_gmt":"2025-06-02T15:31:43","slug":"g-race-2025-tabla-wingfoil","status":"publish","type":"product","link":"https:\/\/kitefoilwing.com\/?product=g-race-2025-tabla-wingfoil","title":{"rendered":"G-Race 2025 tabla WingFoil"},"content":{"rendered":"<h3>Caracter\u00edsticas :<\/h3>\n<p>R\u00e1pido salida al planeo,la G-Race 2025 comienza a planear antes<br \/>\nEstabilidad mejorada: los bordes afilados ofrecen un mayor control y precisi\u00f3n, mejorando la estabilidad tanto al empujar como al caminar.<br \/>\nDise\u00f1o optimizado: perfiles refinados para reducir la resistencia y lograr transiciones m\u00e1s suaves.<br \/>\nPotencia Tuttle con inclinaci\u00f3n ajustable: el innovador sistema permite cambiar el \u00e1ngulo de la columna gracias a espaciadores especiales, ofreciendo una configuraci\u00f3n personalizada para cada condici\u00f3n y estilo de conducci\u00f3n. Variando la inclinaci\u00f3n del tablero hasta 4 grados positivos o negativos. Para el uso con rieles, es posible pedir por separado un juego de calzas de carbono de 1 a 3 grados.<\/p>\n<h3>Medidas:<\/h3>\n<p>65L \u2013 168x50x10 cm<br \/>\n75L \u2013 172x51x12 cm<br \/>\n80L \u2013 172x52x12 cm<br \/>\n85L \u2013 172x52x13 cm<br \/>\n95L \u2013 175x54x15.5 cm<\/p>\n<p>La FlyGroove G-Race 2025 es la tabla definitiva para quienes buscan lo \u00faltimo en competici\u00f3n. M\u00e1s receptivo, m\u00e1s r\u00e1pido, m\u00e1s estable. \u00bfEst\u00e1s listo para llevar tu rendimiento al siguiente nivel?<\/p>\n<p>Disponible con anclajes: Us Box \/ Tuttle Box \/ Tuttle Box modular (con 2 kits espaciadores) \/ Us + Tuttle Box \/ Us + Tuttle Box modular<\/p>\n<p>El precio no varia ni con la media , ni con el color, solo varia con el cajet\u00edn que seleccione.<\/p>\n<p>Us Box o Tuttle Box, 2200 euros.<\/p>\n<p>Us + Tuttle Box o Tuttle Box modulable, 2250 euros<\/p>\n<p>Us + Tuttle Box modulable, 2350 euros<\/p>\n<p><strong>Con dos juegos de calzas para cambiar la inclinaci\u00f3n de 1 a 3 grados.<\/strong><\/p>\n","protected":false},"excerpt":{"rendered":"<h3>Flygroove G-race 2025: La evoluci\u00f3n del rendimiento en carreras Wingfoil<\/h3>\n<p>Desarrollado en colaboraci\u00f3n con atletas profesionales, el nuevo FlyGroove G-Race 2025 ha sido completamente redise\u00f1ado para ofrecer velocidad, estabilidad y rendimiento sin concesiones.<\/p>\n<p>Hemos revisado el dise\u00f1o y la forma, para optimizar el arranque y el deslizamiento en el agua. Esto nos llev\u00f3 a desarrollar un ajuste perfecto con diferentes espesores para diferentes vol\u00famenes.<em>El precio no varia ni con la media , ni con el color, solo varia con el cajet\u00edn que seleccione.<\/em><\/p>\n<ul>\n<li>Us Box o Tuttle Box, 2200 euros.<\/li>\n<li>Us + Tuttle Box o Tuttle Box modulable, 2250 euros<\/li>\n<li>Us + Tuttle Box modulable, 2350 euros<\/li>\n<\/ul>\n","protected":false},"featured_media":896,"comment_status":"open","ping_status":"closed","template":"","meta":[],"product_brand":[],"product_cat":[23],"product_tag":[],"class_list":{"0":"post-191","1":"product","2":"type-product","3":"status-publish","4":"has-post-thumbnail","6":"product_cat-tablasflygroove","8":"first","9":"outofstock","10":"shipping-taxable","11":"purchasable","12":"product-type-variable"},"yoast_head":"<!-- This site is optimized with the Yoast SEO plugin v26.7 - https:\/\/yoast.com\/wordpress\/plugins\/seo\/ -->\n<title>G-Race 2025 tabla WingFoil - KiteFoilWing<\/title>\n<meta name=\"robots\" content=\"index, follow, max-snippet:-1, max-image-preview:large, max-video-preview:-1\" \/>\n<link rel=\"canonical\" href=\"https:\/\/kitefoilwing.com\/?product=g-race-2025-tabla-wingfoil\" \/>\n<meta property=\"og:locale\" content=\"es_ES\" \/>\n<meta property=\"og:type\" content=\"article\" \/>\n<meta property=\"og:title\" content=\"G-Race 2025 tabla WingFoil - KiteFoilWing\" \/>\n<meta property=\"og:description\" content=\"Flygroove G-race 2025: La evoluci\u00f3n del rendimiento en carreras Wingfoil Desarrollado en colaboraci\u00f3n con atletas profesionales, el nuevo FlyGroove G-Race 2025 ha sido completamente redise\u00f1ado para ofrecer velocidad, estabilidad y rendimiento sin concesiones.  Hemos revisado el dise\u00f1o y la forma, para optimizar el arranque y el deslizamiento en el agua. Esto nos llev\u00f3 a desarrollar un ajuste perfecto con diferentes espesores para diferentes vol\u00famenes.El precio no varia ni con la media , ni con el color, solo varia con el cajet\u00edn que seleccione.   Us Box o Tuttle Box, 2200 euros.  Us + Tuttle Box o Tuttle Box modulable, 2250 euros  Us + Tuttle Box modulable, 2350 euros\" \/>\n<meta property=\"og:url\" content=\"https:\/\/kitefoilwing.com\/?product=g-race-2025-tabla-wingfoil\" \/>\n<meta property=\"og:site_name\" content=\"KiteFoilWing\" \/>\n<meta property=\"article:modified_time\" content=\"2025-06-02T15:31:43+00:00\" \/>\n<meta property=\"og:image\" content=\"https:\/\/kitefoilwing.com\/wp-content\/uploads\/2025\/05\/g-race-pink.webp\" \/>\n\t<meta property=\"og:image:width\" content=\"768\" \/>\n\t<meta property=\"og:image:height\" content=\"1024\" \/>\n\t<meta property=\"og:image:type\" content=\"image\/webp\" \/>\n<meta name=\"twitter:card\" content=\"summary_large_image\" \/>\n<meta name=\"twitter:label1\" content=\"Tiempo de lectura\" \/>\n\t<meta name=\"twitter:data1\" content=\"2 minutos\" \/>\n<script type=\"application\/ld+json\" class=\"yoast-schema-graph\">{\"@context\":\"https:\/\/schema.org\",\"@graph\":[{\"@type\":\"WebPage\",\"@id\":\"https:\/\/kitefoilwing.com\/?product=g-race-2025-tabla-wingfoil\",\"url\":\"https:\/\/kitefoilwing.com\/?product=g-race-2025-tabla-wingfoil\",\"name\":\"G-Race 2025 tabla WingFoil - KiteFoilWing\",\"isPartOf\":{\"@id\":\"https:\/\/kitefoilwing.com\/#website\"},\"primaryImageOfPage\":{\"@id\":\"https:\/\/kitefoilwing.com\/?product=g-race-2025-tabla-wingfoil#primaryimage\"},\"image\":{\"@id\":\"https:\/\/kitefoilwing.com\/?product=g-race-2025-tabla-wingfoil#primaryimage\"},\"thumbnailUrl\":\"https:\/\/kitefoilwing.com\/wp-content\/uploads\/2025\/05\/g-race-pink.webp\",\"datePublished\":\"2025-05-08T17:05:42+00:00\",\"dateModified\":\"2025-06-02T15:31:43+00:00\",\"breadcrumb\":{\"@id\":\"https:\/\/kitefoilwing.com\/?product=g-race-2025-tabla-wingfoil#breadcrumb\"},\"inLanguage\":\"es\",\"potentialAction\":[{\"@type\":\"ReadAction\",\"target\":[\"https:\/\/kitefoilwing.com\/?product=g-race-2025-tabla-wingfoil\"]}]},{\"@type\":\"ImageObject\",\"inLanguage\":\"es\",\"@id\":\"https:\/\/kitefoilwing.com\/?product=g-race-2025-tabla-wingfoil#primaryimage\",\"url\":\"https:\/\/kitefoilwing.com\/wp-content\/uploads\/2025\/05\/g-race-pink.webp\",\"contentUrl\":\"https:\/\/kitefoilwing.com\/wp-content\/uploads\/2025\/05\/g-race-pink.webp\",\"width\":768,\"height\":1024},{\"@type\":\"BreadcrumbList\",\"@id\":\"https:\/\/kitefoilwing.com\/?product=g-race-2025-tabla-wingfoil#breadcrumb\",\"itemListElement\":[{\"@type\":\"ListItem\",\"position\":1,\"name\":\"Portada\",\"item\":\"https:\/\/kitefoilwing.com\/\"},{\"@type\":\"ListItem\",\"position\":2,\"name\":\"Tienda\",\"item\":\"https:\/\/kitefoilwing.com\/?page_id=6\"},{\"@type\":\"ListItem\",\"position\":3,\"name\":\"G-Race 2025 tabla WingFoil\"}]},{\"@type\":\"WebSite\",\"@id\":\"https:\/\/kitefoilwing.com\/#website\",\"url\":\"https:\/\/kitefoilwing.com\/\",\"name\":\"KiteFoilWing\",\"description\":\"venta de kite foil wing\",\"publisher\":{\"@id\":\"https:\/\/kitefoilwing.com\/#organization\"},\"potentialAction\":[{\"@type\":\"SearchAction\",\"target\":{\"@type\":\"EntryPoint\",\"urlTemplate\":\"https:\/\/kitefoilwing.com\/?s={search_term_string}\"},\"query-input\":{\"@type\":\"PropertyValueSpecification\",\"valueRequired\":true,\"valueName\":\"search_term_string\"}}],\"inLanguage\":\"es\"},{\"@type\":\"Organization\",\"@id\":\"https:\/\/kitefoilwing.com\/#organization\",\"name\":\"KiteFoilWing\",\"url\":\"https:\/\/kitefoilwing.com\/\",\"logo\":{\"@type\":\"ImageObject\",\"inLanguage\":\"es\",\"@id\":\"https:\/\/kitefoilwing.com\/#\/schema\/logo\/image\/\",\"url\":\"https:\/\/kitefoilwing.com\/wp-content\/uploads\/2025\/05\/LogoWeb.jpg\",\"contentUrl\":\"https:\/\/kitefoilwing.com\/wp-content\/uploads\/2025\/05\/LogoWeb.jpg\",\"width\":725,\"height\":81,\"caption\":\"KiteFoilWing\"},\"image\":{\"@id\":\"https:\/\/kitefoilwing.com\/#\/schema\/logo\/image\/\"}}]}<\/script>\n<!-- \/ Yoast SEO plugin. -->","yoast_head_json":{"title":"G-Race 2025 tabla WingFoil - KiteFoilWing","robots":{"index":"index","follow":"follow","max-snippet":"max-snippet:-1","max-image-preview":"max-image-preview:large","max-video-preview":"max-video-preview:-1"},"canonical":"https:\/\/kitefoilwing.com\/?product=g-race-2025-tabla-wingfoil","og_locale":"es_ES","og_type":"article","og_title":"G-Race 2025 tabla WingFoil - KiteFoilWing","og_description":"Flygroove G-race 2025: La evoluci\u00f3n del rendimiento en carreras Wingfoil Desarrollado en colaboraci\u00f3n con atletas profesionales, el nuevo FlyGroove G-Race 2025 ha sido completamente redise\u00f1ado para ofrecer velocidad, estabilidad y rendimiento sin concesiones.  Hemos revisado el dise\u00f1o y la forma, para optimizar el arranque y el deslizamiento en el agua. Esto nos llev\u00f3 a desarrollar un ajuste perfecto con diferentes espesores para diferentes vol\u00famenes.El precio no varia ni con la media , ni con el color, solo varia con el cajet\u00edn que seleccione.   Us Box o Tuttle Box, 2200 euros.  Us + Tuttle Box o Tuttle Box modulable, 2250 euros  Us + Tuttle Box modulable, 2350 euros","og_url":"https:\/\/kitefoilwing.com\/?product=g-race-2025-tabla-wingfoil","og_site_name":"KiteFoilWing","article_modified_time":"2025-06-02T15:31:43+00:00","og_image":[{"width":768,"height":1024,"url":"https:\/\/kitefoilwing.com\/wp-content\/uploads\/2025\/05\/g-race-pink.webp","type":"image\/webp"}],"twitter_card":"summary_large_image","twitter_misc":{"Tiempo de lectura":"2 minutos"},"schema":{"@context":"https:\/\/schema.org","@graph":[{"@type":"WebPage","@id":"https:\/\/kitefoilwing.com\/?product=g-race-2025-tabla-wingfoil","url":"https:\/\/kitefoilwing.com\/?product=g-race-2025-tabla-wingfoil","name":"G-Race 2025 tabla WingFoil - KiteFoilWing","isPartOf":{"@id":"https:\/\/kitefoilwing.com\/#website"},"primaryImageOfPage":{"@id":"https:\/\/kitefoilwing.com\/?product=g-race-2025-tabla-wingfoil#primaryimage"},"image":{"@id":"https:\/\/kitefoilwing.com\/?product=g-race-2025-tabla-wingfoil#primaryimage"},"thumbnailUrl":"https:\/\/kitefoilwing.com\/wp-content\/uploads\/2025\/05\/g-race-pink.webp","datePublished":"2025-05-08T17:05:42+00:00","dateModified":"2025-06-02T15:31:43+00:00","breadcrumb":{"@id":"https:\/\/kitefoilwing.com\/?product=g-race-2025-tabla-wingfoil#breadcrumb"},"inLanguage":"es","potentialAction":[{"@type":"ReadAction","target":["https:\/\/kitefoilwing.com\/?product=g-race-2025-tabla-wingfoil"]}]},{"@type":"ImageObject","inLanguage":"es","@id":"https:\/\/kitefoilwing.com\/?product=g-race-2025-tabla-wingfoil#primaryimage","url":"https:\/\/kitefoilwing.com\/wp-content\/uploads\/2025\/05\/g-race-pink.webp","contentUrl":"https:\/\/kitefoilwing.com\/wp-content\/uploads\/2025\/05\/g-race-pink.webp","width":768,"height":1024},{"@type":"BreadcrumbList","@id":"https:\/\/kitefoilwing.com\/?product=g-race-2025-tabla-wingfoil#breadcrumb","itemListElement":[{"@type":"ListItem","position":1,"name":"Portada","item":"https:\/\/kitefoilwing.com\/"},{"@type":"ListItem","position":2,"name":"Tienda","item":"https:\/\/kitefoilwing.com\/?page_id=6"},{"@type":"ListItem","position":3,"name":"G-Race 2025 tabla WingFoil"}]},{"@type":"WebSite","@id":"https:\/\/kitefoilwing.com\/#website","url":"https:\/\/kitefoilwing.com\/","name":"KiteFoilWing","description":"venta de kite foil wing","publisher":{"@id":"https:\/\/kitefoilwing.com\/#organization"},"potentialAction":[{"@type":"SearchAction","target":{"@type":"EntryPoint","urlTemplate":"https:\/\/kitefoilwing.com\/?s={search_term_string}"},"query-input":{"@type":"PropertyValueSpecification","valueRequired":true,"valueName":"search_term_string"}}],"inLanguage":"es"},{"@type":"Organization","@id":"https:\/\/kitefoilwing.com\/#organization","name":"KiteFoilWing","url":"https:\/\/kitefoilwing.com\/","logo":{"@type":"ImageObject","inLanguage":"es","@id":"https:\/\/kitefoilwing.com\/#\/schema\/logo\/image\/","url":"https:\/\/kitefoilwing.com\/wp-content\/uploads\/2025\/05\/LogoWeb.jpg","contentUrl":"https:\/\/kitefoilwing.com\/wp-content\/uploads\/2025\/05\/LogoWeb.jpg","width":725,"height":81,"caption":"KiteFoilWing"},"image":{"@id":"https:\/\/kitefoilwing.com\/#\/schema\/logo\/image\/"}}]}},"jetpack_sharing_enabled":true,"_links":{"self":[{"href":"https:\/\/kitefoilwing.com\/index.php?rest_route=\/wp\/v2\/product\/191","targetHints":{"allow":["GET"]}}],"collection":[{"href":"https:\/\/kitefoilwing.com\/index.php?rest_route=\/wp\/v2\/product"}],"about":[{"href":"https:\/\/kitefoilwing.com\/index.php?rest_route=\/wp\/v2\/types\/product"}],"replies":[{"embeddable":true,"href":"https:\/\/kitefoilwing.com\/index.php?rest_route=%2Fwp%2Fv2%2Fcomments&post=191"}],"wp:featuredmedia":[{"embeddable":true,"href":"https:\/\/kitefoilwing.com\/index.php?rest_route=\/wp\/v2\/media\/896"}],"wp:attachment":[{"href":"https:\/\/kitefoilwing.com\/index.php?rest_route=%2Fwp%2Fv2%2Fmedia&parent=191"}],"wp:term":[{"taxonomy":"product_brand","embeddable":true,"href":"https:\/\/kitefoilwing.com\/index.php?rest_route=%2Fwp%2Fv2%2Fproduct_brand&post=191"},{"taxonomy":"product_cat","embeddable":true,"href":"https:\/\/kitefoilwing.com\/index.php?rest_route=%2Fwp%2Fv2%2Fproduct_cat&post=191"},{"taxonomy":"product_tag","embeddable":true,"href":"https:\/\/kitefoilwing.com\/index.php?rest_route=%2Fwp%2Fv2%2Fproduct_tag&post=191"}],"curies":[{"name":"wp","href":"https:\/\/api.w.org\/{rel}","templated":true}]}}