{"id":178,"date":"2025-05-08T18:32:52","date_gmt":"2025-05-08T16:32:52","guid":{"rendered":"https:\/\/kitefoilwing.com\/?post_type=product&#038;p=178"},"modified":"2025-06-02T17:18:35","modified_gmt":"2025-06-02T17:18:35","slug":"radical-v7","status":"publish","type":"product","link":"https:\/\/kitefoilwing.com\/?product=radical-v7","title":{"rendered":"Radical v7 KiteFoil"},"content":{"rendered":"<p>Correas para los pies incluidas y todo el hardware, incluidas las tuercas en T en caso de tabla con rieles.<\/p>\n<p>Tama\u00f1os disponibles: 120\u00d741,5 cm, 125\u00d741 cm, 128\u00d741 cm, 128\u00d742 cm.\u00a0\u00a0Bolsa 85\u20ac (no incluida)<\/p>\n<p><strong>Detalles t\u00e9cnicos<\/strong><\/p>\n<p>N\u00facleo de poliestireno (la parte m\u00e1s gruesa de 10cm) 15kg cm2<\/p>\n<p>Recubierto de espuma de PVC de 3 mm 75 kg cm2<\/p>\n<p>Paneles s\u00e1ndwich<\/p>\n<p>Fibra de carbono biaxial + fibra de vidrio<\/p>\n<p>Con laminaci\u00f3n de resina epoxi Calidad superior<\/p>\n<p>2,7 kg de peso con almohadilla y tuttle \/ 3,1 kg de peso con almohadilla, tuttle y riel<\/p>\n<p>Antideslizante (almohadilla de EVA suave completa) OPCIONAL<\/p>\n<p>Un balanc\u00edn tipo scoop para todas las necesidades.<\/p>\n<p>Detalles de construcci\u00f3n: a partir de la petici\u00f3n principal de nuestros raiders hemos desarrollado una tabla s\u00faper r\u00edgida aplicando la tecnolog\u00eda de doble s\u00e1ndwich con una inteligente laminaci\u00f3n de carbono biaxial y unidireccional peso 3kg dimensiones 132x41cm 128 x38cm<\/p>\n","protected":false},"excerpt":{"rendered":"<h5 class=\"gmail_default\">Tabla de Kite foil RADICAL V7 multifit 2023<br \/>\nLa forma perfecta<\/h5>\n<p>El nuevo RADICAL V7 fue desarrollado con la ayuda de atletas internacionales como Lorenzo Boschetti, Riccardo Pianosi y Mario Calbucci en busca de la perfecci\u00f3n. Todas las tablas pueden tener diferentes caracter\u00edsticas para las necesidades de cada rider.<br \/>\nTambi\u00e9n para 2023 contamos con accesorios para a\u00f1adir a la tabla, placas de carbono que dan una inclinaci\u00f3n diferente de los tobillos para una mayor comodidad durante la sesi\u00f3n y un alto rendimiento durante los entrenamientos y las carreras.<br \/>\nDise\u00f1o actualizado con pintura m\u00e1s duradera y nuevo antideslizante m\u00e1s c\u00f3modo. Casco plano con mayor anchura en la proa.<\/p>\n","protected":false},"featured_media":909,"comment_status":"open","ping_status":"closed","template":"","meta":[],"product_brand":[],"product_cat":[23],"product_tag":[],"class_list":{"0":"post-178","1":"product","2":"type-product","3":"status-publish","4":"has-post-thumbnail","6":"product_cat-tablasflygroove","8":"first","9":"outofstock","10":"shipping-taxable","11":"purchasable","12":"product-type-variable"},"yoast_head":"<!-- This site is optimized with the Yoast SEO plugin v26.7 - https:\/\/yoast.com\/wordpress\/plugins\/seo\/ -->\n<title>Radical v7 KiteFoil - KiteFoilWing<\/title>\n<meta name=\"robots\" content=\"index, follow, max-snippet:-1, max-image-preview:large, max-video-preview:-1\" \/>\n<link rel=\"canonical\" href=\"https:\/\/kitefoilwing.com\/?product=radical-v7\" \/>\n<meta property=\"og:locale\" content=\"es_ES\" \/>\n<meta property=\"og:type\" content=\"article\" \/>\n<meta property=\"og:title\" content=\"Radical v7 KiteFoil - KiteFoilWing\" \/>\n<meta property=\"og:description\" content=\"Tabla de Kite foil RADICAL V7 multifit 2023 La forma perfecta El nuevo RADICAL V7 fue desarrollado con la ayuda de atletas internacionales como Lorenzo Boschetti, Riccardo Pianosi y Mario Calbucci en busca de la perfecci\u00f3n. Todas las tablas pueden tener diferentes caracter\u00edsticas para las necesidades de cada rider. Tambi\u00e9n para 2023 contamos con accesorios para a\u00f1adir a la tabla, placas de carbono que dan una inclinaci\u00f3n diferente de los tobillos para una mayor comodidad durante la sesi\u00f3n y un alto rendimiento durante los entrenamientos y las carreras. Dise\u00f1o actualizado con pintura m\u00e1s duradera y nuevo antideslizante m\u00e1s c\u00f3modo. Casco plano con mayor anchura en la proa.\" \/>\n<meta property=\"og:url\" content=\"https:\/\/kitefoilwing.com\/?product=radical-v7\" \/>\n<meta property=\"og:site_name\" content=\"KiteFoilWing\" \/>\n<meta property=\"article:modified_time\" content=\"2025-06-02T17:18:35+00:00\" \/>\n<meta property=\"og:image\" content=\"https:\/\/kitefoilwing.com\/wp-content\/uploads\/2025\/05\/radical-v7.jpg\" \/>\n\t<meta property=\"og:image:width\" content=\"900\" \/>\n\t<meta property=\"og:image:height\" content=\"900\" \/>\n\t<meta property=\"og:image:type\" content=\"image\/jpeg\" \/>\n<meta name=\"twitter:card\" content=\"summary_large_image\" \/>\n<meta name=\"twitter:label1\" content=\"Tiempo de lectura\" \/>\n\t<meta name=\"twitter:data1\" content=\"1 minuto\" \/>\n<script type=\"application\/ld+json\" class=\"yoast-schema-graph\">{\"@context\":\"https:\/\/schema.org\",\"@graph\":[{\"@type\":\"WebPage\",\"@id\":\"https:\/\/kitefoilwing.com\/?product=radical-v7\",\"url\":\"https:\/\/kitefoilwing.com\/?product=radical-v7\",\"name\":\"Radical v7 KiteFoil - KiteFoilWing\",\"isPartOf\":{\"@id\":\"https:\/\/kitefoilwing.com\/#website\"},\"primaryImageOfPage\":{\"@id\":\"https:\/\/kitefoilwing.com\/?product=radical-v7#primaryimage\"},\"image\":{\"@id\":\"https:\/\/kitefoilwing.com\/?product=radical-v7#primaryimage\"},\"thumbnailUrl\":\"https:\/\/kitefoilwing.com\/wp-content\/uploads\/2025\/05\/radical-v7.jpg\",\"datePublished\":\"2025-05-08T16:32:52+00:00\",\"dateModified\":\"2025-06-02T17:18:35+00:00\",\"breadcrumb\":{\"@id\":\"https:\/\/kitefoilwing.com\/?product=radical-v7#breadcrumb\"},\"inLanguage\":\"es\",\"potentialAction\":[{\"@type\":\"ReadAction\",\"target\":[\"https:\/\/kitefoilwing.com\/?product=radical-v7\"]}]},{\"@type\":\"ImageObject\",\"inLanguage\":\"es\",\"@id\":\"https:\/\/kitefoilwing.com\/?product=radical-v7#primaryimage\",\"url\":\"https:\/\/kitefoilwing.com\/wp-content\/uploads\/2025\/05\/radical-v7.jpg\",\"contentUrl\":\"https:\/\/kitefoilwing.com\/wp-content\/uploads\/2025\/05\/radical-v7.jpg\",\"width\":900,\"height\":900},{\"@type\":\"BreadcrumbList\",\"@id\":\"https:\/\/kitefoilwing.com\/?product=radical-v7#breadcrumb\",\"itemListElement\":[{\"@type\":\"ListItem\",\"position\":1,\"name\":\"Portada\",\"item\":\"https:\/\/kitefoilwing.com\/\"},{\"@type\":\"ListItem\",\"position\":2,\"name\":\"Tienda\",\"item\":\"https:\/\/kitefoilwing.com\/?page_id=6\"},{\"@type\":\"ListItem\",\"position\":3,\"name\":\"Radical v7 KiteFoil\"}]},{\"@type\":\"WebSite\",\"@id\":\"https:\/\/kitefoilwing.com\/#website\",\"url\":\"https:\/\/kitefoilwing.com\/\",\"name\":\"KiteFoilWing\",\"description\":\"venta de kite foil wing\",\"publisher\":{\"@id\":\"https:\/\/kitefoilwing.com\/#organization\"},\"potentialAction\":[{\"@type\":\"SearchAction\",\"target\":{\"@type\":\"EntryPoint\",\"urlTemplate\":\"https:\/\/kitefoilwing.com\/?s={search_term_string}\"},\"query-input\":{\"@type\":\"PropertyValueSpecification\",\"valueRequired\":true,\"valueName\":\"search_term_string\"}}],\"inLanguage\":\"es\"},{\"@type\":\"Organization\",\"@id\":\"https:\/\/kitefoilwing.com\/#organization\",\"name\":\"KiteFoilWing\",\"url\":\"https:\/\/kitefoilwing.com\/\",\"logo\":{\"@type\":\"ImageObject\",\"inLanguage\":\"es\",\"@id\":\"https:\/\/kitefoilwing.com\/#\/schema\/logo\/image\/\",\"url\":\"https:\/\/kitefoilwing.com\/wp-content\/uploads\/2025\/05\/LogoWeb.jpg\",\"contentUrl\":\"https:\/\/kitefoilwing.com\/wp-content\/uploads\/2025\/05\/LogoWeb.jpg\",\"width\":725,\"height\":81,\"caption\":\"KiteFoilWing\"},\"image\":{\"@id\":\"https:\/\/kitefoilwing.com\/#\/schema\/logo\/image\/\"}}]}<\/script>\n<!-- \/ Yoast SEO plugin. -->","yoast_head_json":{"title":"Radical v7 KiteFoil - KiteFoilWing","robots":{"index":"index","follow":"follow","max-snippet":"max-snippet:-1","max-image-preview":"max-image-preview:large","max-video-preview":"max-video-preview:-1"},"canonical":"https:\/\/kitefoilwing.com\/?product=radical-v7","og_locale":"es_ES","og_type":"article","og_title":"Radical v7 KiteFoil - KiteFoilWing","og_description":"Tabla de Kite foil RADICAL V7 multifit 2023 La forma perfecta El nuevo RADICAL V7 fue desarrollado con la ayuda de atletas internacionales como Lorenzo Boschetti, Riccardo Pianosi y Mario Calbucci en busca de la perfecci\u00f3n. Todas las tablas pueden tener diferentes caracter\u00edsticas para las necesidades de cada rider. Tambi\u00e9n para 2023 contamos con accesorios para a\u00f1adir a la tabla, placas de carbono que dan una inclinaci\u00f3n diferente de los tobillos para una mayor comodidad durante la sesi\u00f3n y un alto rendimiento durante los entrenamientos y las carreras. Dise\u00f1o actualizado con pintura m\u00e1s duradera y nuevo antideslizante m\u00e1s c\u00f3modo. Casco plano con mayor anchura en la proa.","og_url":"https:\/\/kitefoilwing.com\/?product=radical-v7","og_site_name":"KiteFoilWing","article_modified_time":"2025-06-02T17:18:35+00:00","og_image":[{"width":900,"height":900,"url":"https:\/\/kitefoilwing.com\/wp-content\/uploads\/2025\/05\/radical-v7.jpg","type":"image\/jpeg"}],"twitter_card":"summary_large_image","twitter_misc":{"Tiempo de lectura":"1 minuto"},"schema":{"@context":"https:\/\/schema.org","@graph":[{"@type":"WebPage","@id":"https:\/\/kitefoilwing.com\/?product=radical-v7","url":"https:\/\/kitefoilwing.com\/?product=radical-v7","name":"Radical v7 KiteFoil - KiteFoilWing","isPartOf":{"@id":"https:\/\/kitefoilwing.com\/#website"},"primaryImageOfPage":{"@id":"https:\/\/kitefoilwing.com\/?product=radical-v7#primaryimage"},"image":{"@id":"https:\/\/kitefoilwing.com\/?product=radical-v7#primaryimage"},"thumbnailUrl":"https:\/\/kitefoilwing.com\/wp-content\/uploads\/2025\/05\/radical-v7.jpg","datePublished":"2025-05-08T16:32:52+00:00","dateModified":"2025-06-02T17:18:35+00:00","breadcrumb":{"@id":"https:\/\/kitefoilwing.com\/?product=radical-v7#breadcrumb"},"inLanguage":"es","potentialAction":[{"@type":"ReadAction","target":["https:\/\/kitefoilwing.com\/?product=radical-v7"]}]},{"@type":"ImageObject","inLanguage":"es","@id":"https:\/\/kitefoilwing.com\/?product=radical-v7#primaryimage","url":"https:\/\/kitefoilwing.com\/wp-content\/uploads\/2025\/05\/radical-v7.jpg","contentUrl":"https:\/\/kitefoilwing.com\/wp-content\/uploads\/2025\/05\/radical-v7.jpg","width":900,"height":900},{"@type":"BreadcrumbList","@id":"https:\/\/kitefoilwing.com\/?product=radical-v7#breadcrumb","itemListElement":[{"@type":"ListItem","position":1,"name":"Portada","item":"https:\/\/kitefoilwing.com\/"},{"@type":"ListItem","position":2,"name":"Tienda","item":"https:\/\/kitefoilwing.com\/?page_id=6"},{"@type":"ListItem","position":3,"name":"Radical v7 KiteFoil"}]},{"@type":"WebSite","@id":"https:\/\/kitefoilwing.com\/#website","url":"https:\/\/kitefoilwing.com\/","name":"KiteFoilWing","description":"venta de kite foil wing","publisher":{"@id":"https:\/\/kitefoilwing.com\/#organization"},"potentialAction":[{"@type":"SearchAction","target":{"@type":"EntryPoint","urlTemplate":"https:\/\/kitefoilwing.com\/?s={search_term_string}"},"query-input":{"@type":"PropertyValueSpecification","valueRequired":true,"valueName":"search_term_string"}}],"inLanguage":"es"},{"@type":"Organization","@id":"https:\/\/kitefoilwing.com\/#organization","name":"KiteFoilWing","url":"https:\/\/kitefoilwing.com\/","logo":{"@type":"ImageObject","inLanguage":"es","@id":"https:\/\/kitefoilwing.com\/#\/schema\/logo\/image\/","url":"https:\/\/kitefoilwing.com\/wp-content\/uploads\/2025\/05\/LogoWeb.jpg","contentUrl":"https:\/\/kitefoilwing.com\/wp-content\/uploads\/2025\/05\/LogoWeb.jpg","width":725,"height":81,"caption":"KiteFoilWing"},"image":{"@id":"https:\/\/kitefoilwing.com\/#\/schema\/logo\/image\/"}}]}},"jetpack_sharing_enabled":true,"_links":{"self":[{"href":"https:\/\/kitefoilwing.com\/index.php?rest_route=\/wp\/v2\/product\/178","targetHints":{"allow":["GET"]}}],"collection":[{"href":"https:\/\/kitefoilwing.com\/index.php?rest_route=\/wp\/v2\/product"}],"about":[{"href":"https:\/\/kitefoilwing.com\/index.php?rest_route=\/wp\/v2\/types\/product"}],"replies":[{"embeddable":true,"href":"https:\/\/kitefoilwing.com\/index.php?rest_route=%2Fwp%2Fv2%2Fcomments&post=178"}],"wp:featuredmedia":[{"embeddable":true,"href":"https:\/\/kitefoilwing.com\/index.php?rest_route=\/wp\/v2\/media\/909"}],"wp:attachment":[{"href":"https:\/\/kitefoilwing.com\/index.php?rest_route=%2Fwp%2Fv2%2Fmedia&parent=178"}],"wp:term":[{"taxonomy":"product_brand","embeddable":true,"href":"https:\/\/kitefoilwing.com\/index.php?rest_route=%2Fwp%2Fv2%2Fproduct_brand&post=178"},{"taxonomy":"product_cat","embeddable":true,"href":"https:\/\/kitefoilwing.com\/index.php?rest_route=%2Fwp%2Fv2%2Fproduct_cat&post=178"},{"taxonomy":"product_tag","embeddable":true,"href":"https:\/\/kitefoilwing.com\/index.php?rest_route=%2Fwp%2Fv2%2Fproduct_tag&post=178"}],"curies":[{"name":"wp","href":"https:\/\/api.w.org\/{rel}","templated":true}]}}