{"id":161,"date":"2025-05-08T13:27:13","date_gmt":"2025-05-08T11:27:13","guid":{"rendered":"https:\/\/kitefoilwing.com\/?post_type=product&#038;p=161"},"modified":"2025-06-02T15:05:49","modified_gmt":"2025-06-02T15:05:49","slug":"adaptador-placa-mastil","status":"publish","type":"product","link":"https:\/\/kitefoilwing.com\/?product=adaptador-placa-mastil","title":{"rendered":"Adaptador SabFoil para placa mastil"},"content":{"rendered":"<p>CP02K\/Ti | Placa SabFoil de m\u00e1stil de carbono Kraken con insertos de titanio<\/p>\n<p>Placa de riel de carbono para m\u00e1stiles de la gama Kraken Modular System<\/p>\n","protected":false},"excerpt":{"rendered":"<p>CP02K\/Ti conserva todas las grandes caracter\u00edsticas del CP02K, adem\u00e1s todas sus partes met\u00e1licas est\u00e1n fabricadas en\u00a0<strong>titanio<\/strong>\u00a0, para una m\u00e1xima\u00a0<strong>resistencia a la corrosi\u00f3n y al desgaste<\/strong>\u00a0.<\/p>\n<p><strong>El peso de la placa se ha reducido en m\u00e1s de 200 g<\/strong>\u00a0(-30% en comparaci\u00f3n con la versi\u00f3n de aluminio), reduciendo as\u00ed el peso total del m\u00e1stil en aproximadamente un 10% manteniendo todas las propiedades mec\u00e1nicas y la robustez del sistema.<\/p>\n<p>La placa de m\u00e1stil Kraken es uno de los sistemas de conexi\u00f3n modular para m\u00e1stiles, junto con su equivalente de tuttle (T04K). La ventaja de este sistema es su\u00a0<strong>modularidad<\/strong>\u00a0, ya que siempre es posible usar el m\u00e1stil tanto con placa como con tuttle.<\/p>\n<p>CP02K\/Ti tambi\u00e9n te permite\u00a0<strong>mejorar<\/strong>\u00a0tu configuraci\u00f3n con el sistema\u00a0<strong>Titanium\u00a0<\/strong><strong>Quick Release System<\/strong>\u00a0(Q02K), gracias al cual podr\u00e1s montar y desmontar tu hidroplano en segundos, sin perder la configuraci\u00f3n en la tabla.<\/p>\n","protected":false},"featured_media":865,"comment_status":"open","ping_status":"closed","template":"","meta":[],"product_brand":[],"product_cat":[17,22],"product_tag":[],"class_list":{"0":"post-161","1":"product","2":"type-product","3":"status-publish","4":"has-post-thumbnail","6":"product_cat-accesorios","7":"product_cat-sabfoil","9":"first","10":"instock","11":"shipping-taxable","12":"purchasable","13":"product-type-simple"},"yoast_head":"<!-- This site is optimized with the Yoast SEO plugin v26.7 - https:\/\/yoast.com\/wordpress\/plugins\/seo\/ -->\n<title>Adaptador SabFoil para placa mastil - KiteFoilWing<\/title>\n<meta name=\"robots\" content=\"index, follow, max-snippet:-1, max-image-preview:large, max-video-preview:-1\" \/>\n<link rel=\"canonical\" href=\"https:\/\/kitefoilwing.com\/?product=adaptador-placa-mastil\" \/>\n<meta property=\"og:locale\" content=\"es_ES\" \/>\n<meta property=\"og:type\" content=\"article\" \/>\n<meta property=\"og:title\" content=\"Adaptador SabFoil para placa mastil - KiteFoilWing\" \/>\n<meta property=\"og:description\" content=\"CP02K\/Ti conserva todas las grandes caracter\u00edsticas del CP02K, adem\u00e1s todas sus partes met\u00e1licas est\u00e1n fabricadas en\u00a0titanio\u00a0, para una m\u00e1xima\u00a0resistencia a la corrosi\u00f3n y al desgaste\u00a0.  El peso de la placa se ha reducido en m\u00e1s de 200 g\u00a0(-30% en comparaci\u00f3n con la versi\u00f3n de aluminio), reduciendo as\u00ed el peso total del m\u00e1stil en aproximadamente un 10% manteniendo todas las propiedades mec\u00e1nicas y la robustez del sistema.  La placa de m\u00e1stil Kraken es uno de los sistemas de conexi\u00f3n modular para m\u00e1stiles, junto con su equivalente de tuttle (T04K). La ventaja de este sistema es su\u00a0modularidad\u00a0, ya que siempre es posible usar el m\u00e1stil tanto con placa como con tuttle.  CP02K\/Ti tambi\u00e9n te permite\u00a0mejorar\u00a0tu configuraci\u00f3n con el sistema\u00a0Titanium\u00a0Quick Release System\u00a0(Q02K), gracias al cual podr\u00e1s montar y desmontar tu hidroplano en segundos, sin perder la configuraci\u00f3n en la tabla.\" \/>\n<meta property=\"og:url\" content=\"https:\/\/kitefoilwing.com\/?product=adaptador-placa-mastil\" \/>\n<meta property=\"og:site_name\" content=\"KiteFoilWing\" \/>\n<meta property=\"article:modified_time\" content=\"2025-06-02T15:05:49+00:00\" \/>\n<meta property=\"og:image\" content=\"https:\/\/kitefoilwing.com\/wp-content\/uploads\/2025\/05\/Placa-adaptador-sabfoil.webp\" \/>\n\t<meta property=\"og:image:width\" content=\"768\" \/>\n\t<meta property=\"og:image:height\" content=\"576\" \/>\n\t<meta property=\"og:image:type\" content=\"image\/webp\" \/>\n<meta name=\"twitter:card\" content=\"summary_large_image\" \/>\n<meta name=\"twitter:label1\" content=\"Tiempo de lectura\" \/>\n\t<meta name=\"twitter:data1\" content=\"1 minuto\" \/>\n<script type=\"application\/ld+json\" class=\"yoast-schema-graph\">{\"@context\":\"https:\/\/schema.org\",\"@graph\":[{\"@type\":\"WebPage\",\"@id\":\"https:\/\/kitefoilwing.com\/?product=adaptador-placa-mastil\",\"url\":\"https:\/\/kitefoilwing.com\/?product=adaptador-placa-mastil\",\"name\":\"Adaptador SabFoil para placa mastil - KiteFoilWing\",\"isPartOf\":{\"@id\":\"https:\/\/kitefoilwing.com\/#website\"},\"primaryImageOfPage\":{\"@id\":\"https:\/\/kitefoilwing.com\/?product=adaptador-placa-mastil#primaryimage\"},\"image\":{\"@id\":\"https:\/\/kitefoilwing.com\/?product=adaptador-placa-mastil#primaryimage\"},\"thumbnailUrl\":\"https:\/\/kitefoilwing.com\/wp-content\/uploads\/2025\/05\/Placa-adaptador-sabfoil.webp\",\"datePublished\":\"2025-05-08T11:27:13+00:00\",\"dateModified\":\"2025-06-02T15:05:49+00:00\",\"breadcrumb\":{\"@id\":\"https:\/\/kitefoilwing.com\/?product=adaptador-placa-mastil#breadcrumb\"},\"inLanguage\":\"es\",\"potentialAction\":[{\"@type\":\"ReadAction\",\"target\":[\"https:\/\/kitefoilwing.com\/?product=adaptador-placa-mastil\"]}]},{\"@type\":\"ImageObject\",\"inLanguage\":\"es\",\"@id\":\"https:\/\/kitefoilwing.com\/?product=adaptador-placa-mastil#primaryimage\",\"url\":\"https:\/\/kitefoilwing.com\/wp-content\/uploads\/2025\/05\/Placa-adaptador-sabfoil.webp\",\"contentUrl\":\"https:\/\/kitefoilwing.com\/wp-content\/uploads\/2025\/05\/Placa-adaptador-sabfoil.webp\",\"width\":768,\"height\":576},{\"@type\":\"BreadcrumbList\",\"@id\":\"https:\/\/kitefoilwing.com\/?product=adaptador-placa-mastil#breadcrumb\",\"itemListElement\":[{\"@type\":\"ListItem\",\"position\":1,\"name\":\"Portada\",\"item\":\"https:\/\/kitefoilwing.com\/\"},{\"@type\":\"ListItem\",\"position\":2,\"name\":\"Tienda\",\"item\":\"https:\/\/kitefoilwing.com\/?page_id=6\"},{\"@type\":\"ListItem\",\"position\":3,\"name\":\"Adaptador SabFoil para placa mastil\"}]},{\"@type\":\"WebSite\",\"@id\":\"https:\/\/kitefoilwing.com\/#website\",\"url\":\"https:\/\/kitefoilwing.com\/\",\"name\":\"KiteFoilWing\",\"description\":\"venta de kite foil wing\",\"publisher\":{\"@id\":\"https:\/\/kitefoilwing.com\/#organization\"},\"potentialAction\":[{\"@type\":\"SearchAction\",\"target\":{\"@type\":\"EntryPoint\",\"urlTemplate\":\"https:\/\/kitefoilwing.com\/?s={search_term_string}\"},\"query-input\":{\"@type\":\"PropertyValueSpecification\",\"valueRequired\":true,\"valueName\":\"search_term_string\"}}],\"inLanguage\":\"es\"},{\"@type\":\"Organization\",\"@id\":\"https:\/\/kitefoilwing.com\/#organization\",\"name\":\"KiteFoilWing\",\"url\":\"https:\/\/kitefoilwing.com\/\",\"logo\":{\"@type\":\"ImageObject\",\"inLanguage\":\"es\",\"@id\":\"https:\/\/kitefoilwing.com\/#\/schema\/logo\/image\/\",\"url\":\"https:\/\/kitefoilwing.com\/wp-content\/uploads\/2025\/05\/LogoWeb.jpg\",\"contentUrl\":\"https:\/\/kitefoilwing.com\/wp-content\/uploads\/2025\/05\/LogoWeb.jpg\",\"width\":725,\"height\":81,\"caption\":\"KiteFoilWing\"},\"image\":{\"@id\":\"https:\/\/kitefoilwing.com\/#\/schema\/logo\/image\/\"}}]}<\/script>\n<!-- \/ Yoast SEO plugin. -->","yoast_head_json":{"title":"Adaptador SabFoil para placa mastil - KiteFoilWing","robots":{"index":"index","follow":"follow","max-snippet":"max-snippet:-1","max-image-preview":"max-image-preview:large","max-video-preview":"max-video-preview:-1"},"canonical":"https:\/\/kitefoilwing.com\/?product=adaptador-placa-mastil","og_locale":"es_ES","og_type":"article","og_title":"Adaptador SabFoil para placa mastil - KiteFoilWing","og_description":"CP02K\/Ti conserva todas las grandes caracter\u00edsticas del CP02K, adem\u00e1s todas sus partes met\u00e1licas est\u00e1n fabricadas en\u00a0titanio\u00a0, para una m\u00e1xima\u00a0resistencia a la corrosi\u00f3n y al desgaste\u00a0.  El peso de la placa se ha reducido en m\u00e1s de 200 g\u00a0(-30% en comparaci\u00f3n con la versi\u00f3n de aluminio), reduciendo as\u00ed el peso total del m\u00e1stil en aproximadamente un 10% manteniendo todas las propiedades mec\u00e1nicas y la robustez del sistema.  La placa de m\u00e1stil Kraken es uno de los sistemas de conexi\u00f3n modular para m\u00e1stiles, junto con su equivalente de tuttle (T04K). La ventaja de este sistema es su\u00a0modularidad\u00a0, ya que siempre es posible usar el m\u00e1stil tanto con placa como con tuttle.  CP02K\/Ti tambi\u00e9n te permite\u00a0mejorar\u00a0tu configuraci\u00f3n con el sistema\u00a0Titanium\u00a0Quick Release System\u00a0(Q02K), gracias al cual podr\u00e1s montar y desmontar tu hidroplano en segundos, sin perder la configuraci\u00f3n en la tabla.","og_url":"https:\/\/kitefoilwing.com\/?product=adaptador-placa-mastil","og_site_name":"KiteFoilWing","article_modified_time":"2025-06-02T15:05:49+00:00","og_image":[{"width":768,"height":576,"url":"https:\/\/kitefoilwing.com\/wp-content\/uploads\/2025\/05\/Placa-adaptador-sabfoil.webp","type":"image\/webp"}],"twitter_card":"summary_large_image","twitter_misc":{"Tiempo de lectura":"1 minuto"},"schema":{"@context":"https:\/\/schema.org","@graph":[{"@type":"WebPage","@id":"https:\/\/kitefoilwing.com\/?product=adaptador-placa-mastil","url":"https:\/\/kitefoilwing.com\/?product=adaptador-placa-mastil","name":"Adaptador SabFoil para placa mastil - KiteFoilWing","isPartOf":{"@id":"https:\/\/kitefoilwing.com\/#website"},"primaryImageOfPage":{"@id":"https:\/\/kitefoilwing.com\/?product=adaptador-placa-mastil#primaryimage"},"image":{"@id":"https:\/\/kitefoilwing.com\/?product=adaptador-placa-mastil#primaryimage"},"thumbnailUrl":"https:\/\/kitefoilwing.com\/wp-content\/uploads\/2025\/05\/Placa-adaptador-sabfoil.webp","datePublished":"2025-05-08T11:27:13+00:00","dateModified":"2025-06-02T15:05:49+00:00","breadcrumb":{"@id":"https:\/\/kitefoilwing.com\/?product=adaptador-placa-mastil#breadcrumb"},"inLanguage":"es","potentialAction":[{"@type":"ReadAction","target":["https:\/\/kitefoilwing.com\/?product=adaptador-placa-mastil"]}]},{"@type":"ImageObject","inLanguage":"es","@id":"https:\/\/kitefoilwing.com\/?product=adaptador-placa-mastil#primaryimage","url":"https:\/\/kitefoilwing.com\/wp-content\/uploads\/2025\/05\/Placa-adaptador-sabfoil.webp","contentUrl":"https:\/\/kitefoilwing.com\/wp-content\/uploads\/2025\/05\/Placa-adaptador-sabfoil.webp","width":768,"height":576},{"@type":"BreadcrumbList","@id":"https:\/\/kitefoilwing.com\/?product=adaptador-placa-mastil#breadcrumb","itemListElement":[{"@type":"ListItem","position":1,"name":"Portada","item":"https:\/\/kitefoilwing.com\/"},{"@type":"ListItem","position":2,"name":"Tienda","item":"https:\/\/kitefoilwing.com\/?page_id=6"},{"@type":"ListItem","position":3,"name":"Adaptador SabFoil para placa mastil"}]},{"@type":"WebSite","@id":"https:\/\/kitefoilwing.com\/#website","url":"https:\/\/kitefoilwing.com\/","name":"KiteFoilWing","description":"venta de kite foil wing","publisher":{"@id":"https:\/\/kitefoilwing.com\/#organization"},"potentialAction":[{"@type":"SearchAction","target":{"@type":"EntryPoint","urlTemplate":"https:\/\/kitefoilwing.com\/?s={search_term_string}"},"query-input":{"@type":"PropertyValueSpecification","valueRequired":true,"valueName":"search_term_string"}}],"inLanguage":"es"},{"@type":"Organization","@id":"https:\/\/kitefoilwing.com\/#organization","name":"KiteFoilWing","url":"https:\/\/kitefoilwing.com\/","logo":{"@type":"ImageObject","inLanguage":"es","@id":"https:\/\/kitefoilwing.com\/#\/schema\/logo\/image\/","url":"https:\/\/kitefoilwing.com\/wp-content\/uploads\/2025\/05\/LogoWeb.jpg","contentUrl":"https:\/\/kitefoilwing.com\/wp-content\/uploads\/2025\/05\/LogoWeb.jpg","width":725,"height":81,"caption":"KiteFoilWing"},"image":{"@id":"https:\/\/kitefoilwing.com\/#\/schema\/logo\/image\/"}}]}},"jetpack_sharing_enabled":true,"_links":{"self":[{"href":"https:\/\/kitefoilwing.com\/index.php?rest_route=\/wp\/v2\/product\/161","targetHints":{"allow":["GET"]}}],"collection":[{"href":"https:\/\/kitefoilwing.com\/index.php?rest_route=\/wp\/v2\/product"}],"about":[{"href":"https:\/\/kitefoilwing.com\/index.php?rest_route=\/wp\/v2\/types\/product"}],"replies":[{"embeddable":true,"href":"https:\/\/kitefoilwing.com\/index.php?rest_route=%2Fwp%2Fv2%2Fcomments&post=161"}],"wp:featuredmedia":[{"embeddable":true,"href":"https:\/\/kitefoilwing.com\/index.php?rest_route=\/wp\/v2\/media\/865"}],"wp:attachment":[{"href":"https:\/\/kitefoilwing.com\/index.php?rest_route=%2Fwp%2Fv2%2Fmedia&parent=161"}],"wp:term":[{"taxonomy":"product_brand","embeddable":true,"href":"https:\/\/kitefoilwing.com\/index.php?rest_route=%2Fwp%2Fv2%2Fproduct_brand&post=161"},{"taxonomy":"product_cat","embeddable":true,"href":"https:\/\/kitefoilwing.com\/index.php?rest_route=%2Fwp%2Fv2%2Fproduct_cat&post=161"},{"taxonomy":"product_tag","embeddable":true,"href":"https:\/\/kitefoilwing.com\/index.php?rest_route=%2Fwp%2Fv2%2Fproduct_tag&post=161"}],"curies":[{"name":"wp","href":"https:\/\/api.w.org\/{rel}","templated":true}]}}