{"id":154,"date":"2025-05-08T13:14:52","date_gmt":"2025-05-08T11:14:52","guid":{"rendered":"https:\/\/kitefoilwing.com\/?post_type=product&#038;p=154"},"modified":"2025-06-02T15:10:10","modified_gmt":"2025-06-02T15:10:10","slug":"mastil-krakes-93","status":"publish","type":"product","link":"https:\/\/kitefoilwing.com\/?product=mastil-krakes-93","title":{"rendered":"Mastil KraKes MK R8"},"content":{"rendered":"<p><span class=\"block\">Sabloil Kraken MK\u00a0 | M\u00e1stil de HidroFoil<\/span><\/p>\n<div>\n<h3>Llamenos para consultar diferentes ofertas, modelos, disponibilidades, etc.<\/h3>\n<h3><strong>ESPECIFICACIONES PRINCIPALES<\/strong><\/h3>\n<p>Carbono completo (con n\u00facleo)<\/p>\n<p>Sistema de conexi\u00f3n: R8<\/p>\n<p>Alturas: 730, 830, y 930 mm<\/p>\n<p>Los mastiles MK est\u00e1n lijado a mano para lograr una superficie mate con gr\u00e1ficos de espesor 0, el <strong>acabado SAB Pro<\/strong>\u00a0, para un elegante producto Made in Italy con el m\u00e1ximo rendimiento.<\/p>\n<p><em>Todos los m\u00e1stiles Sabfoil incluyen el m\u00f3dulo de titanio para el soporte del pasador. Para equipar su m\u00e1stil con nuestro sistema de liberaci\u00f3n r\u00e1pida de titanio, simplemente a\u00f1ada el art\u00edculo MHQ02 a su carrito.<\/em><\/p>\n<p>&nbsp;<\/p>\n<\/div>\n","protected":false},"excerpt":{"rendered":"<p>El perfil de este m\u00e1stil de carbono\u00a0<strong>de 73, 83, y 93 cm de largo<\/strong>\u00a0se ha optimizado para ofrecer la\u00a0<strong>m\u00e1xima transversalidad<\/strong> entre diferentes disciplinas. Ideal para Wing-Foil, Surf-Foil, Kite-Foil y Wind-Foil al <strong>m\u00e1ximo rendimiento<\/strong> . Su dise\u00f1o, la selecci\u00f3n de materiales y su uso hacen un m\u00e1stil<strong>\u00a0robusto y de alto rendimiento<\/strong>\u00a0, ideal tanto para\u00a0<strong>velocidad como para freestyle<\/strong>\u00a0.<\/p>\n<p>El\u00a0<strong>Sistema Modular Kraken<\/strong> hace que sea compatible con todos los fuselajes pertenecientes a la misma gama SABFOIL y permite <strong>elegir el sistema de conexi\u00f3n al tablero<\/strong> entre Placa y Tuttle.<\/p>\n","protected":false},"featured_media":860,"comment_status":"open","ping_status":"closed","template":"","meta":[],"product_brand":[],"product_cat":[22],"product_tag":[],"class_list":{"0":"post-154","1":"product","2":"type-product","3":"status-publish","4":"has-post-thumbnail","6":"product_cat-sabfoil","8":"first","9":"outofstock","10":"shipping-taxable","11":"purchasable","12":"product-type-variable"},"yoast_head":"<!-- This site is optimized with the Yoast SEO plugin v26.7 - https:\/\/yoast.com\/wordpress\/plugins\/seo\/ -->\n<title>Mastil KraKes MK R8 - KiteFoilWing<\/title>\n<meta name=\"robots\" content=\"index, follow, max-snippet:-1, max-image-preview:large, max-video-preview:-1\" \/>\n<link rel=\"canonical\" href=\"https:\/\/kitefoilwing.com\/?product=mastil-krakes-93\" \/>\n<meta property=\"og:locale\" content=\"es_ES\" \/>\n<meta property=\"og:type\" content=\"article\" \/>\n<meta property=\"og:title\" content=\"Mastil KraKes MK R8 - KiteFoilWing\" \/>\n<meta property=\"og:description\" content=\"El perfil de este m\u00e1stil de carbono\u00a0de 73, 83, y 93 cm de largo\u00a0se ha optimizado para ofrecer la\u00a0m\u00e1xima transversalidad entre diferentes disciplinas. Ideal para Wing-Foil, Surf-Foil, Kite-Foil y Wind-Foil al m\u00e1ximo rendimiento . Su dise\u00f1o, la selecci\u00f3n de materiales y su uso hacen un m\u00e1stil\u00a0robusto y de alto rendimiento\u00a0, ideal tanto para\u00a0velocidad como para freestyle\u00a0.  El\u00a0Sistema Modular Kraken hace que sea compatible con todos los fuselajes pertenecientes a la misma gama SABFOIL y permite elegir el sistema de conexi\u00f3n al tablero entre Placa y Tuttle.\" \/>\n<meta property=\"og:url\" content=\"https:\/\/kitefoilwing.com\/?product=mastil-krakes-93\" \/>\n<meta property=\"og:site_name\" content=\"KiteFoilWing\" \/>\n<meta property=\"article:modified_time\" content=\"2025-06-02T15:10:10+00:00\" \/>\n<meta property=\"og:image\" content=\"https:\/\/kitefoilwing.com\/wp-content\/uploads\/2025\/05\/Mast93.jpg\" \/>\n\t<meta property=\"og:image:width\" content=\"1440\" \/>\n\t<meta property=\"og:image:height\" content=\"1080\" \/>\n\t<meta property=\"og:image:type\" content=\"image\/jpeg\" \/>\n<meta name=\"twitter:card\" content=\"summary_large_image\" \/>\n<meta name=\"twitter:label1\" content=\"Tiempo de lectura\" \/>\n\t<meta name=\"twitter:data1\" content=\"1 minuto\" \/>\n<script type=\"application\/ld+json\" class=\"yoast-schema-graph\">{\"@context\":\"https:\/\/schema.org\",\"@graph\":[{\"@type\":\"WebPage\",\"@id\":\"https:\/\/kitefoilwing.com\/?product=mastil-krakes-93\",\"url\":\"https:\/\/kitefoilwing.com\/?product=mastil-krakes-93\",\"name\":\"Mastil KraKes MK R8 - KiteFoilWing\",\"isPartOf\":{\"@id\":\"https:\/\/kitefoilwing.com\/#website\"},\"primaryImageOfPage\":{\"@id\":\"https:\/\/kitefoilwing.com\/?product=mastil-krakes-93#primaryimage\"},\"image\":{\"@id\":\"https:\/\/kitefoilwing.com\/?product=mastil-krakes-93#primaryimage\"},\"thumbnailUrl\":\"https:\/\/kitefoilwing.com\/wp-content\/uploads\/2025\/05\/Mast93.jpg\",\"datePublished\":\"2025-05-08T11:14:52+00:00\",\"dateModified\":\"2025-06-02T15:10:10+00:00\",\"breadcrumb\":{\"@id\":\"https:\/\/kitefoilwing.com\/?product=mastil-krakes-93#breadcrumb\"},\"inLanguage\":\"es\",\"potentialAction\":[{\"@type\":\"ReadAction\",\"target\":[\"https:\/\/kitefoilwing.com\/?product=mastil-krakes-93\"]}]},{\"@type\":\"ImageObject\",\"inLanguage\":\"es\",\"@id\":\"https:\/\/kitefoilwing.com\/?product=mastil-krakes-93#primaryimage\",\"url\":\"https:\/\/kitefoilwing.com\/wp-content\/uploads\/2025\/05\/Mast93.jpg\",\"contentUrl\":\"https:\/\/kitefoilwing.com\/wp-content\/uploads\/2025\/05\/Mast93.jpg\",\"width\":1440,\"height\":1080},{\"@type\":\"BreadcrumbList\",\"@id\":\"https:\/\/kitefoilwing.com\/?product=mastil-krakes-93#breadcrumb\",\"itemListElement\":[{\"@type\":\"ListItem\",\"position\":1,\"name\":\"Portada\",\"item\":\"https:\/\/kitefoilwing.com\/\"},{\"@type\":\"ListItem\",\"position\":2,\"name\":\"Tienda\",\"item\":\"https:\/\/kitefoilwing.com\/?page_id=6\"},{\"@type\":\"ListItem\",\"position\":3,\"name\":\"Mastil KraKes MK R8\"}]},{\"@type\":\"WebSite\",\"@id\":\"https:\/\/kitefoilwing.com\/#website\",\"url\":\"https:\/\/kitefoilwing.com\/\",\"name\":\"KiteFoilWing\",\"description\":\"venta de kite foil wing\",\"publisher\":{\"@id\":\"https:\/\/kitefoilwing.com\/#organization\"},\"potentialAction\":[{\"@type\":\"SearchAction\",\"target\":{\"@type\":\"EntryPoint\",\"urlTemplate\":\"https:\/\/kitefoilwing.com\/?s={search_term_string}\"},\"query-input\":{\"@type\":\"PropertyValueSpecification\",\"valueRequired\":true,\"valueName\":\"search_term_string\"}}],\"inLanguage\":\"es\"},{\"@type\":\"Organization\",\"@id\":\"https:\/\/kitefoilwing.com\/#organization\",\"name\":\"KiteFoilWing\",\"url\":\"https:\/\/kitefoilwing.com\/\",\"logo\":{\"@type\":\"ImageObject\",\"inLanguage\":\"es\",\"@id\":\"https:\/\/kitefoilwing.com\/#\/schema\/logo\/image\/\",\"url\":\"https:\/\/kitefoilwing.com\/wp-content\/uploads\/2025\/05\/LogoWeb.jpg\",\"contentUrl\":\"https:\/\/kitefoilwing.com\/wp-content\/uploads\/2025\/05\/LogoWeb.jpg\",\"width\":725,\"height\":81,\"caption\":\"KiteFoilWing\"},\"image\":{\"@id\":\"https:\/\/kitefoilwing.com\/#\/schema\/logo\/image\/\"}}]}<\/script>\n<!-- \/ Yoast SEO plugin. -->","yoast_head_json":{"title":"Mastil KraKes MK R8 - KiteFoilWing","robots":{"index":"index","follow":"follow","max-snippet":"max-snippet:-1","max-image-preview":"max-image-preview:large","max-video-preview":"max-video-preview:-1"},"canonical":"https:\/\/kitefoilwing.com\/?product=mastil-krakes-93","og_locale":"es_ES","og_type":"article","og_title":"Mastil KraKes MK R8 - KiteFoilWing","og_description":"El perfil de este m\u00e1stil de carbono\u00a0de 73, 83, y 93 cm de largo\u00a0se ha optimizado para ofrecer la\u00a0m\u00e1xima transversalidad entre diferentes disciplinas. Ideal para Wing-Foil, Surf-Foil, Kite-Foil y Wind-Foil al m\u00e1ximo rendimiento . Su dise\u00f1o, la selecci\u00f3n de materiales y su uso hacen un m\u00e1stil\u00a0robusto y de alto rendimiento\u00a0, ideal tanto para\u00a0velocidad como para freestyle\u00a0.  El\u00a0Sistema Modular Kraken hace que sea compatible con todos los fuselajes pertenecientes a la misma gama SABFOIL y permite elegir el sistema de conexi\u00f3n al tablero entre Placa y Tuttle.","og_url":"https:\/\/kitefoilwing.com\/?product=mastil-krakes-93","og_site_name":"KiteFoilWing","article_modified_time":"2025-06-02T15:10:10+00:00","og_image":[{"width":1440,"height":1080,"url":"https:\/\/kitefoilwing.com\/wp-content\/uploads\/2025\/05\/Mast93.jpg","type":"image\/jpeg"}],"twitter_card":"summary_large_image","twitter_misc":{"Tiempo de lectura":"1 minuto"},"schema":{"@context":"https:\/\/schema.org","@graph":[{"@type":"WebPage","@id":"https:\/\/kitefoilwing.com\/?product=mastil-krakes-93","url":"https:\/\/kitefoilwing.com\/?product=mastil-krakes-93","name":"Mastil KraKes MK R8 - KiteFoilWing","isPartOf":{"@id":"https:\/\/kitefoilwing.com\/#website"},"primaryImageOfPage":{"@id":"https:\/\/kitefoilwing.com\/?product=mastil-krakes-93#primaryimage"},"image":{"@id":"https:\/\/kitefoilwing.com\/?product=mastil-krakes-93#primaryimage"},"thumbnailUrl":"https:\/\/kitefoilwing.com\/wp-content\/uploads\/2025\/05\/Mast93.jpg","datePublished":"2025-05-08T11:14:52+00:00","dateModified":"2025-06-02T15:10:10+00:00","breadcrumb":{"@id":"https:\/\/kitefoilwing.com\/?product=mastil-krakes-93#breadcrumb"},"inLanguage":"es","potentialAction":[{"@type":"ReadAction","target":["https:\/\/kitefoilwing.com\/?product=mastil-krakes-93"]}]},{"@type":"ImageObject","inLanguage":"es","@id":"https:\/\/kitefoilwing.com\/?product=mastil-krakes-93#primaryimage","url":"https:\/\/kitefoilwing.com\/wp-content\/uploads\/2025\/05\/Mast93.jpg","contentUrl":"https:\/\/kitefoilwing.com\/wp-content\/uploads\/2025\/05\/Mast93.jpg","width":1440,"height":1080},{"@type":"BreadcrumbList","@id":"https:\/\/kitefoilwing.com\/?product=mastil-krakes-93#breadcrumb","itemListElement":[{"@type":"ListItem","position":1,"name":"Portada","item":"https:\/\/kitefoilwing.com\/"},{"@type":"ListItem","position":2,"name":"Tienda","item":"https:\/\/kitefoilwing.com\/?page_id=6"},{"@type":"ListItem","position":3,"name":"Mastil KraKes MK R8"}]},{"@type":"WebSite","@id":"https:\/\/kitefoilwing.com\/#website","url":"https:\/\/kitefoilwing.com\/","name":"KiteFoilWing","description":"venta de kite foil wing","publisher":{"@id":"https:\/\/kitefoilwing.com\/#organization"},"potentialAction":[{"@type":"SearchAction","target":{"@type":"EntryPoint","urlTemplate":"https:\/\/kitefoilwing.com\/?s={search_term_string}"},"query-input":{"@type":"PropertyValueSpecification","valueRequired":true,"valueName":"search_term_string"}}],"inLanguage":"es"},{"@type":"Organization","@id":"https:\/\/kitefoilwing.com\/#organization","name":"KiteFoilWing","url":"https:\/\/kitefoilwing.com\/","logo":{"@type":"ImageObject","inLanguage":"es","@id":"https:\/\/kitefoilwing.com\/#\/schema\/logo\/image\/","url":"https:\/\/kitefoilwing.com\/wp-content\/uploads\/2025\/05\/LogoWeb.jpg","contentUrl":"https:\/\/kitefoilwing.com\/wp-content\/uploads\/2025\/05\/LogoWeb.jpg","width":725,"height":81,"caption":"KiteFoilWing"},"image":{"@id":"https:\/\/kitefoilwing.com\/#\/schema\/logo\/image\/"}}]}},"jetpack_sharing_enabled":true,"_links":{"self":[{"href":"https:\/\/kitefoilwing.com\/index.php?rest_route=\/wp\/v2\/product\/154","targetHints":{"allow":["GET"]}}],"collection":[{"href":"https:\/\/kitefoilwing.com\/index.php?rest_route=\/wp\/v2\/product"}],"about":[{"href":"https:\/\/kitefoilwing.com\/index.php?rest_route=\/wp\/v2\/types\/product"}],"replies":[{"embeddable":true,"href":"https:\/\/kitefoilwing.com\/index.php?rest_route=%2Fwp%2Fv2%2Fcomments&post=154"}],"wp:featuredmedia":[{"embeddable":true,"href":"https:\/\/kitefoilwing.com\/index.php?rest_route=\/wp\/v2\/media\/860"}],"wp:attachment":[{"href":"https:\/\/kitefoilwing.com\/index.php?rest_route=%2Fwp%2Fv2%2Fmedia&parent=154"}],"wp:term":[{"taxonomy":"product_brand","embeddable":true,"href":"https:\/\/kitefoilwing.com\/index.php?rest_route=%2Fwp%2Fv2%2Fproduct_brand&post=154"},{"taxonomy":"product_cat","embeddable":true,"href":"https:\/\/kitefoilwing.com\/index.php?rest_route=%2Fwp%2Fv2%2Fproduct_cat&post=154"},{"taxonomy":"product_tag","embeddable":true,"href":"https:\/\/kitefoilwing.com\/index.php?rest_route=%2Fwp%2Fv2%2Fproduct_tag&post=154"}],"curies":[{"name":"wp","href":"https:\/\/api.w.org\/{rel}","templated":true}]}}