{"id":148,"date":"2025-05-08T12:56:37","date_gmt":"2025-05-08T10:56:37","guid":{"rendered":"https:\/\/kitefoilwing.com\/?post_type=product&#038;p=148"},"modified":"2025-06-02T14:47:36","modified_gmt":"2025-06-02T14:47:36","slug":"foil-sea-devil-1040","status":"publish","type":"product","link":"https:\/\/kitefoilwing.com\/?product=foil-sea-devil-1040","title":{"rendered":"Foil Sea Devil. HIDROALA MODULAR 2 EN 1"},"content":{"rendered":"<div><span class=\"block text-base font-bold\">Rango\u00a0 <\/span><span class=\"block font-medium text-gray-700\">Diablo del mar<\/span><\/div>\n<div><span class=\"block text-base font-bold\">Recomendado para<\/span><span class=\"block font-medium text-gray-700\">Olas &#8211; Viento a favor &#8211; SUP &#8211; Freeride &#8211; Aprendizaje &#8211; Estilo libre &#8211; Surf &#8211; Paseo f\u00e1cil &#8211; Paseo f\u00e1cil &#8211; Viento a favor suave<\/span><\/div>\n<div><span class=\"block text-base font-bold\">Velocidad de despegue <\/span><span class=\"block font-medium text-gray-700\">7 &#8211; 9 nudos<\/span><\/div>\n<div><span class=\"block text-base font-bold\">Velocidad m\u00e1xima (usuario promedio de 80 kg) <\/span><span class=\"block font-medium text-gray-700\">16 &#8211; 18 nudos<\/span><\/div>\n<div>\n<h2><strong>Dos almas, una visi\u00f3n. Libertad y control en cualquier situaci\u00f3n.<\/strong><\/h2>\n<p>Descubra una forma completamente nueva de volar.<\/p>\n<p>El Sea Devil 840 o 1040 es el primer hidroplano SABFOIL dise\u00f1ado con una aut\u00e9ntica configuraci\u00f3n dual: con o sin estabilizador. En su configuraci\u00f3n completa, ofrece una estabilidad impecable y un manejo suave, perfecto para progresar con confianza. En modo \u00abbruto\u00bb, despliega su car\u00e1cter juguet\u00f3n y din\u00e1mico, convirti\u00e9ndose en una m\u00e1quina de carving con gran capacidad de respuesta.<\/p>\n<p>&nbsp;<\/p>\n<h2><strong>Dise\u00f1ado para aprovechar al m\u00e1ximo el viento ligero<\/strong><\/h2>\n<p>El 840 dise\u00f1ado para condiciones moderadas\/fuertes. Mientras que para condiciones de entre 8 y 18-20 nudos, esta el SD1040 que te permite volar con alas m\u00e1s peque\u00f1as, manteniendo un control total y una maniobrabilidad fluida. Gracias a su perfil autoestabilizador y su contorno romboidal en forma de flecha, genera sustentaci\u00f3n a baja velocidad y se mantiene en el aire en cada maniobra t\u00e9cnica.<\/p>\n<\/div>\n","protected":false},"excerpt":{"rendered":"<p><span class=\"block\">SABFOIL Sea Devil 840\/1040 | Las Hidroalas modulares 2 en 1 para vientos ligeros<\/span><\/p>\n<div>\n<p>El Foil 1040 el 2 en 1 para freeride t\u00e9cnico y de m\u00e1xima diversi\u00f3n con viento flojo. Estabilidad y control con estabilizador, maniobrabilidad extrema sin \u00e9l. Despegue instant\u00e1neo, perfil autoestabilizador, construcci\u00f3n monocasco \u00edntegramente de carbono. Vers\u00e1til, reactiva y sorprendente.<\/p>\n<p>El 840 igual pero para vientos fuertes.<\/p>\n<\/div>\n","protected":false},"featured_media":875,"comment_status":"open","ping_status":"closed","template":"","meta":[],"product_brand":[],"product_cat":[22],"product_tag":[],"class_list":{"0":"post-148","1":"product","2":"type-product","3":"status-publish","4":"has-post-thumbnail","6":"product_cat-sabfoil","8":"first","9":"outofstock","10":"shipping-taxable","11":"purchasable","12":"product-type-variable"},"yoast_head":"<!-- This site is optimized with the Yoast SEO plugin v26.7 - https:\/\/yoast.com\/wordpress\/plugins\/seo\/ -->\n<title>Foil Sea Devil. HIDROALA MODULAR 2 EN 1 - KiteFoilWing<\/title>\n<meta name=\"robots\" content=\"index, follow, max-snippet:-1, max-image-preview:large, max-video-preview:-1\" \/>\n<link rel=\"canonical\" href=\"https:\/\/kitefoilwing.com\/?product=foil-sea-devil-1040\" \/>\n<meta property=\"og:locale\" content=\"es_ES\" \/>\n<meta property=\"og:type\" content=\"article\" \/>\n<meta property=\"og:title\" content=\"Foil Sea Devil. HIDROALA MODULAR 2 EN 1 - KiteFoilWing\" \/>\n<meta property=\"og:description\" content=\"SABFOIL Sea Devil 840\/1040 | Las Hidroalas modulares 2 en 1 para vientos ligeros   El Foil 1040 el 2 en 1 para freeride t\u00e9cnico y de m\u00e1xima diversi\u00f3n con viento flojo. Estabilidad y control con estabilizador, maniobrabilidad extrema sin \u00e9l. Despegue instant\u00e1neo, perfil autoestabilizador, construcci\u00f3n monocasco \u00edntegramente de carbono. Vers\u00e1til, reactiva y sorprendente.  El 840 igual pero para vientos fuertes.\" \/>\n<meta property=\"og:url\" content=\"https:\/\/kitefoilwing.com\/?product=foil-sea-devil-1040\" \/>\n<meta property=\"og:site_name\" content=\"KiteFoilWing\" \/>\n<meta property=\"article:modified_time\" content=\"2025-06-02T14:47:36+00:00\" \/>\n<meta property=\"og:image\" content=\"https:\/\/kitefoilwing.com\/wp-content\/uploads\/2025\/05\/SeaDevil1040-2.webp\" \/>\n\t<meta property=\"og:image:width\" content=\"1440\" \/>\n\t<meta property=\"og:image:height\" content=\"1080\" \/>\n\t<meta property=\"og:image:type\" content=\"image\/webp\" \/>\n<meta name=\"twitter:card\" content=\"summary_large_image\" \/>\n<meta name=\"twitter:label1\" content=\"Tiempo de lectura\" \/>\n\t<meta name=\"twitter:data1\" content=\"2 minutos\" \/>\n<script type=\"application\/ld+json\" class=\"yoast-schema-graph\">{\"@context\":\"https:\/\/schema.org\",\"@graph\":[{\"@type\":\"WebPage\",\"@id\":\"https:\/\/kitefoilwing.com\/?product=foil-sea-devil-1040\",\"url\":\"https:\/\/kitefoilwing.com\/?product=foil-sea-devil-1040\",\"name\":\"Foil Sea Devil. HIDROALA MODULAR 2 EN 1 - KiteFoilWing\",\"isPartOf\":{\"@id\":\"https:\/\/kitefoilwing.com\/#website\"},\"primaryImageOfPage\":{\"@id\":\"https:\/\/kitefoilwing.com\/?product=foil-sea-devil-1040#primaryimage\"},\"image\":{\"@id\":\"https:\/\/kitefoilwing.com\/?product=foil-sea-devil-1040#primaryimage\"},\"thumbnailUrl\":\"https:\/\/kitefoilwing.com\/wp-content\/uploads\/2025\/05\/SeaDevil1040-2.webp\",\"datePublished\":\"2025-05-08T10:56:37+00:00\",\"dateModified\":\"2025-06-02T14:47:36+00:00\",\"breadcrumb\":{\"@id\":\"https:\/\/kitefoilwing.com\/?product=foil-sea-devil-1040#breadcrumb\"},\"inLanguage\":\"es\",\"potentialAction\":[{\"@type\":\"ReadAction\",\"target\":[\"https:\/\/kitefoilwing.com\/?product=foil-sea-devil-1040\"]}]},{\"@type\":\"ImageObject\",\"inLanguage\":\"es\",\"@id\":\"https:\/\/kitefoilwing.com\/?product=foil-sea-devil-1040#primaryimage\",\"url\":\"https:\/\/kitefoilwing.com\/wp-content\/uploads\/2025\/05\/SeaDevil1040-2.webp\",\"contentUrl\":\"https:\/\/kitefoilwing.com\/wp-content\/uploads\/2025\/05\/SeaDevil1040-2.webp\",\"width\":1440,\"height\":1080},{\"@type\":\"BreadcrumbList\",\"@id\":\"https:\/\/kitefoilwing.com\/?product=foil-sea-devil-1040#breadcrumb\",\"itemListElement\":[{\"@type\":\"ListItem\",\"position\":1,\"name\":\"Portada\",\"item\":\"https:\/\/kitefoilwing.com\/\"},{\"@type\":\"ListItem\",\"position\":2,\"name\":\"Tienda\",\"item\":\"https:\/\/kitefoilwing.com\/?page_id=6\"},{\"@type\":\"ListItem\",\"position\":3,\"name\":\"Foil Sea Devil. HIDROALA MODULAR 2 EN 1\"}]},{\"@type\":\"WebSite\",\"@id\":\"https:\/\/kitefoilwing.com\/#website\",\"url\":\"https:\/\/kitefoilwing.com\/\",\"name\":\"KiteFoilWing\",\"description\":\"venta de kite foil wing\",\"publisher\":{\"@id\":\"https:\/\/kitefoilwing.com\/#organization\"},\"potentialAction\":[{\"@type\":\"SearchAction\",\"target\":{\"@type\":\"EntryPoint\",\"urlTemplate\":\"https:\/\/kitefoilwing.com\/?s={search_term_string}\"},\"query-input\":{\"@type\":\"PropertyValueSpecification\",\"valueRequired\":true,\"valueName\":\"search_term_string\"}}],\"inLanguage\":\"es\"},{\"@type\":\"Organization\",\"@id\":\"https:\/\/kitefoilwing.com\/#organization\",\"name\":\"KiteFoilWing\",\"url\":\"https:\/\/kitefoilwing.com\/\",\"logo\":{\"@type\":\"ImageObject\",\"inLanguage\":\"es\",\"@id\":\"https:\/\/kitefoilwing.com\/#\/schema\/logo\/image\/\",\"url\":\"https:\/\/kitefoilwing.com\/wp-content\/uploads\/2025\/05\/LogoWeb.jpg\",\"contentUrl\":\"https:\/\/kitefoilwing.com\/wp-content\/uploads\/2025\/05\/LogoWeb.jpg\",\"width\":725,\"height\":81,\"caption\":\"KiteFoilWing\"},\"image\":{\"@id\":\"https:\/\/kitefoilwing.com\/#\/schema\/logo\/image\/\"}}]}<\/script>\n<!-- \/ Yoast SEO plugin. -->","yoast_head_json":{"title":"Foil Sea Devil. HIDROALA MODULAR 2 EN 1 - KiteFoilWing","robots":{"index":"index","follow":"follow","max-snippet":"max-snippet:-1","max-image-preview":"max-image-preview:large","max-video-preview":"max-video-preview:-1"},"canonical":"https:\/\/kitefoilwing.com\/?product=foil-sea-devil-1040","og_locale":"es_ES","og_type":"article","og_title":"Foil Sea Devil. HIDROALA MODULAR 2 EN 1 - KiteFoilWing","og_description":"SABFOIL Sea Devil 840\/1040 | Las Hidroalas modulares 2 en 1 para vientos ligeros   El Foil 1040 el 2 en 1 para freeride t\u00e9cnico y de m\u00e1xima diversi\u00f3n con viento flojo. Estabilidad y control con estabilizador, maniobrabilidad extrema sin \u00e9l. Despegue instant\u00e1neo, perfil autoestabilizador, construcci\u00f3n monocasco \u00edntegramente de carbono. Vers\u00e1til, reactiva y sorprendente.  El 840 igual pero para vientos fuertes.","og_url":"https:\/\/kitefoilwing.com\/?product=foil-sea-devil-1040","og_site_name":"KiteFoilWing","article_modified_time":"2025-06-02T14:47:36+00:00","og_image":[{"width":1440,"height":1080,"url":"https:\/\/kitefoilwing.com\/wp-content\/uploads\/2025\/05\/SeaDevil1040-2.webp","type":"image\/webp"}],"twitter_card":"summary_large_image","twitter_misc":{"Tiempo de lectura":"2 minutos"},"schema":{"@context":"https:\/\/schema.org","@graph":[{"@type":"WebPage","@id":"https:\/\/kitefoilwing.com\/?product=foil-sea-devil-1040","url":"https:\/\/kitefoilwing.com\/?product=foil-sea-devil-1040","name":"Foil Sea Devil. HIDROALA MODULAR 2 EN 1 - KiteFoilWing","isPartOf":{"@id":"https:\/\/kitefoilwing.com\/#website"},"primaryImageOfPage":{"@id":"https:\/\/kitefoilwing.com\/?product=foil-sea-devil-1040#primaryimage"},"image":{"@id":"https:\/\/kitefoilwing.com\/?product=foil-sea-devil-1040#primaryimage"},"thumbnailUrl":"https:\/\/kitefoilwing.com\/wp-content\/uploads\/2025\/05\/SeaDevil1040-2.webp","datePublished":"2025-05-08T10:56:37+00:00","dateModified":"2025-06-02T14:47:36+00:00","breadcrumb":{"@id":"https:\/\/kitefoilwing.com\/?product=foil-sea-devil-1040#breadcrumb"},"inLanguage":"es","potentialAction":[{"@type":"ReadAction","target":["https:\/\/kitefoilwing.com\/?product=foil-sea-devil-1040"]}]},{"@type":"ImageObject","inLanguage":"es","@id":"https:\/\/kitefoilwing.com\/?product=foil-sea-devil-1040#primaryimage","url":"https:\/\/kitefoilwing.com\/wp-content\/uploads\/2025\/05\/SeaDevil1040-2.webp","contentUrl":"https:\/\/kitefoilwing.com\/wp-content\/uploads\/2025\/05\/SeaDevil1040-2.webp","width":1440,"height":1080},{"@type":"BreadcrumbList","@id":"https:\/\/kitefoilwing.com\/?product=foil-sea-devil-1040#breadcrumb","itemListElement":[{"@type":"ListItem","position":1,"name":"Portada","item":"https:\/\/kitefoilwing.com\/"},{"@type":"ListItem","position":2,"name":"Tienda","item":"https:\/\/kitefoilwing.com\/?page_id=6"},{"@type":"ListItem","position":3,"name":"Foil Sea Devil. HIDROALA MODULAR 2 EN 1"}]},{"@type":"WebSite","@id":"https:\/\/kitefoilwing.com\/#website","url":"https:\/\/kitefoilwing.com\/","name":"KiteFoilWing","description":"venta de kite foil wing","publisher":{"@id":"https:\/\/kitefoilwing.com\/#organization"},"potentialAction":[{"@type":"SearchAction","target":{"@type":"EntryPoint","urlTemplate":"https:\/\/kitefoilwing.com\/?s={search_term_string}"},"query-input":{"@type":"PropertyValueSpecification","valueRequired":true,"valueName":"search_term_string"}}],"inLanguage":"es"},{"@type":"Organization","@id":"https:\/\/kitefoilwing.com\/#organization","name":"KiteFoilWing","url":"https:\/\/kitefoilwing.com\/","logo":{"@type":"ImageObject","inLanguage":"es","@id":"https:\/\/kitefoilwing.com\/#\/schema\/logo\/image\/","url":"https:\/\/kitefoilwing.com\/wp-content\/uploads\/2025\/05\/LogoWeb.jpg","contentUrl":"https:\/\/kitefoilwing.com\/wp-content\/uploads\/2025\/05\/LogoWeb.jpg","width":725,"height":81,"caption":"KiteFoilWing"},"image":{"@id":"https:\/\/kitefoilwing.com\/#\/schema\/logo\/image\/"}}]}},"jetpack_sharing_enabled":true,"_links":{"self":[{"href":"https:\/\/kitefoilwing.com\/index.php?rest_route=\/wp\/v2\/product\/148","targetHints":{"allow":["GET"]}}],"collection":[{"href":"https:\/\/kitefoilwing.com\/index.php?rest_route=\/wp\/v2\/product"}],"about":[{"href":"https:\/\/kitefoilwing.com\/index.php?rest_route=\/wp\/v2\/types\/product"}],"replies":[{"embeddable":true,"href":"https:\/\/kitefoilwing.com\/index.php?rest_route=%2Fwp%2Fv2%2Fcomments&post=148"}],"wp:featuredmedia":[{"embeddable":true,"href":"https:\/\/kitefoilwing.com\/index.php?rest_route=\/wp\/v2\/media\/875"}],"wp:attachment":[{"href":"https:\/\/kitefoilwing.com\/index.php?rest_route=%2Fwp%2Fv2%2Fmedia&parent=148"}],"wp:term":[{"taxonomy":"product_brand","embeddable":true,"href":"https:\/\/kitefoilwing.com\/index.php?rest_route=%2Fwp%2Fv2%2Fproduct_brand&post=148"},{"taxonomy":"product_cat","embeddable":true,"href":"https:\/\/kitefoilwing.com\/index.php?rest_route=%2Fwp%2Fv2%2Fproduct_cat&post=148"},{"taxonomy":"product_tag","embeddable":true,"href":"https:\/\/kitefoilwing.com\/index.php?rest_route=%2Fwp%2Fv2%2Fproduct_tag&post=148"}],"curies":[{"name":"wp","href":"https:\/\/api.w.org\/{rel}","templated":true}]}}