{"id":121,"date":"2025-04-25T12:03:31","date_gmt":"2025-04-25T10:03:31","guid":{"rendered":"https:\/\/kitefoilwing.com\/?post_type=product&#038;p=121"},"modified":"2025-06-02T15:08:01","modified_gmt":"2025-06-02T15:08:01","slug":"foil-1350-surf","status":"publish","type":"product","link":"https:\/\/kitefoilwing.com\/?product=foil-1350-surf","title":{"rendered":"Foil Set Medusa Pro"},"content":{"rendered":"<div><span class=\"block text-base font-bold\">Rango<\/span><span class=\"block font-medium text-gray-700\">Medusa PRO<\/span><\/div>\n<div>Mastil en dos medidas 83 y 93 cm.<\/div>\n<div>Alas delanteras de 669, 769, y 869 cm.<\/div>\n<div>Fuselajes de 663 y 903 cm.<\/div>\n<div>Estabilizadores de 375 y 395 cm.<\/div>\n<div><\/div>\n<div><span class=\"block text-base font-bold\">Foil recomendado para<\/span><span class=\"block font-medium text-gray-700\">Freestyle Pro &#8211; Freestyle &#8211; Freeride &#8211; Ola &#8211; Freeride r\u00e1pido<\/span><\/div>\n<div><span class=\"block text-base font-bold\">Velocidad de despegue par las medidas mayores <\/span><span class=\"block font-medium text-gray-700\">10 &#8211; 12 nudos<\/span><\/div>\n<div><span class=\"block text-base font-bold\">Velocidad m\u00e1xima (usuario promedio de 80 kg)<\/span><span class=\"block font-medium text-gray-700\">25 &#8211; 27 nudos<\/span><\/div>\n<div><\/div>\n<div><em>Bolsa y sistema de liberaci\u00f3n r\u00e1pida de titanio (Q02K) incluidos.<\/em><\/div>\n","protected":false},"excerpt":{"rendered":"<p>El Medusa PRO representa la progresi\u00f3n natural de nuestra l\u00ednea Medusa est\u00e1ndar.<\/p>\n<p>Este equipo de foil\u00a0 es una excelente opci\u00f3n para la pr\u00e1ctica de Wingfoil, tanto freeride como freerace, y especialmente en sesiones de Power Freestyle y olas, con su incre\u00edble capacidad de carving.<\/p>\n<p>Las alas delantera dise\u00f1adas espec\u00edficamente para una aceleraci\u00f3n superior y altas velocidades. Ofrece un pop incre\u00edble y es ideal para realizar maniobras a\u00e9reas avanzadas. Los m\u00e1stiles tienen un perfil equilibrado que proporciona una conducci\u00f3n suave y con rigidez. El estabilizador proporciona un excelente rendimiento en velocidad y direccionalidad, sin sacrificar la maniobrabilidad.<\/p>\n","protected":false},"featured_media":835,"comment_status":"open","ping_status":"closed","template":"","meta":[],"product_brand":[],"product_cat":[22],"product_tag":[],"class_list":{"0":"post-121","1":"product","2":"type-product","3":"status-publish","4":"has-post-thumbnail","6":"product_cat-sabfoil","8":"first","9":"outofstock","10":"shipping-taxable","11":"purchasable","12":"product-type-variable"},"yoast_head":"<!-- This site is optimized with the Yoast SEO plugin v26.7 - https:\/\/yoast.com\/wordpress\/plugins\/seo\/ -->\n<title>Foil Set Medusa Pro - KiteFoilWing<\/title>\n<meta name=\"robots\" content=\"index, follow, max-snippet:-1, max-image-preview:large, max-video-preview:-1\" \/>\n<link rel=\"canonical\" href=\"https:\/\/kitefoilwing.com\/?product=foil-1350-surf\" \/>\n<meta property=\"og:locale\" content=\"es_ES\" \/>\n<meta property=\"og:type\" content=\"article\" \/>\n<meta property=\"og:title\" content=\"Foil Set Medusa Pro - KiteFoilWing\" \/>\n<meta property=\"og:description\" content=\"El Medusa PRO representa la progresi\u00f3n natural de nuestra l\u00ednea Medusa est\u00e1ndar.  Este equipo de foil\u00a0 es una excelente opci\u00f3n para la pr\u00e1ctica de Wingfoil, tanto freeride como freerace, y especialmente en sesiones de Power Freestyle y olas, con su incre\u00edble capacidad de carving.  Las alas delantera dise\u00f1adas espec\u00edficamente para una aceleraci\u00f3n superior y altas velocidades. Ofrece un pop incre\u00edble y es ideal para realizar maniobras a\u00e9reas avanzadas. Los m\u00e1stiles tienen un perfil equilibrado que proporciona una conducci\u00f3n suave y con rigidez. El estabilizador proporciona un excelente rendimiento en velocidad y direccionalidad, sin sacrificar la maniobrabilidad.\" \/>\n<meta property=\"og:url\" content=\"https:\/\/kitefoilwing.com\/?product=foil-1350-surf\" \/>\n<meta property=\"og:site_name\" content=\"KiteFoilWing\" \/>\n<meta property=\"article:modified_time\" content=\"2025-06-02T15:08:01+00:00\" \/>\n<meta property=\"og:image\" content=\"https:\/\/kitefoilwing.com\/wp-content\/uploads\/2025\/04\/SETmedusa.jpg\" \/>\n\t<meta property=\"og:image:width\" content=\"1440\" \/>\n\t<meta property=\"og:image:height\" content=\"1080\" \/>\n\t<meta property=\"og:image:type\" content=\"image\/jpeg\" \/>\n<meta name=\"twitter:card\" content=\"summary_large_image\" \/>\n<meta name=\"twitter:label1\" content=\"Tiempo de lectura\" \/>\n\t<meta name=\"twitter:data1\" content=\"1 minuto\" \/>\n<script type=\"application\/ld+json\" class=\"yoast-schema-graph\">{\"@context\":\"https:\/\/schema.org\",\"@graph\":[{\"@type\":\"WebPage\",\"@id\":\"https:\/\/kitefoilwing.com\/?product=foil-1350-surf\",\"url\":\"https:\/\/kitefoilwing.com\/?product=foil-1350-surf\",\"name\":\"Foil Set Medusa Pro - KiteFoilWing\",\"isPartOf\":{\"@id\":\"https:\/\/kitefoilwing.com\/#website\"},\"primaryImageOfPage\":{\"@id\":\"https:\/\/kitefoilwing.com\/?product=foil-1350-surf#primaryimage\"},\"image\":{\"@id\":\"https:\/\/kitefoilwing.com\/?product=foil-1350-surf#primaryimage\"},\"thumbnailUrl\":\"https:\/\/kitefoilwing.com\/wp-content\/uploads\/2025\/04\/SETmedusa.jpg\",\"datePublished\":\"2025-04-25T10:03:31+00:00\",\"dateModified\":\"2025-06-02T15:08:01+00:00\",\"breadcrumb\":{\"@id\":\"https:\/\/kitefoilwing.com\/?product=foil-1350-surf#breadcrumb\"},\"inLanguage\":\"es\",\"potentialAction\":[{\"@type\":\"ReadAction\",\"target\":[\"https:\/\/kitefoilwing.com\/?product=foil-1350-surf\"]}]},{\"@type\":\"ImageObject\",\"inLanguage\":\"es\",\"@id\":\"https:\/\/kitefoilwing.com\/?product=foil-1350-surf#primaryimage\",\"url\":\"https:\/\/kitefoilwing.com\/wp-content\/uploads\/2025\/04\/SETmedusa.jpg\",\"contentUrl\":\"https:\/\/kitefoilwing.com\/wp-content\/uploads\/2025\/04\/SETmedusa.jpg\",\"width\":1440,\"height\":1080},{\"@type\":\"BreadcrumbList\",\"@id\":\"https:\/\/kitefoilwing.com\/?product=foil-1350-surf#breadcrumb\",\"itemListElement\":[{\"@type\":\"ListItem\",\"position\":1,\"name\":\"Portada\",\"item\":\"https:\/\/kitefoilwing.com\/\"},{\"@type\":\"ListItem\",\"position\":2,\"name\":\"Tienda\",\"item\":\"https:\/\/kitefoilwing.com\/?page_id=6\"},{\"@type\":\"ListItem\",\"position\":3,\"name\":\"Foil Set Medusa Pro\"}]},{\"@type\":\"WebSite\",\"@id\":\"https:\/\/kitefoilwing.com\/#website\",\"url\":\"https:\/\/kitefoilwing.com\/\",\"name\":\"KiteFoilWing\",\"description\":\"venta de kite foil wing\",\"publisher\":{\"@id\":\"https:\/\/kitefoilwing.com\/#organization\"},\"potentialAction\":[{\"@type\":\"SearchAction\",\"target\":{\"@type\":\"EntryPoint\",\"urlTemplate\":\"https:\/\/kitefoilwing.com\/?s={search_term_string}\"},\"query-input\":{\"@type\":\"PropertyValueSpecification\",\"valueRequired\":true,\"valueName\":\"search_term_string\"}}],\"inLanguage\":\"es\"},{\"@type\":\"Organization\",\"@id\":\"https:\/\/kitefoilwing.com\/#organization\",\"name\":\"KiteFoilWing\",\"url\":\"https:\/\/kitefoilwing.com\/\",\"logo\":{\"@type\":\"ImageObject\",\"inLanguage\":\"es\",\"@id\":\"https:\/\/kitefoilwing.com\/#\/schema\/logo\/image\/\",\"url\":\"https:\/\/kitefoilwing.com\/wp-content\/uploads\/2025\/05\/LogoWeb.jpg\",\"contentUrl\":\"https:\/\/kitefoilwing.com\/wp-content\/uploads\/2025\/05\/LogoWeb.jpg\",\"width\":725,\"height\":81,\"caption\":\"KiteFoilWing\"},\"image\":{\"@id\":\"https:\/\/kitefoilwing.com\/#\/schema\/logo\/image\/\"}}]}<\/script>\n<!-- \/ Yoast SEO plugin. -->","yoast_head_json":{"title":"Foil Set Medusa Pro - KiteFoilWing","robots":{"index":"index","follow":"follow","max-snippet":"max-snippet:-1","max-image-preview":"max-image-preview:large","max-video-preview":"max-video-preview:-1"},"canonical":"https:\/\/kitefoilwing.com\/?product=foil-1350-surf","og_locale":"es_ES","og_type":"article","og_title":"Foil Set Medusa Pro - KiteFoilWing","og_description":"El Medusa PRO representa la progresi\u00f3n natural de nuestra l\u00ednea Medusa est\u00e1ndar.  Este equipo de foil\u00a0 es una excelente opci\u00f3n para la pr\u00e1ctica de Wingfoil, tanto freeride como freerace, y especialmente en sesiones de Power Freestyle y olas, con su incre\u00edble capacidad de carving.  Las alas delantera dise\u00f1adas espec\u00edficamente para una aceleraci\u00f3n superior y altas velocidades. Ofrece un pop incre\u00edble y es ideal para realizar maniobras a\u00e9reas avanzadas. Los m\u00e1stiles tienen un perfil equilibrado que proporciona una conducci\u00f3n suave y con rigidez. El estabilizador proporciona un excelente rendimiento en velocidad y direccionalidad, sin sacrificar la maniobrabilidad.","og_url":"https:\/\/kitefoilwing.com\/?product=foil-1350-surf","og_site_name":"KiteFoilWing","article_modified_time":"2025-06-02T15:08:01+00:00","og_image":[{"width":1440,"height":1080,"url":"https:\/\/kitefoilwing.com\/wp-content\/uploads\/2025\/04\/SETmedusa.jpg","type":"image\/jpeg"}],"twitter_card":"summary_large_image","twitter_misc":{"Tiempo de lectura":"1 minuto"},"schema":{"@context":"https:\/\/schema.org","@graph":[{"@type":"WebPage","@id":"https:\/\/kitefoilwing.com\/?product=foil-1350-surf","url":"https:\/\/kitefoilwing.com\/?product=foil-1350-surf","name":"Foil Set Medusa Pro - KiteFoilWing","isPartOf":{"@id":"https:\/\/kitefoilwing.com\/#website"},"primaryImageOfPage":{"@id":"https:\/\/kitefoilwing.com\/?product=foil-1350-surf#primaryimage"},"image":{"@id":"https:\/\/kitefoilwing.com\/?product=foil-1350-surf#primaryimage"},"thumbnailUrl":"https:\/\/kitefoilwing.com\/wp-content\/uploads\/2025\/04\/SETmedusa.jpg","datePublished":"2025-04-25T10:03:31+00:00","dateModified":"2025-06-02T15:08:01+00:00","breadcrumb":{"@id":"https:\/\/kitefoilwing.com\/?product=foil-1350-surf#breadcrumb"},"inLanguage":"es","potentialAction":[{"@type":"ReadAction","target":["https:\/\/kitefoilwing.com\/?product=foil-1350-surf"]}]},{"@type":"ImageObject","inLanguage":"es","@id":"https:\/\/kitefoilwing.com\/?product=foil-1350-surf#primaryimage","url":"https:\/\/kitefoilwing.com\/wp-content\/uploads\/2025\/04\/SETmedusa.jpg","contentUrl":"https:\/\/kitefoilwing.com\/wp-content\/uploads\/2025\/04\/SETmedusa.jpg","width":1440,"height":1080},{"@type":"BreadcrumbList","@id":"https:\/\/kitefoilwing.com\/?product=foil-1350-surf#breadcrumb","itemListElement":[{"@type":"ListItem","position":1,"name":"Portada","item":"https:\/\/kitefoilwing.com\/"},{"@type":"ListItem","position":2,"name":"Tienda","item":"https:\/\/kitefoilwing.com\/?page_id=6"},{"@type":"ListItem","position":3,"name":"Foil Set Medusa Pro"}]},{"@type":"WebSite","@id":"https:\/\/kitefoilwing.com\/#website","url":"https:\/\/kitefoilwing.com\/","name":"KiteFoilWing","description":"venta de kite foil wing","publisher":{"@id":"https:\/\/kitefoilwing.com\/#organization"},"potentialAction":[{"@type":"SearchAction","target":{"@type":"EntryPoint","urlTemplate":"https:\/\/kitefoilwing.com\/?s={search_term_string}"},"query-input":{"@type":"PropertyValueSpecification","valueRequired":true,"valueName":"search_term_string"}}],"inLanguage":"es"},{"@type":"Organization","@id":"https:\/\/kitefoilwing.com\/#organization","name":"KiteFoilWing","url":"https:\/\/kitefoilwing.com\/","logo":{"@type":"ImageObject","inLanguage":"es","@id":"https:\/\/kitefoilwing.com\/#\/schema\/logo\/image\/","url":"https:\/\/kitefoilwing.com\/wp-content\/uploads\/2025\/05\/LogoWeb.jpg","contentUrl":"https:\/\/kitefoilwing.com\/wp-content\/uploads\/2025\/05\/LogoWeb.jpg","width":725,"height":81,"caption":"KiteFoilWing"},"image":{"@id":"https:\/\/kitefoilwing.com\/#\/schema\/logo\/image\/"}}]}},"jetpack_sharing_enabled":true,"_links":{"self":[{"href":"https:\/\/kitefoilwing.com\/index.php?rest_route=\/wp\/v2\/product\/121","targetHints":{"allow":["GET"]}}],"collection":[{"href":"https:\/\/kitefoilwing.com\/index.php?rest_route=\/wp\/v2\/product"}],"about":[{"href":"https:\/\/kitefoilwing.com\/index.php?rest_route=\/wp\/v2\/types\/product"}],"replies":[{"embeddable":true,"href":"https:\/\/kitefoilwing.com\/index.php?rest_route=%2Fwp%2Fv2%2Fcomments&post=121"}],"wp:featuredmedia":[{"embeddable":true,"href":"https:\/\/kitefoilwing.com\/index.php?rest_route=\/wp\/v2\/media\/835"}],"wp:attachment":[{"href":"https:\/\/kitefoilwing.com\/index.php?rest_route=%2Fwp%2Fv2%2Fmedia&parent=121"}],"wp:term":[{"taxonomy":"product_brand","embeddable":true,"href":"https:\/\/kitefoilwing.com\/index.php?rest_route=%2Fwp%2Fv2%2Fproduct_brand&post=121"},{"taxonomy":"product_cat","embeddable":true,"href":"https:\/\/kitefoilwing.com\/index.php?rest_route=%2Fwp%2Fv2%2Fproduct_cat&post=121"},{"taxonomy":"product_tag","embeddable":true,"href":"https:\/\/kitefoilwing.com\/index.php?rest_route=%2Fwp%2Fv2%2Fproduct_tag&post=121"}],"curies":[{"name":"wp","href":"https:\/\/api.w.org\/{rel}","templated":true}]}}