{"id":119,"date":"2025-04-25T11:57:55","date_gmt":"2025-04-25T09:57:55","guid":{"rendered":"https:\/\/kitefoilwing.com\/?post_type=product&#038;p=119"},"modified":"2025-06-02T18:10:37","modified_gmt":"2025-06-02T18:10:37","slug":"g-race-pink-2","status":"publish","type":"product","link":"https:\/\/kitefoilwing.com\/?product=g-race-pink-2","title":{"rendered":"G-Wave Tabla Wingfoil"},"content":{"rendered":"<p><strong>Ll\u00e1menos y le informaremos de opciones y ofertas<\/strong>.<\/p>\n<p>Footstraps incluidos<\/p>\n<p>Medidas: 65 \u2013 70 -75 \u2013 85 \u2013 95 \u2013 105 litros.<\/p>\n<p>Sujeci\u00f3n m\u00e1stil: US Box \/ Tuttle Box \/ Us + Tuttle Box<\/p>\n<p>TALLAS DISPONIBLES:<\/p>\n<p>65\u00a0litros \u2013 165 x 49 cm<br \/>\n70 Lt.\u00a0\u00a0\u2013 170 x 53cm<br \/>\n75 Lt.\u00a0\u00a0\u2013 172 x 54cm<br \/>\n85\u00a0Lt. \u2013 181 x 55 cm<br \/>\n95 Lt.\u00a0\u00a0\u2013 184 x 55 cm<br \/>\n105 Lt.\u00a0\u00a0\u2013 185 x 56 cm<\/p>\n<p>Para colores personalizados,<br \/>\nseleccione la opci\u00f3n \u201cPersonalizado\u201d y nos comunicaremos con usted para acordar el color.<\/p>\n","protected":false},"excerpt":{"rendered":"<h3>\u00a1Explora las olas con el nuevo G-WAVE!<\/h3>\n<p>Ligero, reactivo y dise\u00f1ado para maximizar cada sesi\u00f3n en el mar, incluso con vientos suaves.<\/p>\n<p>La forma alargada y el dise\u00f1o innovador hacen de la G-Wave una tabla ideal para quienes buscan agilidad en las olas, sin comprometer la facilidad de uso. Su volumen bien distribuido asegura una experiencia intuitiva, perfecta tanto para navegantes experimentados como para aquellos que se inician en el foil.<\/p>\n","protected":false},"featured_media":842,"comment_status":"open","ping_status":"closed","template":"","meta":[],"product_brand":[],"product_cat":[23],"product_tag":[],"class_list":{"0":"post-119","1":"product","2":"type-product","3":"status-publish","4":"has-post-thumbnail","6":"product_cat-tablasflygroove","8":"first","9":"instock","10":"shipping-taxable","11":"purchasable","12":"product-type-variable"},"yoast_head":"<!-- This site is optimized with the Yoast SEO plugin v26.7 - https:\/\/yoast.com\/wordpress\/plugins\/seo\/ -->\n<title>G-Wave Tabla Wingfoil - KiteFoilWing<\/title>\n<meta name=\"robots\" content=\"index, follow, max-snippet:-1, max-image-preview:large, max-video-preview:-1\" \/>\n<link rel=\"canonical\" href=\"https:\/\/kitefoilwing.com\/?product=g-race-pink-2\" \/>\n<meta property=\"og:locale\" content=\"es_ES\" \/>\n<meta property=\"og:type\" content=\"article\" \/>\n<meta property=\"og:title\" content=\"G-Wave Tabla Wingfoil - KiteFoilWing\" \/>\n<meta property=\"og:description\" content=\"\u00a1Explora las olas con el nuevo G-WAVE! Ligero, reactivo y dise\u00f1ado para maximizar cada sesi\u00f3n en el mar, incluso con vientos suaves.  La forma alargada y el dise\u00f1o innovador hacen de la G-Wave una tabla ideal para quienes buscan agilidad en las olas, sin comprometer la facilidad de uso. Su volumen bien distribuido asegura una experiencia intuitiva, perfecta tanto para navegantes experimentados como para aquellos que se inician en el foil.\" \/>\n<meta property=\"og:url\" content=\"https:\/\/kitefoilwing.com\/?product=g-race-pink-2\" \/>\n<meta property=\"og:site_name\" content=\"KiteFoilWing\" \/>\n<meta property=\"article:modified_time\" content=\"2025-06-02T18:10:37+00:00\" \/>\n<meta property=\"og:image\" content=\"https:\/\/kitefoilwing.com\/wp-content\/uploads\/2025\/04\/g-wave1.jpg\" \/>\n\t<meta property=\"og:image:width\" content=\"800\" \/>\n\t<meta property=\"og:image:height\" content=\"1000\" \/>\n\t<meta property=\"og:image:type\" content=\"image\/jpeg\" \/>\n<meta name=\"twitter:card\" content=\"summary_large_image\" \/>\n<meta name=\"twitter:label1\" content=\"Tiempo de lectura\" \/>\n\t<meta name=\"twitter:data1\" content=\"1 minuto\" \/>\n<script type=\"application\/ld+json\" class=\"yoast-schema-graph\">{\"@context\":\"https:\/\/schema.org\",\"@graph\":[{\"@type\":\"WebPage\",\"@id\":\"https:\/\/kitefoilwing.com\/?product=g-race-pink-2\",\"url\":\"https:\/\/kitefoilwing.com\/?product=g-race-pink-2\",\"name\":\"G-Wave Tabla Wingfoil - KiteFoilWing\",\"isPartOf\":{\"@id\":\"https:\/\/kitefoilwing.com\/#website\"},\"primaryImageOfPage\":{\"@id\":\"https:\/\/kitefoilwing.com\/?product=g-race-pink-2#primaryimage\"},\"image\":{\"@id\":\"https:\/\/kitefoilwing.com\/?product=g-race-pink-2#primaryimage\"},\"thumbnailUrl\":\"https:\/\/kitefoilwing.com\/wp-content\/uploads\/2025\/04\/g-wave1.jpg\",\"datePublished\":\"2025-04-25T09:57:55+00:00\",\"dateModified\":\"2025-06-02T18:10:37+00:00\",\"breadcrumb\":{\"@id\":\"https:\/\/kitefoilwing.com\/?product=g-race-pink-2#breadcrumb\"},\"inLanguage\":\"es\",\"potentialAction\":[{\"@type\":\"ReadAction\",\"target\":[\"https:\/\/kitefoilwing.com\/?product=g-race-pink-2\"]}]},{\"@type\":\"ImageObject\",\"inLanguage\":\"es\",\"@id\":\"https:\/\/kitefoilwing.com\/?product=g-race-pink-2#primaryimage\",\"url\":\"https:\/\/kitefoilwing.com\/wp-content\/uploads\/2025\/04\/g-wave1.jpg\",\"contentUrl\":\"https:\/\/kitefoilwing.com\/wp-content\/uploads\/2025\/04\/g-wave1.jpg\",\"width\":800,\"height\":1000},{\"@type\":\"BreadcrumbList\",\"@id\":\"https:\/\/kitefoilwing.com\/?product=g-race-pink-2#breadcrumb\",\"itemListElement\":[{\"@type\":\"ListItem\",\"position\":1,\"name\":\"Portada\",\"item\":\"https:\/\/kitefoilwing.com\/\"},{\"@type\":\"ListItem\",\"position\":2,\"name\":\"Tienda\",\"item\":\"https:\/\/kitefoilwing.com\/?page_id=6\"},{\"@type\":\"ListItem\",\"position\":3,\"name\":\"G-Wave Tabla Wingfoil\"}]},{\"@type\":\"WebSite\",\"@id\":\"https:\/\/kitefoilwing.com\/#website\",\"url\":\"https:\/\/kitefoilwing.com\/\",\"name\":\"KiteFoilWing\",\"description\":\"venta de kite foil wing\",\"publisher\":{\"@id\":\"https:\/\/kitefoilwing.com\/#organization\"},\"potentialAction\":[{\"@type\":\"SearchAction\",\"target\":{\"@type\":\"EntryPoint\",\"urlTemplate\":\"https:\/\/kitefoilwing.com\/?s={search_term_string}\"},\"query-input\":{\"@type\":\"PropertyValueSpecification\",\"valueRequired\":true,\"valueName\":\"search_term_string\"}}],\"inLanguage\":\"es\"},{\"@type\":\"Organization\",\"@id\":\"https:\/\/kitefoilwing.com\/#organization\",\"name\":\"KiteFoilWing\",\"url\":\"https:\/\/kitefoilwing.com\/\",\"logo\":{\"@type\":\"ImageObject\",\"inLanguage\":\"es\",\"@id\":\"https:\/\/kitefoilwing.com\/#\/schema\/logo\/image\/\",\"url\":\"https:\/\/kitefoilwing.com\/wp-content\/uploads\/2025\/05\/LogoWeb.jpg\",\"contentUrl\":\"https:\/\/kitefoilwing.com\/wp-content\/uploads\/2025\/05\/LogoWeb.jpg\",\"width\":725,\"height\":81,\"caption\":\"KiteFoilWing\"},\"image\":{\"@id\":\"https:\/\/kitefoilwing.com\/#\/schema\/logo\/image\/\"}}]}<\/script>\n<!-- \/ Yoast SEO plugin. -->","yoast_head_json":{"title":"G-Wave Tabla Wingfoil - KiteFoilWing","robots":{"index":"index","follow":"follow","max-snippet":"max-snippet:-1","max-image-preview":"max-image-preview:large","max-video-preview":"max-video-preview:-1"},"canonical":"https:\/\/kitefoilwing.com\/?product=g-race-pink-2","og_locale":"es_ES","og_type":"article","og_title":"G-Wave Tabla Wingfoil - KiteFoilWing","og_description":"\u00a1Explora las olas con el nuevo G-WAVE! Ligero, reactivo y dise\u00f1ado para maximizar cada sesi\u00f3n en el mar, incluso con vientos suaves.  La forma alargada y el dise\u00f1o innovador hacen de la G-Wave una tabla ideal para quienes buscan agilidad en las olas, sin comprometer la facilidad de uso. Su volumen bien distribuido asegura una experiencia intuitiva, perfecta tanto para navegantes experimentados como para aquellos que se inician en el foil.","og_url":"https:\/\/kitefoilwing.com\/?product=g-race-pink-2","og_site_name":"KiteFoilWing","article_modified_time":"2025-06-02T18:10:37+00:00","og_image":[{"width":800,"height":1000,"url":"https:\/\/kitefoilwing.com\/wp-content\/uploads\/2025\/04\/g-wave1.jpg","type":"image\/jpeg"}],"twitter_card":"summary_large_image","twitter_misc":{"Tiempo de lectura":"1 minuto"},"schema":{"@context":"https:\/\/schema.org","@graph":[{"@type":"WebPage","@id":"https:\/\/kitefoilwing.com\/?product=g-race-pink-2","url":"https:\/\/kitefoilwing.com\/?product=g-race-pink-2","name":"G-Wave Tabla Wingfoil - KiteFoilWing","isPartOf":{"@id":"https:\/\/kitefoilwing.com\/#website"},"primaryImageOfPage":{"@id":"https:\/\/kitefoilwing.com\/?product=g-race-pink-2#primaryimage"},"image":{"@id":"https:\/\/kitefoilwing.com\/?product=g-race-pink-2#primaryimage"},"thumbnailUrl":"https:\/\/kitefoilwing.com\/wp-content\/uploads\/2025\/04\/g-wave1.jpg","datePublished":"2025-04-25T09:57:55+00:00","dateModified":"2025-06-02T18:10:37+00:00","breadcrumb":{"@id":"https:\/\/kitefoilwing.com\/?product=g-race-pink-2#breadcrumb"},"inLanguage":"es","potentialAction":[{"@type":"ReadAction","target":["https:\/\/kitefoilwing.com\/?product=g-race-pink-2"]}]},{"@type":"ImageObject","inLanguage":"es","@id":"https:\/\/kitefoilwing.com\/?product=g-race-pink-2#primaryimage","url":"https:\/\/kitefoilwing.com\/wp-content\/uploads\/2025\/04\/g-wave1.jpg","contentUrl":"https:\/\/kitefoilwing.com\/wp-content\/uploads\/2025\/04\/g-wave1.jpg","width":800,"height":1000},{"@type":"BreadcrumbList","@id":"https:\/\/kitefoilwing.com\/?product=g-race-pink-2#breadcrumb","itemListElement":[{"@type":"ListItem","position":1,"name":"Portada","item":"https:\/\/kitefoilwing.com\/"},{"@type":"ListItem","position":2,"name":"Tienda","item":"https:\/\/kitefoilwing.com\/?page_id=6"},{"@type":"ListItem","position":3,"name":"G-Wave Tabla Wingfoil"}]},{"@type":"WebSite","@id":"https:\/\/kitefoilwing.com\/#website","url":"https:\/\/kitefoilwing.com\/","name":"KiteFoilWing","description":"venta de kite foil wing","publisher":{"@id":"https:\/\/kitefoilwing.com\/#organization"},"potentialAction":[{"@type":"SearchAction","target":{"@type":"EntryPoint","urlTemplate":"https:\/\/kitefoilwing.com\/?s={search_term_string}"},"query-input":{"@type":"PropertyValueSpecification","valueRequired":true,"valueName":"search_term_string"}}],"inLanguage":"es"},{"@type":"Organization","@id":"https:\/\/kitefoilwing.com\/#organization","name":"KiteFoilWing","url":"https:\/\/kitefoilwing.com\/","logo":{"@type":"ImageObject","inLanguage":"es","@id":"https:\/\/kitefoilwing.com\/#\/schema\/logo\/image\/","url":"https:\/\/kitefoilwing.com\/wp-content\/uploads\/2025\/05\/LogoWeb.jpg","contentUrl":"https:\/\/kitefoilwing.com\/wp-content\/uploads\/2025\/05\/LogoWeb.jpg","width":725,"height":81,"caption":"KiteFoilWing"},"image":{"@id":"https:\/\/kitefoilwing.com\/#\/schema\/logo\/image\/"}}]}},"jetpack_sharing_enabled":true,"_links":{"self":[{"href":"https:\/\/kitefoilwing.com\/index.php?rest_route=\/wp\/v2\/product\/119","targetHints":{"allow":["GET"]}}],"collection":[{"href":"https:\/\/kitefoilwing.com\/index.php?rest_route=\/wp\/v2\/product"}],"about":[{"href":"https:\/\/kitefoilwing.com\/index.php?rest_route=\/wp\/v2\/types\/product"}],"replies":[{"embeddable":true,"href":"https:\/\/kitefoilwing.com\/index.php?rest_route=%2Fwp%2Fv2%2Fcomments&post=119"}],"wp:featuredmedia":[{"embeddable":true,"href":"https:\/\/kitefoilwing.com\/index.php?rest_route=\/wp\/v2\/media\/842"}],"wp:attachment":[{"href":"https:\/\/kitefoilwing.com\/index.php?rest_route=%2Fwp%2Fv2%2Fmedia&parent=119"}],"wp:term":[{"taxonomy":"product_brand","embeddable":true,"href":"https:\/\/kitefoilwing.com\/index.php?rest_route=%2Fwp%2Fv2%2Fproduct_brand&post=119"},{"taxonomy":"product_cat","embeddable":true,"href":"https:\/\/kitefoilwing.com\/index.php?rest_route=%2Fwp%2Fv2%2Fproduct_cat&post=119"},{"taxonomy":"product_tag","embeddable":true,"href":"https:\/\/kitefoilwing.com\/index.php?rest_route=%2Fwp%2Fv2%2Fproduct_tag&post=119"}],"curies":[{"name":"wp","href":"https:\/\/api.w.org\/{rel}","templated":true}]}}