{"id":1177,"date":"2025-06-03T16:11:44","date_gmt":"2025-06-03T16:11:44","guid":{"rendered":"https:\/\/kitefoilwing.com\/?post_type=product&#038;p=1177"},"modified":"2025-06-04T11:21:33","modified_gmt":"2025-06-04T11:21:33","slug":"liteforce","status":"publish","type":"product","link":"https:\/\/kitefoilwing.com\/?product=liteforce","title":{"rendered":"LITEFORCE"},"content":{"rendered":"<h2 class=\"p1\"><strong>POTENCIA Y MANEJO SENCILLOS PARA M\u00c1XIMA DIVERSI\u00d3N CON VIENTO LIGERO<\/strong><\/h2>\n<p class=\"p1\">Disponibles en dos potentes tama\u00f1os de 6,6 m y 7,7 m, ambos est\u00e1n repletos de potencia en el extremo inferior para permitir un planeamiento s\u00faper temprano, mientras que el manejo de baja resistencia tambi\u00e9n permite niveles notables de comodidad en el extremo superior del rango del ala.<\/p>\n<p class=\"p1\">La forma compacta cuidadosamente desarrollada significa que es menos probable que las puntas se enganchen con agua durante las maniobras, lo que permite la m\u00e1xima diversi\u00f3n del freeride, sin importar las condiciones.<\/p>\n<ul>\n<li>\n<ul>\n<li>\n<ul class=\"ul1\">\n<li class=\"li1\">Adaptado para que puedas navegar y navegar contra el viento incluso con los vientos m\u00e1s suaves.<\/li>\n<li class=\"li1\">Dise\u00f1o compacto para un par y control de gama baja<\/li>\n<li class=\"li1\">Borde de ataque precargado con forma de vela optimizada<\/li>\n<li class=\"li1\">Vela compacta, limpia y eficiente con un amplio rango de viento.<\/li>\n<li class=\"li1\">Bombeo potente con una sensaci\u00f3n muy directa, deportiva y ligera.<\/li>\n<li class=\"li1\">La aerodin\u00e1mica de baja resistencia da la sensaci\u00f3n de conducir un ala de tama\u00f1o m\u00e1s peque\u00f1o.<\/li>\n<\/ul>\n<\/li>\n<\/ul>\n<\/li>\n<\/ul>\n","protected":false},"excerpt":{"rendered":"<p>Liteforce de Ozone, ha sido dise\u00f1ado combinando diferentes elementos de dise\u00f1o de la gama de alas Ozone en un dise\u00f1o resistente pero liviano para ofrecer un rendimiento f\u00e1cil y muy efectivo en vientos suaves.<\/p>\n<p>&nbsp;<\/p>\n","protected":false},"featured_media":1178,"comment_status":"open","ping_status":"closed","template":"","meta":[],"product_brand":[],"product_cat":[21],"product_tag":[],"class_list":{"0":"post-1177","1":"product","2":"type-product","3":"status-publish","4":"has-post-thumbnail","6":"product_cat-ozone","8":"first","9":"instock","10":"shipping-taxable","11":"purchasable","12":"product-type-variable"},"yoast_head":"<!-- This site is optimized with the Yoast SEO plugin v26.7 - https:\/\/yoast.com\/wordpress\/plugins\/seo\/ -->\n<title>LITEFORCE - KiteFoilWing<\/title>\n<meta name=\"robots\" content=\"index, follow, max-snippet:-1, max-image-preview:large, max-video-preview:-1\" \/>\n<link rel=\"canonical\" href=\"https:\/\/kitefoilwing.com\/?product=liteforce\" \/>\n<meta property=\"og:locale\" content=\"es_ES\" \/>\n<meta property=\"og:type\" content=\"article\" \/>\n<meta property=\"og:title\" content=\"LITEFORCE - KiteFoilWing\" \/>\n<meta property=\"og:description\" content=\"Liteforce de Ozone, ha sido dise\u00f1ado combinando diferentes elementos de dise\u00f1o de la gama de alas Ozone en un dise\u00f1o resistente pero liviano para ofrecer un rendimiento f\u00e1cil y muy efectivo en vientos suaves.  &nbsp;\" \/>\n<meta property=\"og:url\" content=\"https:\/\/kitefoilwing.com\/?product=liteforce\" \/>\n<meta property=\"og:site_name\" content=\"KiteFoilWing\" \/>\n<meta property=\"article:modified_time\" content=\"2025-06-04T11:21:33+00:00\" \/>\n<meta property=\"og:image\" content=\"https:\/\/kitefoilwing.com\/wp-content\/uploads\/2025\/06\/liteforce.webp\" \/>\n\t<meta property=\"og:image:width\" content=\"800\" \/>\n\t<meta property=\"og:image:height\" content=\"800\" \/>\n\t<meta property=\"og:image:type\" content=\"image\/webp\" \/>\n<meta name=\"twitter:card\" content=\"summary_large_image\" \/>\n<meta name=\"twitter:label1\" content=\"Tiempo de lectura\" \/>\n\t<meta name=\"twitter:data1\" content=\"1 minuto\" \/>\n<script type=\"application\/ld+json\" class=\"yoast-schema-graph\">{\"@context\":\"https:\/\/schema.org\",\"@graph\":[{\"@type\":\"WebPage\",\"@id\":\"https:\/\/kitefoilwing.com\/?product=liteforce\",\"url\":\"https:\/\/kitefoilwing.com\/?product=liteforce\",\"name\":\"LITEFORCE - KiteFoilWing\",\"isPartOf\":{\"@id\":\"https:\/\/kitefoilwing.com\/#website\"},\"primaryImageOfPage\":{\"@id\":\"https:\/\/kitefoilwing.com\/?product=liteforce#primaryimage\"},\"image\":{\"@id\":\"https:\/\/kitefoilwing.com\/?product=liteforce#primaryimage\"},\"thumbnailUrl\":\"https:\/\/kitefoilwing.com\/wp-content\/uploads\/2025\/06\/liteforce.webp\",\"datePublished\":\"2025-06-03T16:11:44+00:00\",\"dateModified\":\"2025-06-04T11:21:33+00:00\",\"breadcrumb\":{\"@id\":\"https:\/\/kitefoilwing.com\/?product=liteforce#breadcrumb\"},\"inLanguage\":\"es\",\"potentialAction\":[{\"@type\":\"ReadAction\",\"target\":[\"https:\/\/kitefoilwing.com\/?product=liteforce\"]}]},{\"@type\":\"ImageObject\",\"inLanguage\":\"es\",\"@id\":\"https:\/\/kitefoilwing.com\/?product=liteforce#primaryimage\",\"url\":\"https:\/\/kitefoilwing.com\/wp-content\/uploads\/2025\/06\/liteforce.webp\",\"contentUrl\":\"https:\/\/kitefoilwing.com\/wp-content\/uploads\/2025\/06\/liteforce.webp\",\"width\":800,\"height\":800},{\"@type\":\"BreadcrumbList\",\"@id\":\"https:\/\/kitefoilwing.com\/?product=liteforce#breadcrumb\",\"itemListElement\":[{\"@type\":\"ListItem\",\"position\":1,\"name\":\"Portada\",\"item\":\"https:\/\/kitefoilwing.com\/\"},{\"@type\":\"ListItem\",\"position\":2,\"name\":\"Tienda\",\"item\":\"https:\/\/kitefoilwing.com\/?page_id=6\"},{\"@type\":\"ListItem\",\"position\":3,\"name\":\"LITEFORCE\"}]},{\"@type\":\"WebSite\",\"@id\":\"https:\/\/kitefoilwing.com\/#website\",\"url\":\"https:\/\/kitefoilwing.com\/\",\"name\":\"KiteFoilWing\",\"description\":\"venta de kite foil wing\",\"publisher\":{\"@id\":\"https:\/\/kitefoilwing.com\/#organization\"},\"potentialAction\":[{\"@type\":\"SearchAction\",\"target\":{\"@type\":\"EntryPoint\",\"urlTemplate\":\"https:\/\/kitefoilwing.com\/?s={search_term_string}\"},\"query-input\":{\"@type\":\"PropertyValueSpecification\",\"valueRequired\":true,\"valueName\":\"search_term_string\"}}],\"inLanguage\":\"es\"},{\"@type\":\"Organization\",\"@id\":\"https:\/\/kitefoilwing.com\/#organization\",\"name\":\"KiteFoilWing\",\"url\":\"https:\/\/kitefoilwing.com\/\",\"logo\":{\"@type\":\"ImageObject\",\"inLanguage\":\"es\",\"@id\":\"https:\/\/kitefoilwing.com\/#\/schema\/logo\/image\/\",\"url\":\"https:\/\/kitefoilwing.com\/wp-content\/uploads\/2025\/05\/LogoWeb.jpg\",\"contentUrl\":\"https:\/\/kitefoilwing.com\/wp-content\/uploads\/2025\/05\/LogoWeb.jpg\",\"width\":725,\"height\":81,\"caption\":\"KiteFoilWing\"},\"image\":{\"@id\":\"https:\/\/kitefoilwing.com\/#\/schema\/logo\/image\/\"}}]}<\/script>\n<!-- \/ Yoast SEO plugin. -->","yoast_head_json":{"title":"LITEFORCE - KiteFoilWing","robots":{"index":"index","follow":"follow","max-snippet":"max-snippet:-1","max-image-preview":"max-image-preview:large","max-video-preview":"max-video-preview:-1"},"canonical":"https:\/\/kitefoilwing.com\/?product=liteforce","og_locale":"es_ES","og_type":"article","og_title":"LITEFORCE - KiteFoilWing","og_description":"Liteforce de Ozone, ha sido dise\u00f1ado combinando diferentes elementos de dise\u00f1o de la gama de alas Ozone en un dise\u00f1o resistente pero liviano para ofrecer un rendimiento f\u00e1cil y muy efectivo en vientos suaves.  &nbsp;","og_url":"https:\/\/kitefoilwing.com\/?product=liteforce","og_site_name":"KiteFoilWing","article_modified_time":"2025-06-04T11:21:33+00:00","og_image":[{"width":800,"height":800,"url":"https:\/\/kitefoilwing.com\/wp-content\/uploads\/2025\/06\/liteforce.webp","type":"image\/webp"}],"twitter_card":"summary_large_image","twitter_misc":{"Tiempo de lectura":"1 minuto"},"schema":{"@context":"https:\/\/schema.org","@graph":[{"@type":"WebPage","@id":"https:\/\/kitefoilwing.com\/?product=liteforce","url":"https:\/\/kitefoilwing.com\/?product=liteforce","name":"LITEFORCE - KiteFoilWing","isPartOf":{"@id":"https:\/\/kitefoilwing.com\/#website"},"primaryImageOfPage":{"@id":"https:\/\/kitefoilwing.com\/?product=liteforce#primaryimage"},"image":{"@id":"https:\/\/kitefoilwing.com\/?product=liteforce#primaryimage"},"thumbnailUrl":"https:\/\/kitefoilwing.com\/wp-content\/uploads\/2025\/06\/liteforce.webp","datePublished":"2025-06-03T16:11:44+00:00","dateModified":"2025-06-04T11:21:33+00:00","breadcrumb":{"@id":"https:\/\/kitefoilwing.com\/?product=liteforce#breadcrumb"},"inLanguage":"es","potentialAction":[{"@type":"ReadAction","target":["https:\/\/kitefoilwing.com\/?product=liteforce"]}]},{"@type":"ImageObject","inLanguage":"es","@id":"https:\/\/kitefoilwing.com\/?product=liteforce#primaryimage","url":"https:\/\/kitefoilwing.com\/wp-content\/uploads\/2025\/06\/liteforce.webp","contentUrl":"https:\/\/kitefoilwing.com\/wp-content\/uploads\/2025\/06\/liteforce.webp","width":800,"height":800},{"@type":"BreadcrumbList","@id":"https:\/\/kitefoilwing.com\/?product=liteforce#breadcrumb","itemListElement":[{"@type":"ListItem","position":1,"name":"Portada","item":"https:\/\/kitefoilwing.com\/"},{"@type":"ListItem","position":2,"name":"Tienda","item":"https:\/\/kitefoilwing.com\/?page_id=6"},{"@type":"ListItem","position":3,"name":"LITEFORCE"}]},{"@type":"WebSite","@id":"https:\/\/kitefoilwing.com\/#website","url":"https:\/\/kitefoilwing.com\/","name":"KiteFoilWing","description":"venta de kite foil wing","publisher":{"@id":"https:\/\/kitefoilwing.com\/#organization"},"potentialAction":[{"@type":"SearchAction","target":{"@type":"EntryPoint","urlTemplate":"https:\/\/kitefoilwing.com\/?s={search_term_string}"},"query-input":{"@type":"PropertyValueSpecification","valueRequired":true,"valueName":"search_term_string"}}],"inLanguage":"es"},{"@type":"Organization","@id":"https:\/\/kitefoilwing.com\/#organization","name":"KiteFoilWing","url":"https:\/\/kitefoilwing.com\/","logo":{"@type":"ImageObject","inLanguage":"es","@id":"https:\/\/kitefoilwing.com\/#\/schema\/logo\/image\/","url":"https:\/\/kitefoilwing.com\/wp-content\/uploads\/2025\/05\/LogoWeb.jpg","contentUrl":"https:\/\/kitefoilwing.com\/wp-content\/uploads\/2025\/05\/LogoWeb.jpg","width":725,"height":81,"caption":"KiteFoilWing"},"image":{"@id":"https:\/\/kitefoilwing.com\/#\/schema\/logo\/image\/"}}]}},"jetpack_sharing_enabled":true,"_links":{"self":[{"href":"https:\/\/kitefoilwing.com\/index.php?rest_route=\/wp\/v2\/product\/1177","targetHints":{"allow":["GET"]}}],"collection":[{"href":"https:\/\/kitefoilwing.com\/index.php?rest_route=\/wp\/v2\/product"}],"about":[{"href":"https:\/\/kitefoilwing.com\/index.php?rest_route=\/wp\/v2\/types\/product"}],"replies":[{"embeddable":true,"href":"https:\/\/kitefoilwing.com\/index.php?rest_route=%2Fwp%2Fv2%2Fcomments&post=1177"}],"wp:featuredmedia":[{"embeddable":true,"href":"https:\/\/kitefoilwing.com\/index.php?rest_route=\/wp\/v2\/media\/1178"}],"wp:attachment":[{"href":"https:\/\/kitefoilwing.com\/index.php?rest_route=%2Fwp%2Fv2%2Fmedia&parent=1177"}],"wp:term":[{"taxonomy":"product_brand","embeddable":true,"href":"https:\/\/kitefoilwing.com\/index.php?rest_route=%2Fwp%2Fv2%2Fproduct_brand&post=1177"},{"taxonomy":"product_cat","embeddable":true,"href":"https:\/\/kitefoilwing.com\/index.php?rest_route=%2Fwp%2Fv2%2Fproduct_cat&post=1177"},{"taxonomy":"product_tag","embeddable":true,"href":"https:\/\/kitefoilwing.com\/index.php?rest_route=%2Fwp%2Fv2%2Fproduct_tag&post=1177"}],"curies":[{"name":"wp","href":"https:\/\/api.w.org\/{rel}","templated":true}]}}