{"id":1163,"date":"2025-06-02T21:05:03","date_gmt":"2025-06-02T21:05:03","guid":{"rendered":"https:\/\/kitefoilwing.com\/?post_type=product&#038;p=1163"},"modified":"2025-06-04T11:23:34","modified_gmt":"2025-06-04T11:23:34","slug":"mach1","status":"publish","type":"product","link":"https:\/\/kitefoilwing.com\/?product=mach1","title":{"rendered":"Mach1"},"content":{"rendered":"<h2 class=\"p1\">OZONE MACH1<\/h2>\n<p class=\"p1\"><strong>ACTUACI\u00d3N<\/strong><\/p>\n<ul class=\"ul1\">\n<li class=\"li2\">Cometa foil todoterreno de alto rendimiento<\/li>\n<li class=\"li2\">Incre\u00edbles saltos y tiempos de suspensi\u00f3n, incluso con vientos suaves.<\/li>\n<li class=\"li2\">Base de dise\u00f1o de cometa de carrera R1, reajustada para freeride integral<\/li>\n<li class=\"li2\">Mayor accesibilidad, pero a\u00fan se requiere cierta experiencia adecuada<\/li>\n<\/ul>\n<p class=\"p4\"><strong>TUNING Y DISE\u00d1O<\/strong><\/p>\n<ul class=\"ul1\">\n<li class=\"li2\">Dise\u00f1o de alta relaci\u00f3n de aspecto<\/li>\n<li class=\"li2\">Dise\u00f1ado para volar en l\u00edneas de 17m o 21m<\/li>\n<li class=\"li2\">4 niveles de l\u00ednea de brida para facilidad de uso, control y longevidad<\/li>\n<li class=\"li2\">L\u00edneas de brida enfundadas para una f\u00e1cil instalaci\u00f3n y durabilidad.<\/li>\n<li class=\"li2\">Construcci\u00f3n ligera pero duradera.<\/li>\n<li class=\"li2\">Conformaci\u00f3n de velas transversales<\/li>\n<\/ul>\n","protected":false},"excerpt":{"rendered":"<p>La Mach1 de Ozone vuela con mucha m\u00e1s potencia y velocidad con menos viento. Esta es la puerta de entrada para que los freeriders avanzados disfruten de sesiones a\u00fan m\u00e1s \u00e9picas mientras redescubren la incre\u00edble sensaci\u00f3n de potencia de la cometa que los enganch\u00f3 al principio.<\/p>\n<p>\u201c\u00a1Ahora tengo sesiones incre\u00edbles con solo 15 nudos de viento!\u201d JINNE BOER<\/p>\n","protected":false},"featured_media":1170,"comment_status":"open","ping_status":"closed","template":"","meta":[],"product_brand":[],"product_cat":[21],"product_tag":[],"class_list":{"0":"post-1163","1":"product","2":"type-product","3":"status-publish","4":"has-post-thumbnail","6":"product_cat-ozone","8":"first","9":"instock","10":"shipping-taxable","11":"purchasable","12":"product-type-variable"},"yoast_head":"<!-- This site is optimized with the Yoast SEO plugin v26.7 - https:\/\/yoast.com\/wordpress\/plugins\/seo\/ -->\n<title>Mach1 - KiteFoilWing<\/title>\n<meta name=\"robots\" content=\"index, follow, max-snippet:-1, max-image-preview:large, max-video-preview:-1\" \/>\n<link rel=\"canonical\" href=\"https:\/\/kitefoilwing.com\/?product=mach1\" \/>\n<meta property=\"og:locale\" content=\"es_ES\" \/>\n<meta property=\"og:type\" content=\"article\" \/>\n<meta property=\"og:title\" content=\"Mach1 - KiteFoilWing\" \/>\n<meta property=\"og:description\" content=\"La Mach1 de Ozone vuela con mucha m\u00e1s potencia y velocidad con menos viento. Esta es la puerta de entrada para que los freeriders avanzados disfruten de sesiones a\u00fan m\u00e1s \u00e9picas mientras redescubren la incre\u00edble sensaci\u00f3n de potencia de la cometa que los enganch\u00f3 al principio.  \u201c\u00a1Ahora tengo sesiones incre\u00edbles con solo 15 nudos de viento!\u201d JINNE BOER\" \/>\n<meta property=\"og:url\" content=\"https:\/\/kitefoilwing.com\/?product=mach1\" \/>\n<meta property=\"og:site_name\" content=\"KiteFoilWing\" \/>\n<meta property=\"article:modified_time\" content=\"2025-06-04T11:23:34+00:00\" \/>\n<meta property=\"og:image\" content=\"https:\/\/kitefoilwing.com\/wp-content\/uploads\/2025\/06\/Oozne-mach-1.webp\" \/>\n\t<meta property=\"og:image:width\" content=\"600\" \/>\n\t<meta property=\"og:image:height\" content=\"600\" \/>\n\t<meta property=\"og:image:type\" content=\"image\/webp\" \/>\n<meta name=\"twitter:card\" content=\"summary_large_image\" \/>\n<meta name=\"twitter:label1\" content=\"Tiempo de lectura\" \/>\n\t<meta name=\"twitter:data1\" content=\"1 minuto\" \/>\n<script type=\"application\/ld+json\" class=\"yoast-schema-graph\">{\"@context\":\"https:\/\/schema.org\",\"@graph\":[{\"@type\":\"WebPage\",\"@id\":\"https:\/\/kitefoilwing.com\/?product=mach1\",\"url\":\"https:\/\/kitefoilwing.com\/?product=mach1\",\"name\":\"Mach1 - KiteFoilWing\",\"isPartOf\":{\"@id\":\"https:\/\/kitefoilwing.com\/#website\"},\"primaryImageOfPage\":{\"@id\":\"https:\/\/kitefoilwing.com\/?product=mach1#primaryimage\"},\"image\":{\"@id\":\"https:\/\/kitefoilwing.com\/?product=mach1#primaryimage\"},\"thumbnailUrl\":\"https:\/\/kitefoilwing.com\/wp-content\/uploads\/2025\/06\/Oozne-mach-1.webp\",\"datePublished\":\"2025-06-02T21:05:03+00:00\",\"dateModified\":\"2025-06-04T11:23:34+00:00\",\"breadcrumb\":{\"@id\":\"https:\/\/kitefoilwing.com\/?product=mach1#breadcrumb\"},\"inLanguage\":\"es\",\"potentialAction\":[{\"@type\":\"ReadAction\",\"target\":[\"https:\/\/kitefoilwing.com\/?product=mach1\"]}]},{\"@type\":\"ImageObject\",\"inLanguage\":\"es\",\"@id\":\"https:\/\/kitefoilwing.com\/?product=mach1#primaryimage\",\"url\":\"https:\/\/kitefoilwing.com\/wp-content\/uploads\/2025\/06\/Oozne-mach-1.webp\",\"contentUrl\":\"https:\/\/kitefoilwing.com\/wp-content\/uploads\/2025\/06\/Oozne-mach-1.webp\",\"width\":600,\"height\":600},{\"@type\":\"BreadcrumbList\",\"@id\":\"https:\/\/kitefoilwing.com\/?product=mach1#breadcrumb\",\"itemListElement\":[{\"@type\":\"ListItem\",\"position\":1,\"name\":\"Portada\",\"item\":\"https:\/\/kitefoilwing.com\/\"},{\"@type\":\"ListItem\",\"position\":2,\"name\":\"Tienda\",\"item\":\"https:\/\/kitefoilwing.com\/?page_id=6\"},{\"@type\":\"ListItem\",\"position\":3,\"name\":\"Mach1\"}]},{\"@type\":\"WebSite\",\"@id\":\"https:\/\/kitefoilwing.com\/#website\",\"url\":\"https:\/\/kitefoilwing.com\/\",\"name\":\"KiteFoilWing\",\"description\":\"venta de kite foil wing\",\"publisher\":{\"@id\":\"https:\/\/kitefoilwing.com\/#organization\"},\"potentialAction\":[{\"@type\":\"SearchAction\",\"target\":{\"@type\":\"EntryPoint\",\"urlTemplate\":\"https:\/\/kitefoilwing.com\/?s={search_term_string}\"},\"query-input\":{\"@type\":\"PropertyValueSpecification\",\"valueRequired\":true,\"valueName\":\"search_term_string\"}}],\"inLanguage\":\"es\"},{\"@type\":\"Organization\",\"@id\":\"https:\/\/kitefoilwing.com\/#organization\",\"name\":\"KiteFoilWing\",\"url\":\"https:\/\/kitefoilwing.com\/\",\"logo\":{\"@type\":\"ImageObject\",\"inLanguage\":\"es\",\"@id\":\"https:\/\/kitefoilwing.com\/#\/schema\/logo\/image\/\",\"url\":\"https:\/\/kitefoilwing.com\/wp-content\/uploads\/2025\/05\/LogoWeb.jpg\",\"contentUrl\":\"https:\/\/kitefoilwing.com\/wp-content\/uploads\/2025\/05\/LogoWeb.jpg\",\"width\":725,\"height\":81,\"caption\":\"KiteFoilWing\"},\"image\":{\"@id\":\"https:\/\/kitefoilwing.com\/#\/schema\/logo\/image\/\"}}]}<\/script>\n<!-- \/ Yoast SEO plugin. -->","yoast_head_json":{"title":"Mach1 - KiteFoilWing","robots":{"index":"index","follow":"follow","max-snippet":"max-snippet:-1","max-image-preview":"max-image-preview:large","max-video-preview":"max-video-preview:-1"},"canonical":"https:\/\/kitefoilwing.com\/?product=mach1","og_locale":"es_ES","og_type":"article","og_title":"Mach1 - KiteFoilWing","og_description":"La Mach1 de Ozone vuela con mucha m\u00e1s potencia y velocidad con menos viento. Esta es la puerta de entrada para que los freeriders avanzados disfruten de sesiones a\u00fan m\u00e1s \u00e9picas mientras redescubren la incre\u00edble sensaci\u00f3n de potencia de la cometa que los enganch\u00f3 al principio.  \u201c\u00a1Ahora tengo sesiones incre\u00edbles con solo 15 nudos de viento!\u201d JINNE BOER","og_url":"https:\/\/kitefoilwing.com\/?product=mach1","og_site_name":"KiteFoilWing","article_modified_time":"2025-06-04T11:23:34+00:00","og_image":[{"width":600,"height":600,"url":"https:\/\/kitefoilwing.com\/wp-content\/uploads\/2025\/06\/Oozne-mach-1.webp","type":"image\/webp"}],"twitter_card":"summary_large_image","twitter_misc":{"Tiempo de lectura":"1 minuto"},"schema":{"@context":"https:\/\/schema.org","@graph":[{"@type":"WebPage","@id":"https:\/\/kitefoilwing.com\/?product=mach1","url":"https:\/\/kitefoilwing.com\/?product=mach1","name":"Mach1 - KiteFoilWing","isPartOf":{"@id":"https:\/\/kitefoilwing.com\/#website"},"primaryImageOfPage":{"@id":"https:\/\/kitefoilwing.com\/?product=mach1#primaryimage"},"image":{"@id":"https:\/\/kitefoilwing.com\/?product=mach1#primaryimage"},"thumbnailUrl":"https:\/\/kitefoilwing.com\/wp-content\/uploads\/2025\/06\/Oozne-mach-1.webp","datePublished":"2025-06-02T21:05:03+00:00","dateModified":"2025-06-04T11:23:34+00:00","breadcrumb":{"@id":"https:\/\/kitefoilwing.com\/?product=mach1#breadcrumb"},"inLanguage":"es","potentialAction":[{"@type":"ReadAction","target":["https:\/\/kitefoilwing.com\/?product=mach1"]}]},{"@type":"ImageObject","inLanguage":"es","@id":"https:\/\/kitefoilwing.com\/?product=mach1#primaryimage","url":"https:\/\/kitefoilwing.com\/wp-content\/uploads\/2025\/06\/Oozne-mach-1.webp","contentUrl":"https:\/\/kitefoilwing.com\/wp-content\/uploads\/2025\/06\/Oozne-mach-1.webp","width":600,"height":600},{"@type":"BreadcrumbList","@id":"https:\/\/kitefoilwing.com\/?product=mach1#breadcrumb","itemListElement":[{"@type":"ListItem","position":1,"name":"Portada","item":"https:\/\/kitefoilwing.com\/"},{"@type":"ListItem","position":2,"name":"Tienda","item":"https:\/\/kitefoilwing.com\/?page_id=6"},{"@type":"ListItem","position":3,"name":"Mach1"}]},{"@type":"WebSite","@id":"https:\/\/kitefoilwing.com\/#website","url":"https:\/\/kitefoilwing.com\/","name":"KiteFoilWing","description":"venta de kite foil wing","publisher":{"@id":"https:\/\/kitefoilwing.com\/#organization"},"potentialAction":[{"@type":"SearchAction","target":{"@type":"EntryPoint","urlTemplate":"https:\/\/kitefoilwing.com\/?s={search_term_string}"},"query-input":{"@type":"PropertyValueSpecification","valueRequired":true,"valueName":"search_term_string"}}],"inLanguage":"es"},{"@type":"Organization","@id":"https:\/\/kitefoilwing.com\/#organization","name":"KiteFoilWing","url":"https:\/\/kitefoilwing.com\/","logo":{"@type":"ImageObject","inLanguage":"es","@id":"https:\/\/kitefoilwing.com\/#\/schema\/logo\/image\/","url":"https:\/\/kitefoilwing.com\/wp-content\/uploads\/2025\/05\/LogoWeb.jpg","contentUrl":"https:\/\/kitefoilwing.com\/wp-content\/uploads\/2025\/05\/LogoWeb.jpg","width":725,"height":81,"caption":"KiteFoilWing"},"image":{"@id":"https:\/\/kitefoilwing.com\/#\/schema\/logo\/image\/"}}]}},"jetpack_sharing_enabled":true,"_links":{"self":[{"href":"https:\/\/kitefoilwing.com\/index.php?rest_route=\/wp\/v2\/product\/1163","targetHints":{"allow":["GET"]}}],"collection":[{"href":"https:\/\/kitefoilwing.com\/index.php?rest_route=\/wp\/v2\/product"}],"about":[{"href":"https:\/\/kitefoilwing.com\/index.php?rest_route=\/wp\/v2\/types\/product"}],"replies":[{"embeddable":true,"href":"https:\/\/kitefoilwing.com\/index.php?rest_route=%2Fwp%2Fv2%2Fcomments&post=1163"}],"wp:featuredmedia":[{"embeddable":true,"href":"https:\/\/kitefoilwing.com\/index.php?rest_route=\/wp\/v2\/media\/1170"}],"wp:attachment":[{"href":"https:\/\/kitefoilwing.com\/index.php?rest_route=%2Fwp%2Fv2%2Fmedia&parent=1163"}],"wp:term":[{"taxonomy":"product_brand","embeddable":true,"href":"https:\/\/kitefoilwing.com\/index.php?rest_route=%2Fwp%2Fv2%2Fproduct_brand&post=1163"},{"taxonomy":"product_cat","embeddable":true,"href":"https:\/\/kitefoilwing.com\/index.php?rest_route=%2Fwp%2Fv2%2Fproduct_cat&post=1163"},{"taxonomy":"product_tag","embeddable":true,"href":"https:\/\/kitefoilwing.com\/index.php?rest_route=%2Fwp%2Fv2%2Fproduct_tag&post=1163"}],"curies":[{"name":"wp","href":"https:\/\/api.w.org\/{rel}","templated":true}]}}