{"id":1157,"date":"2025-06-02T20:57:49","date_gmt":"2025-06-02T20:57:49","guid":{"rendered":"https:\/\/kitefoilwing.com\/?post_type=product&#038;p=1157"},"modified":"2025-06-03T17:10:43","modified_gmt":"2025-06-03T17:10:43","slug":"hyperlink-v4","status":"publish","type":"product","link":"https:\/\/kitefoilwing.com\/?product=hyperlink-v4","title":{"rendered":"Hyperlink V4"},"content":{"rendered":"<h2 class=\"p1\"><span>HIPERV\u00cdNCULO V4\u00a0<\/span><\/h2>\n<p>&nbsp;<\/p>\n<p><strong><span>LA COMETA FOIL CROSSOVER DEFINITIVA PARA AGUA Y NIEVE<\/span><\/strong><\/p>\n<ul class=\"ul1\">\n<li class=\"li1\"><span>Cometa ideal para primera cometa con foil que tambi\u00e9n ofrece un rendimiento vers\u00e1til en snowkite.<\/span><\/li>\n<li class=\"li1\"><span>Aut\u00e9ntico uso cruzado con f\u00e1cil manejo y estabilidad excepcional<\/span><\/li>\n<li class=\"li1\"><span>Modos convertibles: celda cerrada de 4 l\u00edneas \/ celda abierta de 5 l\u00edneas<\/span><\/li>\n<li class=\"li1\"><span>Ofrece un gran valor con un dise\u00f1o de cometa de aluminio de primera calidad.<\/span><\/li>\n<\/ul>\n<p><a href=\"https:\/\/youtu.be\/sT4KVn7y-Yg\" target=\"_blank\" rel=\"noopener\"><span>Vea el video de conversi\u00f3n de celda cerrada de 4 l\u00edneas a celda abierta de 5 l\u00edneas<\/span><\/a><\/p>\n<p><b><span>MANEJO<\/span><\/b><\/p>\n<ul>\n<li class=\"li1\"><span>Sensaci\u00f3n de barra m\u00e1s ligera para una menor fatiga en sesiones largas<\/span><\/li>\n<li class=\"li1\"><span>La relaci\u00f3n de aspecto reducida proporciona giros m\u00e1s r\u00e1pidos, m\u00e1s cerrados y m\u00e1s reactivos.<\/span><\/li>\n<li class=\"li1\"><span>Relanzamiento de agua r\u00e1pido y sencillo en modo de 4 l\u00edneas de celda cerrada<\/span><\/li>\n<li class=\"li1\"><span>Desactivaci\u00f3n segura e instant\u00e1nea para aterrizaje autom\u00e1tico sobre nieve en modo de 5 l\u00edneas de celda abierta<\/span><\/li>\n<\/ul>\n<h4><strong><span>ADVERTENCIAS<\/span><\/strong><\/h4>\n<ul>\n<li><span>Las cometas de nieve no son para volar ni planear, y no todos los arneses Ozone est\u00e1n dise\u00f1ados para volar. Mant\u00e9n tus esqu\u00eds sobre la nieve.<\/span><\/li>\n<li><i class=\"\"><span>Recomendamos encarecidamente guardar la cometa con el m\u00e9todo de acorde\u00f3n para prolongar su\u00a0<\/span><\/i><i class=\"\"><span>\u00a0vida \u00fatil. Si no puede hacerlo inmediatamente despu\u00e9s de la sesi\u00f3n, gu\u00e1rdela con el mayor cuidado posible y recuerde volver a guardarla con el m\u00e9todo de acorde\u00f3n cuando sea conveniente. No guarde la cometa con los sables del borde de ataque deformados.<\/span><\/i><\/li>\n<\/ul>\n","protected":false},"excerpt":{"rendered":"<p>La Hyperlink es una aut\u00e9ntica cometa foil multiusos. Puedes configurarla en modo de celda cerrada de 4 l\u00edneas en el agua o convertirla a modo de celda abierta de 5 l\u00edneas para un manejo seguro y vers\u00e1til en la nieve.<\/p>\n","protected":false},"featured_media":1171,"comment_status":"open","ping_status":"closed","template":"","meta":[],"product_brand":[],"product_cat":[21],"product_tag":[],"class_list":{"0":"post-1157","1":"product","2":"type-product","3":"status-publish","4":"has-post-thumbnail","6":"product_cat-ozone","8":"first","9":"instock","10":"shipping-taxable","11":"purchasable","12":"product-type-variable"},"yoast_head":"<!-- This site is optimized with the Yoast SEO plugin v26.7 - https:\/\/yoast.com\/wordpress\/plugins\/seo\/ -->\n<title>Hyperlink V4 - KiteFoilWing<\/title>\n<meta name=\"robots\" content=\"index, follow, max-snippet:-1, max-image-preview:large, max-video-preview:-1\" \/>\n<link rel=\"canonical\" href=\"https:\/\/kitefoilwing.com\/?product=hyperlink-v4\" \/>\n<meta property=\"og:locale\" content=\"es_ES\" \/>\n<meta property=\"og:type\" content=\"article\" \/>\n<meta property=\"og:title\" content=\"Hyperlink V4 - KiteFoilWing\" \/>\n<meta property=\"og:description\" content=\"La Hyperlink es una aut\u00e9ntica cometa foil multiusos. Puedes configurarla en modo de celda cerrada de 4 l\u00edneas en el agua o convertirla a modo de celda abierta de 5 l\u00edneas para un manejo seguro y vers\u00e1til en la nieve.\" \/>\n<meta property=\"og:url\" content=\"https:\/\/kitefoilwing.com\/?product=hyperlink-v4\" \/>\n<meta property=\"og:site_name\" content=\"KiteFoilWing\" \/>\n<meta property=\"article:modified_time\" content=\"2025-06-03T17:10:43+00:00\" \/>\n<meta property=\"og:image\" content=\"https:\/\/kitefoilwing.com\/wp-content\/uploads\/2025\/06\/Hyperlink-V4-Snow-Action-28.webp\" \/>\n\t<meta property=\"og:image:width\" content=\"600\" \/>\n\t<meta property=\"og:image:height\" content=\"600\" \/>\n\t<meta property=\"og:image:type\" content=\"image\/webp\" \/>\n<meta name=\"twitter:card\" content=\"summary_large_image\" \/>\n<meta name=\"twitter:label1\" content=\"Tiempo de lectura\" \/>\n\t<meta name=\"twitter:data1\" content=\"2 minutos\" \/>\n<script type=\"application\/ld+json\" class=\"yoast-schema-graph\">{\"@context\":\"https:\/\/schema.org\",\"@graph\":[{\"@type\":\"WebPage\",\"@id\":\"https:\/\/kitefoilwing.com\/?product=hyperlink-v4\",\"url\":\"https:\/\/kitefoilwing.com\/?product=hyperlink-v4\",\"name\":\"Hyperlink V4 - KiteFoilWing\",\"isPartOf\":{\"@id\":\"https:\/\/kitefoilwing.com\/#website\"},\"primaryImageOfPage\":{\"@id\":\"https:\/\/kitefoilwing.com\/?product=hyperlink-v4#primaryimage\"},\"image\":{\"@id\":\"https:\/\/kitefoilwing.com\/?product=hyperlink-v4#primaryimage\"},\"thumbnailUrl\":\"https:\/\/kitefoilwing.com\/wp-content\/uploads\/2025\/06\/Hyperlink-V4-Snow-Action-28.webp\",\"datePublished\":\"2025-06-02T20:57:49+00:00\",\"dateModified\":\"2025-06-03T17:10:43+00:00\",\"breadcrumb\":{\"@id\":\"https:\/\/kitefoilwing.com\/?product=hyperlink-v4#breadcrumb\"},\"inLanguage\":\"es\",\"potentialAction\":[{\"@type\":\"ReadAction\",\"target\":[\"https:\/\/kitefoilwing.com\/?product=hyperlink-v4\"]}]},{\"@type\":\"ImageObject\",\"inLanguage\":\"es\",\"@id\":\"https:\/\/kitefoilwing.com\/?product=hyperlink-v4#primaryimage\",\"url\":\"https:\/\/kitefoilwing.com\/wp-content\/uploads\/2025\/06\/Hyperlink-V4-Snow-Action-28.webp\",\"contentUrl\":\"https:\/\/kitefoilwing.com\/wp-content\/uploads\/2025\/06\/Hyperlink-V4-Snow-Action-28.webp\",\"width\":600,\"height\":600},{\"@type\":\"BreadcrumbList\",\"@id\":\"https:\/\/kitefoilwing.com\/?product=hyperlink-v4#breadcrumb\",\"itemListElement\":[{\"@type\":\"ListItem\",\"position\":1,\"name\":\"Portada\",\"item\":\"https:\/\/kitefoilwing.com\/\"},{\"@type\":\"ListItem\",\"position\":2,\"name\":\"Tienda\",\"item\":\"https:\/\/kitefoilwing.com\/?page_id=6\"},{\"@type\":\"ListItem\",\"position\":3,\"name\":\"Hyperlink V4\"}]},{\"@type\":\"WebSite\",\"@id\":\"https:\/\/kitefoilwing.com\/#website\",\"url\":\"https:\/\/kitefoilwing.com\/\",\"name\":\"KiteFoilWing\",\"description\":\"venta de kite foil wing\",\"publisher\":{\"@id\":\"https:\/\/kitefoilwing.com\/#organization\"},\"potentialAction\":[{\"@type\":\"SearchAction\",\"target\":{\"@type\":\"EntryPoint\",\"urlTemplate\":\"https:\/\/kitefoilwing.com\/?s={search_term_string}\"},\"query-input\":{\"@type\":\"PropertyValueSpecification\",\"valueRequired\":true,\"valueName\":\"search_term_string\"}}],\"inLanguage\":\"es\"},{\"@type\":\"Organization\",\"@id\":\"https:\/\/kitefoilwing.com\/#organization\",\"name\":\"KiteFoilWing\",\"url\":\"https:\/\/kitefoilwing.com\/\",\"logo\":{\"@type\":\"ImageObject\",\"inLanguage\":\"es\",\"@id\":\"https:\/\/kitefoilwing.com\/#\/schema\/logo\/image\/\",\"url\":\"https:\/\/kitefoilwing.com\/wp-content\/uploads\/2025\/05\/LogoWeb.jpg\",\"contentUrl\":\"https:\/\/kitefoilwing.com\/wp-content\/uploads\/2025\/05\/LogoWeb.jpg\",\"width\":725,\"height\":81,\"caption\":\"KiteFoilWing\"},\"image\":{\"@id\":\"https:\/\/kitefoilwing.com\/#\/schema\/logo\/image\/\"}}]}<\/script>\n<!-- \/ Yoast SEO plugin. -->","yoast_head_json":{"title":"Hyperlink V4 - KiteFoilWing","robots":{"index":"index","follow":"follow","max-snippet":"max-snippet:-1","max-image-preview":"max-image-preview:large","max-video-preview":"max-video-preview:-1"},"canonical":"https:\/\/kitefoilwing.com\/?product=hyperlink-v4","og_locale":"es_ES","og_type":"article","og_title":"Hyperlink V4 - KiteFoilWing","og_description":"La Hyperlink es una aut\u00e9ntica cometa foil multiusos. Puedes configurarla en modo de celda cerrada de 4 l\u00edneas en el agua o convertirla a modo de celda abierta de 5 l\u00edneas para un manejo seguro y vers\u00e1til en la nieve.","og_url":"https:\/\/kitefoilwing.com\/?product=hyperlink-v4","og_site_name":"KiteFoilWing","article_modified_time":"2025-06-03T17:10:43+00:00","og_image":[{"width":600,"height":600,"url":"https:\/\/kitefoilwing.com\/wp-content\/uploads\/2025\/06\/Hyperlink-V4-Snow-Action-28.webp","type":"image\/webp"}],"twitter_card":"summary_large_image","twitter_misc":{"Tiempo de lectura":"2 minutos"},"schema":{"@context":"https:\/\/schema.org","@graph":[{"@type":"WebPage","@id":"https:\/\/kitefoilwing.com\/?product=hyperlink-v4","url":"https:\/\/kitefoilwing.com\/?product=hyperlink-v4","name":"Hyperlink V4 - KiteFoilWing","isPartOf":{"@id":"https:\/\/kitefoilwing.com\/#website"},"primaryImageOfPage":{"@id":"https:\/\/kitefoilwing.com\/?product=hyperlink-v4#primaryimage"},"image":{"@id":"https:\/\/kitefoilwing.com\/?product=hyperlink-v4#primaryimage"},"thumbnailUrl":"https:\/\/kitefoilwing.com\/wp-content\/uploads\/2025\/06\/Hyperlink-V4-Snow-Action-28.webp","datePublished":"2025-06-02T20:57:49+00:00","dateModified":"2025-06-03T17:10:43+00:00","breadcrumb":{"@id":"https:\/\/kitefoilwing.com\/?product=hyperlink-v4#breadcrumb"},"inLanguage":"es","potentialAction":[{"@type":"ReadAction","target":["https:\/\/kitefoilwing.com\/?product=hyperlink-v4"]}]},{"@type":"ImageObject","inLanguage":"es","@id":"https:\/\/kitefoilwing.com\/?product=hyperlink-v4#primaryimage","url":"https:\/\/kitefoilwing.com\/wp-content\/uploads\/2025\/06\/Hyperlink-V4-Snow-Action-28.webp","contentUrl":"https:\/\/kitefoilwing.com\/wp-content\/uploads\/2025\/06\/Hyperlink-V4-Snow-Action-28.webp","width":600,"height":600},{"@type":"BreadcrumbList","@id":"https:\/\/kitefoilwing.com\/?product=hyperlink-v4#breadcrumb","itemListElement":[{"@type":"ListItem","position":1,"name":"Portada","item":"https:\/\/kitefoilwing.com\/"},{"@type":"ListItem","position":2,"name":"Tienda","item":"https:\/\/kitefoilwing.com\/?page_id=6"},{"@type":"ListItem","position":3,"name":"Hyperlink V4"}]},{"@type":"WebSite","@id":"https:\/\/kitefoilwing.com\/#website","url":"https:\/\/kitefoilwing.com\/","name":"KiteFoilWing","description":"venta de kite foil wing","publisher":{"@id":"https:\/\/kitefoilwing.com\/#organization"},"potentialAction":[{"@type":"SearchAction","target":{"@type":"EntryPoint","urlTemplate":"https:\/\/kitefoilwing.com\/?s={search_term_string}"},"query-input":{"@type":"PropertyValueSpecification","valueRequired":true,"valueName":"search_term_string"}}],"inLanguage":"es"},{"@type":"Organization","@id":"https:\/\/kitefoilwing.com\/#organization","name":"KiteFoilWing","url":"https:\/\/kitefoilwing.com\/","logo":{"@type":"ImageObject","inLanguage":"es","@id":"https:\/\/kitefoilwing.com\/#\/schema\/logo\/image\/","url":"https:\/\/kitefoilwing.com\/wp-content\/uploads\/2025\/05\/LogoWeb.jpg","contentUrl":"https:\/\/kitefoilwing.com\/wp-content\/uploads\/2025\/05\/LogoWeb.jpg","width":725,"height":81,"caption":"KiteFoilWing"},"image":{"@id":"https:\/\/kitefoilwing.com\/#\/schema\/logo\/image\/"}}]}},"jetpack_sharing_enabled":true,"_links":{"self":[{"href":"https:\/\/kitefoilwing.com\/index.php?rest_route=\/wp\/v2\/product\/1157","targetHints":{"allow":["GET"]}}],"collection":[{"href":"https:\/\/kitefoilwing.com\/index.php?rest_route=\/wp\/v2\/product"}],"about":[{"href":"https:\/\/kitefoilwing.com\/index.php?rest_route=\/wp\/v2\/types\/product"}],"replies":[{"embeddable":true,"href":"https:\/\/kitefoilwing.com\/index.php?rest_route=%2Fwp%2Fv2%2Fcomments&post=1157"}],"wp:featuredmedia":[{"embeddable":true,"href":"https:\/\/kitefoilwing.com\/index.php?rest_route=\/wp\/v2\/media\/1171"}],"wp:attachment":[{"href":"https:\/\/kitefoilwing.com\/index.php?rest_route=%2Fwp%2Fv2%2Fmedia&parent=1157"}],"wp:term":[{"taxonomy":"product_brand","embeddable":true,"href":"https:\/\/kitefoilwing.com\/index.php?rest_route=%2Fwp%2Fv2%2Fproduct_brand&post=1157"},{"taxonomy":"product_cat","embeddable":true,"href":"https:\/\/kitefoilwing.com\/index.php?rest_route=%2Fwp%2Fv2%2Fproduct_cat&post=1157"},{"taxonomy":"product_tag","embeddable":true,"href":"https:\/\/kitefoilwing.com\/index.php?rest_route=%2Fwp%2Fv2%2Fproduct_tag&post=1157"}],"curies":[{"name":"wp","href":"https:\/\/api.w.org\/{rel}","templated":true}]}}